{"id":12714,"date":"2025-06-20T18:19:49","date_gmt":"2025-06-20T22:19:49","guid":{"rendered":"https:\/\/www.multicasa.com.br\/inicio\/?post_type=product&#038;p=12714"},"modified":"2025-10-31T10:23:14","modified_gmt":"2025-10-31T14:23:14","slug":"cabide-multiuso-para-porta-de-armario-future","status":"publish","type":"product","link":"https:\/\/www.multicasa.com.br\/inicio\/produto\/cabide-multiuso-para-porta-de-armario-future\/","title":{"rendered":"Cabide Multiuso para Porta de Arm\u00e1rio Future"},"content":{"rendered":"<p>Este gancho ou Cabide Multiuso para Porta de Arm\u00e1rio Future vai aperfei\u00e7oar seu espa\u00e7o e deixar sua toalha ou qualquer objeto sempre \u00e0 m\u00e3o. O Cabide Multiuso pode ser usado na cozinha, banheiro, ou qualquer outro ambiente que necessitar de organiza\u00e7\u00e3o. e otimiza\u00e7\u00e3o de espa\u00e7os. Pode ser colocado e retirado facilmente, possibilitando que voc\u00ea o troque de lugar quando quiser. Sem furos e sem sujeira, este gancho \u00e9 uma excelente solu\u00e7\u00e3o para ambientes pequenos. Produzido em a\u00e7o cromado com exclusiva Tecnologia Rust Free, recebe uma camada extra de protetivo aplicado sobre a pe\u00e7a que proporciona cinco vezes mais durabilidade e resist\u00eancia \u00e0 corros\u00e3o.<\/p>\n","protected":false},"excerpt":{"rendered":"<h4 style=\"margin: 0px;padding: 0px 0px 16px;font-family: Lato, sans-serif;font-weight: bold;line-height: 3rem;color: var(--dark-grey3);font-size: 22px;font-style: normal;letter-spacing: normal;text-align: start;text-indent: 0px;text-transform: none\">Informa\u00e7\u00f5es t\u00e9cnicas<\/h4>\n<p><span style=\"margin: 0px;padding: 0px;font-weight: 450;font-size: 14px;line-height: 21px;color: var(--dark-grey2);font-family: Lato, sans-serif;font-style: normal;letter-spacing: normal;text-align: start;text-indent: 0px;text-transform: none\">Produto: Cabide multiuso<br \/>\nMarca: Future<br \/>\nMaterial: A\u00e7o; acabamento cromado<br \/>\nCor: Prata<br \/>\nCaracter\u00edsticas: Possui gancho unit\u00e1rio<br \/>\nItens inclusos: 1 cabide para porta<br \/>\nDimens\u00f5es do produto (A x L x P): 9,5 x 4,5 x 2cm<\/span><\/p>\n","protected":false},"featured_media":12789,"template":"","meta":{"_joinchat":[]},"product_brand":[],"product_cat":[95],"product_tag":[],"class_list":{"0":"post-12714","1":"product","2":"type-product","3":"status-publish","4":"has-post-thumbnail","6":"product_cat-lavanderia","8":"first","9":"outofstock","10":"shipping-taxable","11":"purchasable","12":"product-type-simple"},"_links":{"self":[{"href":"https:\/\/www.multicasa.com.br\/inicio\/wp-json\/wp\/v2\/product\/12714","targetHints":{"allow":["GET"]}}],"collection":[{"href":"https:\/\/www.multicasa.com.br\/inicio\/wp-json\/wp\/v2\/product"}],"about":[{"href":"https:\/\/www.multicasa.com.br\/inicio\/wp-json\/wp\/v2\/types\/product"}],"wp:featuredmedia":[{"embeddable":true,"href":"https:\/\/www.multicasa.com.br\/inicio\/wp-json\/wp\/v2\/media\/12789"}],"wp:attachment":[{"href":"https:\/\/www.multicasa.com.br\/inicio\/wp-json\/wp\/v2\/media?parent=12714"}],"wp:term":[{"taxonomy":"product_brand","embeddable":true,"href":"https:\/\/www.multicasa.com.br\/inicio\/wp-json\/wp\/v2\/product_brand?post=12714"},{"taxonomy":"product_cat","embeddable":true,"href":"https:\/\/www.multicasa.com.br\/inicio\/wp-json\/wp\/v2\/product_cat?post=12714"},{"taxonomy":"product_tag","embeddable":true,"href":"https:\/\/www.multicasa.com.br\/inicio\/wp-json\/wp\/v2\/product_tag?post=12714"}],"curies":[{"name":"wp","href":"https:\/\/api.w.org\/{rel}","templated":true}]}}