{"id":12739,"date":"2025-06-20T18:20:12","date_gmt":"2025-06-20T22:20:12","guid":{"rendered":"https:\/\/www.multicasa.com.br\/inicio\/?post_type=product&#038;p=12739"},"modified":"2026-03-06T13:00:16","modified_gmt":"2026-03-06T17:00:16","slug":"lampada-led-vela-e14-luz-amarela-taschibra-3w-bivolt","status":"publish","type":"product","link":"https:\/\/www.multicasa.com.br\/inicio\/produto\/lampada-led-vela-e14-luz-amarela-taschibra-3w-bivolt\/","title":{"rendered":"L\u00e2mpada Led Vela E14 Luz Amarela Taschibra 3W Bivolt"},"content":{"rendered":"<p>A L\u00e2mpada Led Vela Luz Amarela Taschibra \u00e9 ideal para quartos e salas. Com 3w de pot\u00eancia, bivolt e produzida em policarbonato e alum\u00ednio, emite luz amarela. Seu soquete \u00e9 o E14 e seu fluxo luminoso \u00e9 de 250LM, economiza at\u00e9 85% de energia. Perfeita para substituir l\u00e2mpadas incandescentes e econ\u00f4micas, proporcionando mais efici\u00eancia e durabilidade, sem emiss\u00e3o de raios UV, prejudiciais a pele. Al\u00e9m da l\u00e2mpada contar com 3 anos de garantia, o pacote conta com 1 adaptador de soquete E27.<\/p>\n","protected":false},"excerpt":{"rendered":"<h4 style=\"margin: 0px;padding: 0px 0px 16px;font-family: Lato, sans-serif;font-weight: bold;line-height: 3rem;color: var(--dark-grey3);font-size: 22px;font-style: normal;letter-spacing: normal;text-align: start;text-indent: 0px;text-transform: none\">Informa\u00e7\u00f5es t\u00e9cnicas<\/h4>\n<p><span style=\"margin: 0px;padding: 0px;font-weight: 450;font-size: 14px;line-height: 21px;color: var(--dark-grey2);font-family: Lato, sans-serif;font-style: normal;letter-spacing: normal;text-align: start;text-indent: 0px;text-transform: none\">Produto: L\u00e2mpada<br \/>\nTipo: Led Vela<br \/>\nMarca: Taschibra<br \/>\nModelo: TVL 25<br \/>\nMaterial: Policarbonato<br \/>\nAlum\u00ednio<br \/>\nCor: Branca<br \/>\nCor da Luz: Amarela<br \/>\nPot\u00eancia: 3,1w<br \/>\nTens\u00e3o El\u00e9trica: 100 &#8211; 240v<br \/>\nFrequ\u00eancia: 50\/60hz<br \/>\nTemperatura de cor: 3000K<br \/>\nCaracter\u00edsticas: Soquete E14<br \/>\nFator de Pot\u00eancia 0,4<br \/>\nFluxo Luminoso 250LM<br \/>\nEfici\u00eancia Luminosa 80LM\/W<br \/>\nEquival\u00eancia Fluorescente 7w<br \/>\nEquival\u00eancia Incandescente 25w<br \/>\nVida \u00fatil 15000H<br \/>\nQuantidade de pe\u00e7as: 2<br \/>\nItens Inclusos: 1 L\u00e2mpada<br \/>\n1 adaptador E27<br \/>\nDimens\u00f5es do produto (A X L): 17 x 12cm<br \/>\nGarantia: 3 anos<\/span><\/p>\n","protected":false},"featured_media":12793,"template":"","meta":{"_joinchat":[]},"product_brand":[],"product_cat":[80],"product_tag":[],"class_list":{"0":"post-12739","1":"product","2":"type-product","3":"status-publish","4":"has-post-thumbnail","6":"product_cat-lampadas","8":"first","9":"instock","10":"shipping-taxable","11":"purchasable","12":"product-type-simple"},"_links":{"self":[{"href":"https:\/\/www.multicasa.com.br\/inicio\/wp-json\/wp\/v2\/product\/12739","targetHints":{"allow":["GET"]}}],"collection":[{"href":"https:\/\/www.multicasa.com.br\/inicio\/wp-json\/wp\/v2\/product"}],"about":[{"href":"https:\/\/www.multicasa.com.br\/inicio\/wp-json\/wp\/v2\/types\/product"}],"wp:featuredmedia":[{"embeddable":true,"href":"https:\/\/www.multicasa.com.br\/inicio\/wp-json\/wp\/v2\/media\/12793"}],"wp:attachment":[{"href":"https:\/\/www.multicasa.com.br\/inicio\/wp-json\/wp\/v2\/media?parent=12739"}],"wp:term":[{"taxonomy":"product_brand","embeddable":true,"href":"https:\/\/www.multicasa.com.br\/inicio\/wp-json\/wp\/v2\/product_brand?post=12739"},{"taxonomy":"product_cat","embeddable":true,"href":"https:\/\/www.multicasa.com.br\/inicio\/wp-json\/wp\/v2\/product_cat?post=12739"},{"taxonomy":"product_tag","embeddable":true,"href":"https:\/\/www.multicasa.com.br\/inicio\/wp-json\/wp\/v2\/product_tag?post=12739"}],"curies":[{"name":"wp","href":"https:\/\/api.w.org\/{rel}","templated":true}]}}