{"id":12801,"date":"2025-06-20T18:20:56","date_gmt":"2025-06-20T22:20:56","guid":{"rendered":"https:\/\/www.multicasa.com.br\/inicio\/?post_type=product&#038;p=12801"},"modified":"2026-02-24T10:34:16","modified_gmt":"2026-02-24T14:34:16","slug":"porta-shampoo-em-poliestireno-cristal-arthi-19cm","status":"publish","type":"product","link":"https:\/\/www.multicasa.com.br\/inicio\/produto\/porta-shampoo-em-poliestireno-cristal-arthi-19cm\/","title":{"rendered":"Porta Shampoo em Poliestireno Cristal Arthi 19cm"},"content":{"rendered":"<p>O Porta Shampoo em Poliestireno Arthi \u00e9 excelente para a organiza\u00e7\u00e3o do seu banheiro. Produzido em poliestireno na cor cristal, \u00e9 de f\u00e1cil instala\u00e7\u00e3o pois n\u00e3o precisa furar a parede e \u00e9 neces\u00e1rio somente utilizar as ventosas que acompanham o produto.<\/p>\n","protected":false},"excerpt":{"rendered":"<h4 style=\"margin: 0px;padding: 0px 0px 16px;font-family: Lato, sans-serif;font-weight: bold;line-height: 3rem;color: var(--dark-grey3);font-size: 22px;font-style: normal;letter-spacing: normal;text-align: start;text-indent: 0px;text-transform: none\">Informa\u00e7\u00f5es t\u00e9cnicas<\/h4>\n<p><span style=\"margin: 0px;padding: 0px;font-weight: 450;font-size: 14px;line-height: 21px;color: var(--dark-grey2);font-family: Lato, sans-serif;font-style: normal;letter-spacing: normal;text-align: start;text-indent: 0px;text-transform: none\">Produto: Porta Shampoo<br \/>\nMarca: Arthi<br \/>\nMaterial: Poliestireno<br \/>\nCor: Crsital<br \/>\nCaracter\u00edsticas: F\u00e1cil instala\u00e7\u00e3o, N\u00e3o precisa furar a parede<br \/>\nItens Inclusos: 1 porta shampoo, Ventosas para fixa\u00e7\u00e3o<br \/>\nDimens\u00f5es do Produto (A x L x P): 12,1 x 9,5 x 19cm<br \/>\nPeso: 0,110kg<\/span><\/p>\n","protected":false},"featured_media":12856,"template":"","meta":{"_joinchat":[]},"product_brand":[],"product_cat":[69],"product_tag":[],"class_list":{"0":"post-12801","1":"product","2":"type-product","3":"status-publish","4":"has-post-thumbnail","6":"product_cat-acessorios-para-banheiro","8":"first","9":"outofstock","10":"shipping-taxable","11":"purchasable","12":"product-type-simple"},"_links":{"self":[{"href":"https:\/\/www.multicasa.com.br\/inicio\/wp-json\/wp\/v2\/product\/12801","targetHints":{"allow":["GET"]}}],"collection":[{"href":"https:\/\/www.multicasa.com.br\/inicio\/wp-json\/wp\/v2\/product"}],"about":[{"href":"https:\/\/www.multicasa.com.br\/inicio\/wp-json\/wp\/v2\/types\/product"}],"wp:featuredmedia":[{"embeddable":true,"href":"https:\/\/www.multicasa.com.br\/inicio\/wp-json\/wp\/v2\/media\/12856"}],"wp:attachment":[{"href":"https:\/\/www.multicasa.com.br\/inicio\/wp-json\/wp\/v2\/media?parent=12801"}],"wp:term":[{"taxonomy":"product_brand","embeddable":true,"href":"https:\/\/www.multicasa.com.br\/inicio\/wp-json\/wp\/v2\/product_brand?post=12801"},{"taxonomy":"product_cat","embeddable":true,"href":"https:\/\/www.multicasa.com.br\/inicio\/wp-json\/wp\/v2\/product_cat?post=12801"},{"taxonomy":"product_tag","embeddable":true,"href":"https:\/\/www.multicasa.com.br\/inicio\/wp-json\/wp\/v2\/product_tag?post=12801"}],"curies":[{"name":"wp","href":"https:\/\/api.w.org\/{rel}","templated":true}]}}