{"id":12805,"date":"2025-06-20T18:20:57","date_gmt":"2025-06-20T22:20:57","guid":{"rendered":"https:\/\/www.multicasa.com.br\/inicio\/?post_type=product&#038;p=12805"},"modified":"2026-01-23T15:51:13","modified_gmt":"2026-01-23T19:51:13","slug":"faca-serrilhada-para-churrasco-inox-madeira-tramontina-21cm","status":"publish","type":"product","link":"https:\/\/www.multicasa.com.br\/inicio\/produto\/faca-serrilhada-para-churrasco-inox-madeira-tramontina-21cm\/","title":{"rendered":"Faca Serrilhada para Churrasco Inox\/Madeira Tramontina 21cm"},"content":{"rendered":"<p>A Faca serrilhada para churrasco Tramontina \u00e9 perfeita para quem n\u00e3o dispensa qualidade at\u00e9 em refei\u00e7\u00f5es informais. Com l\u00e2mina de a\u00e7o inox serrilhada, \u00e9 ideal para cortar os mais diversos alimentos. Seu cabo em madeira polywood fixado com rebites \u00e9 super confort\u00e1vel e altamente dur\u00e1vel, permitindo que continue bonito mesmo sendo submetido a altas temperaturas e impactos. Com 5 polegadas e 21cm, \u00e9 leve e f\u00e1cil de higienizar, podendo ser levada ao lava lou\u00e7as.<\/p>\n","protected":false},"excerpt":{"rendered":"<h4 style=\"margin: 0px;padding: 0px 0px 16px;font-family: Lato, sans-serif;font-weight: bold;line-height: 3rem;color: var(--dark-grey3);font-size: 22px;font-style: normal;letter-spacing: normal;text-align: start;text-indent: 0px;text-transform: none\">Informa\u00e7\u00f5es t\u00e9cnicas<\/h4>\n<p><span style=\"margin: 0px;padding: 0px;font-weight: 450;font-size: 14px;line-height: 21px;color: var(--dark-grey2);font-family: Lato, sans-serif;font-style: normal;letter-spacing: normal;text-align: start;text-indent: 0px;text-transform: none\">Produto: Faca<br \/>\nMarca: Tramontina<br \/>\nMaterial: A\u00e7o Inox<br \/>\nMadeira tratada polywood<br \/>\nCor: Prata<br \/>\nCaracter\u00edsticas: 5 polegadas<br \/>\nFio serrilhado<br \/>\nPode ir na m\u00e1quina de lavar lou\u00e7as<br \/>\nItens Inclusos: 1 faca<br \/>\nDimens\u00f5es do produto (A): 21,1cm<\/span><\/p>\n","protected":false},"featured_media":12861,"template":"","meta":{"_joinchat":[]},"product_brand":[],"product_cat":[138],"product_tag":[],"class_list":{"0":"post-12805","1":"product","2":"type-product","3":"status-publish","4":"has-post-thumbnail","6":"product_cat-telefones-e-cia","8":"first","9":"instock","10":"shipping-taxable","11":"purchasable","12":"product-type-simple"},"_links":{"self":[{"href":"https:\/\/www.multicasa.com.br\/inicio\/wp-json\/wp\/v2\/product\/12805","targetHints":{"allow":["GET"]}}],"collection":[{"href":"https:\/\/www.multicasa.com.br\/inicio\/wp-json\/wp\/v2\/product"}],"about":[{"href":"https:\/\/www.multicasa.com.br\/inicio\/wp-json\/wp\/v2\/types\/product"}],"wp:featuredmedia":[{"embeddable":true,"href":"https:\/\/www.multicasa.com.br\/inicio\/wp-json\/wp\/v2\/media\/12861"}],"wp:attachment":[{"href":"https:\/\/www.multicasa.com.br\/inicio\/wp-json\/wp\/v2\/media?parent=12805"}],"wp:term":[{"taxonomy":"product_brand","embeddable":true,"href":"https:\/\/www.multicasa.com.br\/inicio\/wp-json\/wp\/v2\/product_brand?post=12805"},{"taxonomy":"product_cat","embeddable":true,"href":"https:\/\/www.multicasa.com.br\/inicio\/wp-json\/wp\/v2\/product_cat?post=12805"},{"taxonomy":"product_tag","embeddable":true,"href":"https:\/\/www.multicasa.com.br\/inicio\/wp-json\/wp\/v2\/product_tag?post=12805"}],"curies":[{"name":"wp","href":"https:\/\/api.w.org\/{rel}","templated":true}]}}