{"id":13019,"date":"2025-06-20T18:23:37","date_gmt":"2025-06-20T22:23:37","guid":{"rendered":"https:\/\/www.multicasa.com.br\/inicio\/?post_type=product&#038;p=13019"},"modified":"2025-10-31T10:23:45","modified_gmt":"2025-10-31T14:23:45","slug":"cesto-de-roupas-em-plastico-com-tampa-branco-ou-47l","status":"publish","type":"product","link":"https:\/\/www.multicasa.com.br\/inicio\/produto\/cesto-de-roupas-em-plastico-com-tampa-branco-ou-47l\/","title":{"rendered":"Cesto de Roupas em Pl\u00e1stico com Tampa Branco Ou 47L"},"content":{"rendered":"<p>Use o Cesto de Roupas em Pl\u00e1stico da Ou para transportar roupas sujas e lavadas, guardar brinquedos e at\u00e9 mesmo ferramentas de jardinagem. Com design moderno, \u00e9 produzido em polipropileno branco, possui furinhos por toda extens\u00e3o que facilitam o arejamento e tampa para mante ro ambiente visualmente mais organizado. Com grande espa\u00e7o interno e capacidade para 47 litros, sua borda larga auxilia no transporte. Produto recicl\u00e1vel, aderente e livre de bisphenola.<\/p>\n","protected":false},"excerpt":{"rendered":"<h4 style=\"margin: 0px;padding: 0px 0px 16px;font-family: Lato, sans-serif;font-weight: bold;line-height: 3rem;color: var(--dark-grey3);font-size: 22px;font-style: normal;letter-spacing: normal;text-align: start;text-indent: 0px;text-transform: none\">Informa\u00e7\u00f5es t\u00e9cnicas<\/h4>\n<p><span style=\"margin: 0px;padding: 0px;font-weight: 450;font-size: 14px;line-height: 21px;color: var(--dark-grey2);font-family: Lato, sans-serif;font-style: normal;letter-spacing: normal;text-align: start;text-indent: 0px;text-transform: none\">Produto: Cesto de Roupas com Tampa<br \/>\nMarca: Ou<br \/>\nMaterial: Polipropileno<br \/>\nCor: Branco<br \/>\nCapacidade: 47L<br \/>\nItens Inclusos: 1 Cesto de Roupas<br \/>\nDimens\u00f5es do produto (A x L x P): 55 x 41 x 31cm<\/span><\/p>\n","protected":false},"featured_media":13077,"template":"","meta":{"_joinchat":[]},"product_brand":[],"product_cat":[69],"product_tag":[],"class_list":{"0":"post-13019","1":"product","2":"type-product","3":"status-publish","4":"has-post-thumbnail","6":"product_cat-acessorios-para-banheiro","8":"first","9":"outofstock","10":"shipping-taxable","11":"purchasable","12":"product-type-simple"},"_links":{"self":[{"href":"https:\/\/www.multicasa.com.br\/inicio\/wp-json\/wp\/v2\/product\/13019","targetHints":{"allow":["GET"]}}],"collection":[{"href":"https:\/\/www.multicasa.com.br\/inicio\/wp-json\/wp\/v2\/product"}],"about":[{"href":"https:\/\/www.multicasa.com.br\/inicio\/wp-json\/wp\/v2\/types\/product"}],"wp:featuredmedia":[{"embeddable":true,"href":"https:\/\/www.multicasa.com.br\/inicio\/wp-json\/wp\/v2\/media\/13077"}],"wp:attachment":[{"href":"https:\/\/www.multicasa.com.br\/inicio\/wp-json\/wp\/v2\/media?parent=13019"}],"wp:term":[{"taxonomy":"product_brand","embeddable":true,"href":"https:\/\/www.multicasa.com.br\/inicio\/wp-json\/wp\/v2\/product_brand?post=13019"},{"taxonomy":"product_cat","embeddable":true,"href":"https:\/\/www.multicasa.com.br\/inicio\/wp-json\/wp\/v2\/product_cat?post=13019"},{"taxonomy":"product_tag","embeddable":true,"href":"https:\/\/www.multicasa.com.br\/inicio\/wp-json\/wp\/v2\/product_tag?post=13019"}],"curies":[{"name":"wp","href":"https:\/\/api.w.org\/{rel}","templated":true}]}}