{"id":13051,"date":"2025-06-20T18:23:59","date_gmt":"2025-06-20T22:23:59","guid":{"rendered":"https:\/\/www.multicasa.com.br\/inicio\/?post_type=product&#038;p=13051"},"modified":"2025-10-31T10:23:47","modified_gmt":"2025-10-31T14:23:47","slug":"mop-flat-chenile-microfibra-flash-limp","status":"publish","type":"product","link":"https:\/\/www.multicasa.com.br\/inicio\/produto\/mop-flat-chenile-microfibra-flash-limp\/","title":{"rendered":"Mop Flat Chenile Microfibra Flash Limp"},"content":{"rendered":"<p>O Mop Flat Chenile Microfibra da Flash Limp \u00e9 pr\u00e1tico, dur\u00e1vel e eficiente. Possui cabo telesc\u00f3pico em a\u00e7o inox que ajusta-se para melhor desempenho entre 71,5 a 120cm. Substitui a vassoura, o rodo e o pano de ch\u00e3o. Tem grande poder de absor\u00e7\u00e3oe pode ser usado em pisos frios, sint\u00e9ticos ou amadeirados. Sua base fex\u00edvel permite alcan\u00e7ar \u00e1reas de dif\u00edcil acesso.<\/p>\n","protected":false},"excerpt":{"rendered":"<h4 style=\"margin: 0px;padding: 0px 0px 16px;font-family: Lato, sans-serif;font-weight: bold;line-height: 3rem;color: var(--dark-grey3);font-size: 22px;font-style: normal;letter-spacing: normal;text-align: start;text-indent: 0px;text-transform: none\">Informa\u00e7\u00f5es t\u00e9cnicas<\/h4>\n<p><span style=\"margin: 0px;padding: 0px;font-weight: 450;font-size: 14px;line-height: 21px;color: var(--dark-grey2);font-family: Lato, sans-serif;font-style: normal;letter-spacing: normal;text-align: start;text-indent: 0px;text-transform: none\">Produto: Mop                                                                                                                                                                    Tipo: Flat Chenile<br \/>\nMarca: Flash Limp                                                                                                                                                              Material: Cabo a\u00e7o inox e refil em microfibra                                                                                                                       Cor: Verde                                                                                                                                                                        Uso indicado: pisos frios, sint\u00e9ticos ou amadeirados                                                                                                             Caracter\u00edsticas : substitui a vassoura, o rodo e o pano de ch\u00e3o                                                                                             Itens Inclusos: 1 mop flat                                                                                                                                                   Dimens\u00f5es do produto (A x L x C): 14,5 x 44 x 89cm                                                                                                           Peso: 365g<\/span><\/p>\n","protected":false},"featured_media":13100,"template":"","meta":{"_joinchat":[]},"product_brand":[],"product_cat":[96],"product_tag":[],"class_list":{"0":"post-13051","1":"product","2":"type-product","3":"status-publish","4":"has-post-thumbnail","6":"product_cat-limpeza-e-cia","8":"first","9":"outofstock","10":"shipping-taxable","11":"purchasable","12":"product-type-simple"},"_links":{"self":[{"href":"https:\/\/www.multicasa.com.br\/inicio\/wp-json\/wp\/v2\/product\/13051","targetHints":{"allow":["GET"]}}],"collection":[{"href":"https:\/\/www.multicasa.com.br\/inicio\/wp-json\/wp\/v2\/product"}],"about":[{"href":"https:\/\/www.multicasa.com.br\/inicio\/wp-json\/wp\/v2\/types\/product"}],"wp:featuredmedia":[{"embeddable":true,"href":"https:\/\/www.multicasa.com.br\/inicio\/wp-json\/wp\/v2\/media\/13100"}],"wp:attachment":[{"href":"https:\/\/www.multicasa.com.br\/inicio\/wp-json\/wp\/v2\/media?parent=13051"}],"wp:term":[{"taxonomy":"product_brand","embeddable":true,"href":"https:\/\/www.multicasa.com.br\/inicio\/wp-json\/wp\/v2\/product_brand?post=13051"},{"taxonomy":"product_cat","embeddable":true,"href":"https:\/\/www.multicasa.com.br\/inicio\/wp-json\/wp\/v2\/product_cat?post=13051"},{"taxonomy":"product_tag","embeddable":true,"href":"https:\/\/www.multicasa.com.br\/inicio\/wp-json\/wp\/v2\/product_tag?post=13051"}],"curies":[{"name":"wp","href":"https:\/\/api.w.org\/{rel}","templated":true}]}}