{"id":13053,"date":"2025-06-20T18:23:59","date_gmt":"2025-06-20T22:23:59","guid":{"rendered":"https:\/\/www.multicasa.com.br\/inicio\/?post_type=product&#038;p=13053"},"modified":"2025-10-31T10:27:08","modified_gmt":"2025-10-31T14:27:08","slug":"massageador-e-redutor-de-medidas-orbit-massage-relaxmedic-127v","status":"publish","type":"product","link":"https:\/\/www.multicasa.com.br\/inicio\/produto\/massageador-e-redutor-de-medidas-orbit-massage-relaxmedic-127v\/","title":{"rendered":"Massageador e Redutor de Medidas Orbit Massage RelaxMedic 127V"},"content":{"rendered":"<p>O Massageador e Redutor de Medidas Orbit Massage RelaxMedic vai te ajudar com o al\u00edvio do estresse, dores musculares, relaxamento corporal e tonifica\u00e7\u00e3o muscular. Possui um poderoso motor el\u00e9trico de alta rota\u00e7\u00e3o que gira 2.500 vezes por minuto enquanto o sistema orbital gira 360\u00b0 e aumenta o poder da massagem localizada, com vibra\u00e7\u00f5es vigorosas e cont\u00ednuas. Pode ser usado em qualquer parte do corpo, \u00e9 f\u00e1cil de usar com qualquer uma das m\u00e3os, o que facilita a automassagem.<br \/>\nO Orbit Massage cont\u00e9m 4 discos inclusos, s\u00e3o eles: liso, de esferas, ondulado e lixa. Ideal para te ajudar na redu\u00e7\u00e3o de medidas, um \u00f3timo tonificador muscular e massageador.<\/p>\n","protected":false},"excerpt":{"rendered":"<h4 style=\"margin: 0px;padding: 0px 0px 16px;font-family: Lato, sans-serif;font-weight: bold;line-height: 3rem;color: var(--dark-grey3);font-size: 22px;font-style: normal;letter-spacing: normal;text-align: start;text-indent: 0px;text-transform: none\">Informa\u00e7\u00f5es t\u00e9cnicas<\/h4>\n<p><span style=\"margin: 0px;padding: 0px;font-weight: 450;font-size: 14px;line-height: 21px;color: var(--dark-grey2);font-family: Lato, sans-serif;font-style: normal;letter-spacing: normal;text-align: start;text-indent: 0px;text-transform: none\">Produto: Massageador<br \/>\nMarca: Relaxmedic<br \/>\nModelo: P4018A<br \/>\nMaterial: Pl\u00e1stico<br \/>\nCor: Branco e preto<br \/>\nTens\u00e3o el\u00e9trica: 127v<br \/>\nCaracter\u00edsticas: Motor de alta rota\u00e7\u00e3o<br \/>\nSistema orbital de 360\u00b0<br \/>\nQuantidade de pe\u00e7as: 5<br \/>\nItens Inclusos: 1 massageador<br \/>\n1 disco liso<br \/>\n1 disco esferas<br \/>\n1 disco ondulado<br \/>\n1 disco lixa<br \/>\nDimens\u00f5es do produto (A X L X P): 11,6 x 22 x 16cm<br \/>\n<\/span><\/p>\n","protected":false},"featured_media":13128,"template":"","meta":{"_joinchat":[]},"product_brand":[],"product_cat":[101],"product_tag":[],"class_list":{"0":"post-13053","1":"product","2":"type-product","3":"status-publish","4":"has-post-thumbnail","6":"product_cat-cuidados-pessoais","8":"first","9":"outofstock","10":"shipping-taxable","11":"purchasable","12":"product-type-simple"},"_links":{"self":[{"href":"https:\/\/www.multicasa.com.br\/inicio\/wp-json\/wp\/v2\/product\/13053","targetHints":{"allow":["GET"]}}],"collection":[{"href":"https:\/\/www.multicasa.com.br\/inicio\/wp-json\/wp\/v2\/product"}],"about":[{"href":"https:\/\/www.multicasa.com.br\/inicio\/wp-json\/wp\/v2\/types\/product"}],"wp:featuredmedia":[{"embeddable":true,"href":"https:\/\/www.multicasa.com.br\/inicio\/wp-json\/wp\/v2\/media\/13128"}],"wp:attachment":[{"href":"https:\/\/www.multicasa.com.br\/inicio\/wp-json\/wp\/v2\/media?parent=13053"}],"wp:term":[{"taxonomy":"product_brand","embeddable":true,"href":"https:\/\/www.multicasa.com.br\/inicio\/wp-json\/wp\/v2\/product_brand?post=13053"},{"taxonomy":"product_cat","embeddable":true,"href":"https:\/\/www.multicasa.com.br\/inicio\/wp-json\/wp\/v2\/product_cat?post=13053"},{"taxonomy":"product_tag","embeddable":true,"href":"https:\/\/www.multicasa.com.br\/inicio\/wp-json\/wp\/v2\/product_tag?post=13053"}],"curies":[{"name":"wp","href":"https:\/\/api.w.org\/{rel}","templated":true}]}}