{"id":13223,"date":"2025-06-20T18:26:08","date_gmt":"2025-06-20T22:26:08","guid":{"rendered":"https:\/\/www.multicasa.com.br\/inicio\/?post_type=product&#038;p=13223"},"modified":"2026-01-13T12:30:11","modified_gmt":"2026-01-13T16:30:11","slug":"suporte-de-celular-automotivo-com-carregador-usb-exbom","status":"publish","type":"product","link":"https:\/\/www.multicasa.com.br\/inicio\/produto\/suporte-de-celular-automotivo-com-carregador-usb-exbom\/","title":{"rendered":"Suporte de Celular Automotivo com Carregador USB Exbom"},"content":{"rendered":"<p>O Suporte de Celular Automotivo com Carregador USB Exbom \u00e9 ideal para smartphone, gps e iphone, possui f\u00e1cil manuseio e ajuste em diversas posi\u00e7\u00f5es e \u00e2ngulos, inclusive ao dirigir. O suporte veicular possui um moderno sistema de fixa\u00e7\u00e3o por ventosa e ainda conta com uma haste met\u00e1lica flex\u00edvel. A presilha com apliques em silicone garante a fixa\u00e7\u00e3o do dispositivo sem arranh\u00f5es e amassados.<\/p>\n","protected":false},"excerpt":{"rendered":"<h4 style=\"margin: 0px;padding: 0px 0px 16px;font-family: Lato, sans-serif;font-weight: bold;line-height: 3rem;color: var(--dark-grey3);font-size: 22px;font-style: normal;letter-spacing: normal;text-align: start;text-indent: 0px;text-transform: none\">Informa\u00e7\u00f5es t\u00e9cnicas<\/h4>\n<p><span style=\"margin: 0px;padding: 0px;font-weight: 450;font-size: 14px;line-height: 21px;color: var(--dark-grey2);font-family: Lato, sans-serif;font-style: normal;letter-spacing: normal;text-align: start;text-indent: 0px;text-transform: none\">Produto: Suporte de Celular<br \/>\nMarca: Exbom<br \/>\nModelo: SP-T20<br \/>\nMaterial: Metal<br \/>\nSilicone<br \/>\nPl\u00e1stico<br \/>\nCor: Preto<br \/>\nCaracter\u00edsticas: Possui haste flex\u00edvel<br \/>\nFixa\u00e7\u00e3o por ventosa<br \/>\nItens Inclusos: 1 suporte de celular<br \/>\nDimens\u00f5es do produto (A X L X P): 12 x 11,5 x 8cm<\/span><\/p>\n","protected":false},"featured_media":13307,"template":"","meta":{"_joinchat":[]},"product_brand":[],"product_cat":[142],"product_tag":[],"class_list":{"0":"post-13223","1":"product","2":"type-product","3":"status-publish","4":"has-post-thumbnail","6":"product_cat-utilidades-para-automoveis","8":"first","9":"outofstock","10":"shipping-taxable","11":"purchasable","12":"product-type-simple"},"_links":{"self":[{"href":"https:\/\/www.multicasa.com.br\/inicio\/wp-json\/wp\/v2\/product\/13223","targetHints":{"allow":["GET"]}}],"collection":[{"href":"https:\/\/www.multicasa.com.br\/inicio\/wp-json\/wp\/v2\/product"}],"about":[{"href":"https:\/\/www.multicasa.com.br\/inicio\/wp-json\/wp\/v2\/types\/product"}],"wp:featuredmedia":[{"embeddable":true,"href":"https:\/\/www.multicasa.com.br\/inicio\/wp-json\/wp\/v2\/media\/13307"}],"wp:attachment":[{"href":"https:\/\/www.multicasa.com.br\/inicio\/wp-json\/wp\/v2\/media?parent=13223"}],"wp:term":[{"taxonomy":"product_brand","embeddable":true,"href":"https:\/\/www.multicasa.com.br\/inicio\/wp-json\/wp\/v2\/product_brand?post=13223"},{"taxonomy":"product_cat","embeddable":true,"href":"https:\/\/www.multicasa.com.br\/inicio\/wp-json\/wp\/v2\/product_cat?post=13223"},{"taxonomy":"product_tag","embeddable":true,"href":"https:\/\/www.multicasa.com.br\/inicio\/wp-json\/wp\/v2\/product_tag?post=13223"}],"curies":[{"name":"wp","href":"https:\/\/api.w.org\/{rel}","templated":true}]}}