{"id":13252,"date":"2025-06-20T18:26:31","date_gmt":"2025-06-20T22:26:31","guid":{"rendered":"https:\/\/www.multicasa.com.br\/inicio\/?post_type=product&#038;p=13252"},"modified":"2025-12-27T06:40:10","modified_gmt":"2025-12-27T10:40:10","slug":"pano-multiuso-toalex-bobina-limppano-50-panos","status":"publish","type":"product","link":"https:\/\/www.multicasa.com.br\/inicio\/produto\/pano-multiuso-toalex-bobina-limppano-50-panos\/","title":{"rendered":"Pano Multiuso Toalex Bobina Limppano 50 Panos"},"content":{"rendered":"<p>O Pano Multiuso Toalex Limppano \u00e9 o seu pano de todos os dias, super absorvente, higi\u00eanico e reutiliz\u00e1vel. Em formato de bobina, conta com 50 panos de aproximadamente 21 x 20cm, que limpam, absorvem, lavam e secam com efici\u00eancia e durabilidade de um pano de verdade. Ideal para grandes ou pequenas limpezas.<\/p>\n","protected":false},"excerpt":{"rendered":"<h4 style=\"margin: 0px;padding: 0px 0px 16px;font-family: Lato, sans-serif;font-weight: bold;line-height: 3rem;color: var(--dark-grey3);font-size: 22px;font-style: normal;letter-spacing: normal;text-align: start;text-indent: 0px;text-transform: none\">Informa\u00e7\u00f5es t\u00e9cnicas<\/h4>\n<p><span style=\"margin: 0px;padding: 0px;font-weight: 450;font-size: 14px;line-height: 21px;color: var(--dark-grey2);font-family: Lato, sans-serif;font-style: normal;letter-spacing: normal;text-align: start;text-indent: 0px;text-transform: none\">Produto: Pano Multiuso<br \/>\nMarca: Limppano<br \/>\nMaterial: 80% viscose e 20% poli\u00e9ster<br \/>\nCor: Branco<br \/>\nCaracter\u00edsticas: Reutiliz\u00e1vel, Super absorvente<br \/>\nItens Inclusos: 50 toalhas<br \/>\nDimens\u00f5es do produto (A X L): 21 x 20cm<\/span><\/p>\n","protected":false},"featured_media":13351,"template":"","meta":{"_joinchat":[]},"product_brand":[],"product_cat":[101],"product_tag":[],"class_list":{"0":"post-13252","1":"product","2":"type-product","3":"status-publish","4":"has-post-thumbnail","6":"product_cat-cuidados-pessoais","8":"first","9":"instock","10":"shipping-taxable","11":"purchasable","12":"product-type-simple"},"_links":{"self":[{"href":"https:\/\/www.multicasa.com.br\/inicio\/wp-json\/wp\/v2\/product\/13252","targetHints":{"allow":["GET"]}}],"collection":[{"href":"https:\/\/www.multicasa.com.br\/inicio\/wp-json\/wp\/v2\/product"}],"about":[{"href":"https:\/\/www.multicasa.com.br\/inicio\/wp-json\/wp\/v2\/types\/product"}],"wp:featuredmedia":[{"embeddable":true,"href":"https:\/\/www.multicasa.com.br\/inicio\/wp-json\/wp\/v2\/media\/13351"}],"wp:attachment":[{"href":"https:\/\/www.multicasa.com.br\/inicio\/wp-json\/wp\/v2\/media?parent=13252"}],"wp:term":[{"taxonomy":"product_brand","embeddable":true,"href":"https:\/\/www.multicasa.com.br\/inicio\/wp-json\/wp\/v2\/product_brand?post=13252"},{"taxonomy":"product_cat","embeddable":true,"href":"https:\/\/www.multicasa.com.br\/inicio\/wp-json\/wp\/v2\/product_cat?post=13252"},{"taxonomy":"product_tag","embeddable":true,"href":"https:\/\/www.multicasa.com.br\/inicio\/wp-json\/wp\/v2\/product_tag?post=13252"}],"curies":[{"name":"wp","href":"https:\/\/api.w.org\/{rel}","templated":true}]}}