{"id":13346,"date":"2025-06-20T18:27:47","date_gmt":"2025-06-20T22:27:47","guid":{"rendered":"https:\/\/www.multicasa.com.br\/inicio\/?post_type=product&#038;p=13346"},"modified":"2025-10-31T10:27:38","modified_gmt":"2025-10-31T14:27:38","slug":"chave-para-mandril-3-8x1-2-vonder","status":"publish","type":"product","link":"https:\/\/www.multicasa.com.br\/inicio\/produto\/chave-para-mandril-3-8x1-2-vonder\/","title":{"rendered":"Chave para Mandril 3\/8&#215;1\/2 Vonder"},"content":{"rendered":"<p>A Chave para Mandril Vonder \u00e9 ideal para ser usada em furadeiras manuais e parafusadeiras a bateria. Com corpo de a\u00e7o e acabamento oxidado preto, posui ponta com di\u00e2metro de 5,5mm, altura de 40mm e mede, no total, 80mm. Indicada para mandril 3\/8?? &#8211; 10mm e 1\/2?? &#8211; 13mm, a chave usinada e temperada garante praticidade a agilidade aos reparos que voc\u00ea precisa fazer.<\/p>\n","protected":false},"excerpt":{"rendered":"<h4 style=\"margin: 0px;padding: 0px 0px 16px;font-family: Lato, sans-serif;font-weight: bold;line-height: 3rem;color: var(--dark-grey3);font-size: 22px;font-style: normal;letter-spacing: normal;text-align: start;text-indent: 0px;text-transform: none\">Informa\u00e7\u00f5es t\u00e9cnicas<\/h4>\n<p><span style=\"margin: 0px;padding: 0px;font-weight: 450;font-size: 14px;line-height: 21px;color: var(--dark-grey2);font-family: Lato, sans-serif;font-style: normal;letter-spacing: normal;text-align: start;text-indent: 0px;text-transform: none\">Produto: Chave para Mandril<br \/>\nMarca: Vonder<br \/>\nMaterial: Corpo de A\u00e7o<br \/>\nAcabamento Oxidado preto<br \/>\nCor: Preto<br \/>\nUso Indicado: Indicada para Mandril de 13mm &#8211; 1\/2 polegadas<br \/>\nIndicada para Mandril de 10mm &#8211; 3\/8<br \/>\nItens Inclusos: 1 Chave para Mandril<br \/>\nDimens\u00f5es do Produto: Di\u00e2metro da Ponta: 5,5mm<br \/>\nAltura do cabo: 40mm<br \/>\nAltura total: 80mm<\/span><\/p>\n","protected":false},"featured_media":13421,"template":"","meta":{"_joinchat":[]},"product_brand":[],"product_cat":[137],"product_tag":[],"class_list":{"0":"post-13346","1":"product","2":"type-product","3":"status-publish","4":"has-post-thumbnail","6":"product_cat-ferramentas-manuais","8":"first","9":"outofstock","10":"shipping-taxable","11":"purchasable","12":"product-type-simple"},"_links":{"self":[{"href":"https:\/\/www.multicasa.com.br\/inicio\/wp-json\/wp\/v2\/product\/13346","targetHints":{"allow":["GET"]}}],"collection":[{"href":"https:\/\/www.multicasa.com.br\/inicio\/wp-json\/wp\/v2\/product"}],"about":[{"href":"https:\/\/www.multicasa.com.br\/inicio\/wp-json\/wp\/v2\/types\/product"}],"wp:featuredmedia":[{"embeddable":true,"href":"https:\/\/www.multicasa.com.br\/inicio\/wp-json\/wp\/v2\/media\/13421"}],"wp:attachment":[{"href":"https:\/\/www.multicasa.com.br\/inicio\/wp-json\/wp\/v2\/media?parent=13346"}],"wp:term":[{"taxonomy":"product_brand","embeddable":true,"href":"https:\/\/www.multicasa.com.br\/inicio\/wp-json\/wp\/v2\/product_brand?post=13346"},{"taxonomy":"product_cat","embeddable":true,"href":"https:\/\/www.multicasa.com.br\/inicio\/wp-json\/wp\/v2\/product_cat?post=13346"},{"taxonomy":"product_tag","embeddable":true,"href":"https:\/\/www.multicasa.com.br\/inicio\/wp-json\/wp\/v2\/product_tag?post=13346"}],"curies":[{"name":"wp","href":"https:\/\/api.w.org\/{rel}","templated":true}]}}