{"id":13401,"date":"2025-06-20T18:28:32","date_gmt":"2025-06-20T22:28:32","guid":{"rendered":"https:\/\/www.multicasa.com.br\/inicio\/?post_type=product&#038;p=13401"},"modified":"2026-03-17T06:51:13","modified_gmt":"2026-03-17T10:51:13","slug":"jogo-de-xadrez-dobravel-de-madeira-uny-home","status":"publish","type":"product","link":"https:\/\/www.multicasa.com.br\/inicio\/produto\/jogo-de-xadrez-dobravel-de-madeira-uny-home\/","title":{"rendered":"Jogo de Xadrez Dobr\u00e1vel de Madeira Uny Home"},"content":{"rendered":"<p>Com o Jogo de Xadrez Dobr\u00e1vel de Madeira Uny Home, jogue uma super partida com muita praticidade e comodidade. Feito em madeira, possui 32 pe\u00e7as nas cores marrom e marfim, \u00e9 dobr\u00e1vel. Para dois jogadores.<\/p>\n","protected":false},"excerpt":{"rendered":"<h4 style=\"margin: 0px;padding: 0px 0px 16px;font-family: Lato, sans-serif;font-weight: bold;line-height: 3rem;color: var(--dark-grey3);font-size: 22px;font-style: normal;letter-spacing: normal;text-align: start;text-indent: 0px;text-transform: none\">Informa\u00e7\u00f5es t\u00e9cnicas<\/h4>\n<p><span style=\"margin: 0px;padding: 0px;font-weight: 450;font-size: 14px;line-height: 21px;color: var(--dark-grey2);font-family: Lato, sans-serif;font-style: normal;letter-spacing: normal;text-align: start;text-indent: 0px;text-transform: none\">Produto: Jogo de Xadrez<br \/>\nMarca: Uny Home<br \/>\nMaterial: Madeira<br \/>\nCor: Marrom e marfim<br \/>\nCaracter\u00edsticas: Dobr\u00e1vel<br \/>\nPe\u00e7as possuem tamanhos intermedi\u00e1rios<br \/>\nItens inclusos: 32 pe\u00e7as de xadrez<br \/>\nDimens\u00f5es do produto (A X L X P): Aberto &#8211; 2 x 29,5 x 29,5cm<br \/>\nFechado &#8211; 4 x 29,5 x 14,7cm<br \/>\n<\/span><\/p>\n","protected":false},"featured_media":13479,"template":"","meta":{"_joinchat":[]},"product_brand":[],"product_cat":[136],"product_tag":[],"class_list":{"0":"post-13401","1":"product","2":"type-product","3":"status-publish","4":"has-post-thumbnail","6":"product_cat-lazer","8":"first","9":"instock","10":"shipping-taxable","11":"purchasable","12":"product-type-simple"},"_links":{"self":[{"href":"https:\/\/www.multicasa.com.br\/inicio\/wp-json\/wp\/v2\/product\/13401","targetHints":{"allow":["GET"]}}],"collection":[{"href":"https:\/\/www.multicasa.com.br\/inicio\/wp-json\/wp\/v2\/product"}],"about":[{"href":"https:\/\/www.multicasa.com.br\/inicio\/wp-json\/wp\/v2\/types\/product"}],"wp:featuredmedia":[{"embeddable":true,"href":"https:\/\/www.multicasa.com.br\/inicio\/wp-json\/wp\/v2\/media\/13479"}],"wp:attachment":[{"href":"https:\/\/www.multicasa.com.br\/inicio\/wp-json\/wp\/v2\/media?parent=13401"}],"wp:term":[{"taxonomy":"product_brand","embeddable":true,"href":"https:\/\/www.multicasa.com.br\/inicio\/wp-json\/wp\/v2\/product_brand?post=13401"},{"taxonomy":"product_cat","embeddable":true,"href":"https:\/\/www.multicasa.com.br\/inicio\/wp-json\/wp\/v2\/product_cat?post=13401"},{"taxonomy":"product_tag","embeddable":true,"href":"https:\/\/www.multicasa.com.br\/inicio\/wp-json\/wp\/v2\/product_tag?post=13401"}],"curies":[{"name":"wp","href":"https:\/\/api.w.org\/{rel}","templated":true}]}}