{"id":13434,"date":"2025-06-20T18:28:55","date_gmt":"2025-06-20T22:28:55","guid":{"rendered":"https:\/\/www.multicasa.com.br\/inicio\/?post_type=product&#038;p=13434"},"modified":"2026-01-06T17:00:19","modified_gmt":"2026-01-06T21:00:19","slug":"refil-mop-giratorio-fit-flashlimp","status":"publish","type":"product","link":"https:\/\/www.multicasa.com.br\/inicio\/produto\/refil-mop-giratorio-fit-flashlimp\/","title":{"rendered":"Refil Mop Girat\u00f3rio Fit Flashlimp"},"content":{"rendered":"<p>O Refil Mop Girat\u00f3rio Fit Flashlimp \u00e9 ideal para limpezas r\u00e1pidas em todos os ambientes da casa. Produzido em microfibra na cor branca, \u00e9 ideal para pisos frios, sint\u00e9ticos e de madeira. Com sistema de troca r\u00e1pida e f\u00e1cil, reduz esfor\u00e7o na hora da limpeza sem soltar fios.<\/p>\n","protected":false},"excerpt":{"rendered":"<h4 style=\"margin: 0px;padding: 0px 0px 16px;font-family: Lato, sans-serif;font-weight: bold;line-height: 3rem;color: var(--dark-grey3);font-size: 22px;font-style: normal;letter-spacing: normal;text-align: start;text-indent: 0px;text-transform: none\">Informa\u00e7\u00f5es t\u00e9cnicas<\/h4>\n<p><span style=\"margin: 0px;padding: 0px;font-weight: 450;font-size: 14px;line-height: 21px;color: var(--dark-grey2);font-family: Lato, sans-serif;font-style: normal;letter-spacing: normal;text-align: start;text-indent: 0px;text-transform: none\">Produto: Refil mop<br \/>\nMarca: Flashlimp<br \/>\nMaterial: Microfibra<br \/>\nCor: Branco<br \/>\nCaracter\u00edsticas: Pode ser lavado em m\u00e1quina de lavar<br \/>\nItens Inclusos: 1 refil de mop<br \/>\nDimens\u00f5es do produto (A x L x P): Dobrado 4 x 14,5 x 14,5cm<br \/>\nAberto 3 x 35 x 35cm<\/span><\/p>\n","protected":false},"featured_media":13524,"template":"","meta":{"_joinchat":[]},"product_brand":[],"product_cat":[96],"product_tag":[],"class_list":{"0":"post-13434","1":"product","2":"type-product","3":"status-publish","4":"has-post-thumbnail","6":"product_cat-limpeza-e-cia","8":"first","9":"instock","10":"shipping-taxable","11":"purchasable","12":"product-type-simple"},"_links":{"self":[{"href":"https:\/\/www.multicasa.com.br\/inicio\/wp-json\/wp\/v2\/product\/13434","targetHints":{"allow":["GET"]}}],"collection":[{"href":"https:\/\/www.multicasa.com.br\/inicio\/wp-json\/wp\/v2\/product"}],"about":[{"href":"https:\/\/www.multicasa.com.br\/inicio\/wp-json\/wp\/v2\/types\/product"}],"wp:featuredmedia":[{"embeddable":true,"href":"https:\/\/www.multicasa.com.br\/inicio\/wp-json\/wp\/v2\/media\/13524"}],"wp:attachment":[{"href":"https:\/\/www.multicasa.com.br\/inicio\/wp-json\/wp\/v2\/media?parent=13434"}],"wp:term":[{"taxonomy":"product_brand","embeddable":true,"href":"https:\/\/www.multicasa.com.br\/inicio\/wp-json\/wp\/v2\/product_brand?post=13434"},{"taxonomy":"product_cat","embeddable":true,"href":"https:\/\/www.multicasa.com.br\/inicio\/wp-json\/wp\/v2\/product_cat?post=13434"},{"taxonomy":"product_tag","embeddable":true,"href":"https:\/\/www.multicasa.com.br\/inicio\/wp-json\/wp\/v2\/product_tag?post=13434"}],"curies":[{"name":"wp","href":"https:\/\/api.w.org\/{rel}","templated":true}]}}