{"id":13495,"date":"2025-06-20T18:29:43","date_gmt":"2025-06-20T22:29:43","guid":{"rendered":"https:\/\/www.multicasa.com.br\/inicio\/?post_type=product&#038;p=13495"},"modified":"2025-10-31T10:27:59","modified_gmt":"2025-10-31T14:27:59","slug":"cabide-triplo-de-aco-para-camisas-arthi","status":"publish","type":"product","link":"https:\/\/www.multicasa.com.br\/inicio\/produto\/cabide-triplo-de-aco-para-camisas-arthi\/","title":{"rendered":"Cabide Triplo de A\u00e7o para Camisas Arthi"},"content":{"rendered":"<p>O Cabide Triplo de A\u00e7o para Camisas da Arthi \u00e9 ideal para que voc\u00ea pendure e organize 3 camisas em um \u00fanico utens\u00edlio, poupando espa\u00e7o dentro do arm\u00e1rio com facilidade. Possui design resistente e dur\u00e1vel, pensado para que as pe\u00e7as n\u00e3o amarrotem. Pr\u00e1tico, o uso do cabide para camisas \u00e9 indicado para facilitar a visualiza\u00e7\u00e3o e permitir que encontre suas roupas sem dificuldades.<\/p>\n","protected":false},"excerpt":{"rendered":"<h4 style=\"margin: 0px;padding: 0px 0px 16px;font-family: Lato, sans-serif;font-weight: bold;line-height: 3rem;color: var(--dark-grey3);font-size: 22px;font-style: normal;letter-spacing: normal;text-align: start;text-indent: 0px;text-transform: none\">Informa\u00e7\u00f5es t\u00e9cnicas<\/h4>\n<p><span style=\"margin: 0px;padding: 0px;font-weight: 450;font-size: 14px;line-height: 21px;color: var(--dark-grey2);font-family: Lato, sans-serif;font-style: normal;letter-spacing: normal;text-align: start;text-indent: 0px;text-transform: none\">Produto: Cabide para Camisas<br \/>\nMarca: Arthi<br \/>\nMaterial: A\u00e7o<br \/>\nCor: prata<br \/>\nCaracter\u00edsticas: Possui 3 suportes<br \/>\nItens Inclusos: 1 Cabide para camisas<br \/>\nDimens\u00f5es do produto (A x L x P): 31,5 x 38,2 x 0,9cm<\/span><\/p>\n","protected":false},"featured_media":24745,"template":"","meta":{"_joinchat":[]},"product_brand":[],"product_cat":[98],"product_tag":[],"class_list":{"0":"post-13495","1":"product","2":"type-product","3":"status-publish","4":"has-post-thumbnail","6":"product_cat-organizadores","8":"first","9":"outofstock","10":"shipping-taxable","11":"purchasable","12":"product-type-simple"},"_links":{"self":[{"href":"https:\/\/www.multicasa.com.br\/inicio\/wp-json\/wp\/v2\/product\/13495","targetHints":{"allow":["GET"]}}],"collection":[{"href":"https:\/\/www.multicasa.com.br\/inicio\/wp-json\/wp\/v2\/product"}],"about":[{"href":"https:\/\/www.multicasa.com.br\/inicio\/wp-json\/wp\/v2\/types\/product"}],"wp:featuredmedia":[{"embeddable":true,"href":"https:\/\/www.multicasa.com.br\/inicio\/wp-json\/wp\/v2\/media\/24745"}],"wp:attachment":[{"href":"https:\/\/www.multicasa.com.br\/inicio\/wp-json\/wp\/v2\/media?parent=13495"}],"wp:term":[{"taxonomy":"product_brand","embeddable":true,"href":"https:\/\/www.multicasa.com.br\/inicio\/wp-json\/wp\/v2\/product_brand?post=13495"},{"taxonomy":"product_cat","embeddable":true,"href":"https:\/\/www.multicasa.com.br\/inicio\/wp-json\/wp\/v2\/product_cat?post=13495"},{"taxonomy":"product_tag","embeddable":true,"href":"https:\/\/www.multicasa.com.br\/inicio\/wp-json\/wp\/v2\/product_tag?post=13495"}],"curies":[{"name":"wp","href":"https:\/\/api.w.org\/{rel}","templated":true}]}}