{"id":13519,"date":"2025-06-20T18:30:05","date_gmt":"2025-06-20T22:30:05","guid":{"rendered":"https:\/\/www.multicasa.com.br\/inicio\/?post_type=product&#038;p=13519"},"modified":"2025-12-16T18:40:39","modified_gmt":"2025-12-16T22:40:39","slug":"lixeira-de-plastico-para-pia-cinza-ou-25l","status":"publish","type":"product","link":"https:\/\/www.multicasa.com.br\/inicio\/produto\/lixeira-de-plastico-para-pia-cinza-ou-25l\/","title":{"rendered":"Lixeira de Pl\u00e1stico para Pia Cinza OU 2,5L"},"content":{"rendered":"<p>A Lixeira de Pl\u00e1stico para Pia OU \u00e9 excelente para te auxiliar no descarte de res\u00edduos e restos de alimentos presentes em sua lou\u00e7a, mantendo sua pia limpa e organizada.<br \/>\nFabricada em pl\u00e1stico resistebte, possui capacidade para at\u00e9 2,5L e sua cor Cinza traz um toque sofisticado e moderno para sua cozinha.<\/p>\n","protected":false},"excerpt":{"rendered":"<h4 style=\"margin: 0px;padding: 0px 0px 16px;font-family: Lato, sans-serif;font-weight: bold;line-height: 3rem;color: var(--dark-grey3);font-size: 22px;font-style: normal;letter-spacing: normal;text-align: start;text-indent: 0px;text-transform: none\">Informa\u00e7\u00f5es t\u00e9cnicas<\/h4>\n<p><span style=\"margin: 0px;padding: 0px;font-weight: 450;font-size: 14px;line-height: 21px;color: var(--dark-grey2);font-family: Lato, sans-serif;font-style: normal;letter-spacing: normal;text-align: start;text-indent: 0px;text-transform: none\">Produto: Lixeira<br \/>\nMarca: OU<br \/>\nMaterial: Pl\u00e1stico<br \/>\nCor: Branco<br \/>\nCapacidade: 2,5L<br \/>\nCaracter\u00edsticas: Utens\u00edlio compacto com Tampa remov\u00edvel<br \/>\nItens Inclusos: 1 lixeira<br \/>\nDimens\u00f5es do produto (A x L x P): 16,6 x 14,6 x 17<\/span><\/p>\n","protected":false},"featured_media":25467,"template":"","meta":{"_joinchat":[]},"product_brand":[],"product_cat":[99],"product_tag":[],"class_list":{"0":"post-13519","1":"product","2":"type-product","3":"status-publish","4":"has-post-thumbnail","6":"product_cat-lixeiras","8":"first","9":"outofstock","10":"shipping-taxable","11":"purchasable","12":"product-type-simple"},"_links":{"self":[{"href":"https:\/\/www.multicasa.com.br\/inicio\/wp-json\/wp\/v2\/product\/13519","targetHints":{"allow":["GET"]}}],"collection":[{"href":"https:\/\/www.multicasa.com.br\/inicio\/wp-json\/wp\/v2\/product"}],"about":[{"href":"https:\/\/www.multicasa.com.br\/inicio\/wp-json\/wp\/v2\/types\/product"}],"wp:featuredmedia":[{"embeddable":true,"href":"https:\/\/www.multicasa.com.br\/inicio\/wp-json\/wp\/v2\/media\/25467"}],"wp:attachment":[{"href":"https:\/\/www.multicasa.com.br\/inicio\/wp-json\/wp\/v2\/media?parent=13519"}],"wp:term":[{"taxonomy":"product_brand","embeddable":true,"href":"https:\/\/www.multicasa.com.br\/inicio\/wp-json\/wp\/v2\/product_brand?post=13519"},{"taxonomy":"product_cat","embeddable":true,"href":"https:\/\/www.multicasa.com.br\/inicio\/wp-json\/wp\/v2\/product_cat?post=13519"},{"taxonomy":"product_tag","embeddable":true,"href":"https:\/\/www.multicasa.com.br\/inicio\/wp-json\/wp\/v2\/product_tag?post=13519"}],"curies":[{"name":"wp","href":"https:\/\/api.w.org\/{rel}","templated":true}]}}