{"id":13553,"date":"2025-06-20T18:30:33","date_gmt":"2025-06-20T22:30:33","guid":{"rendered":"https:\/\/www.multicasa.com.br\/inicio\/?post_type=product&#038;p=13553"},"modified":"2025-12-16T18:41:01","modified_gmt":"2025-12-16T22:41:01","slug":"adaptador-micro-usb-para-tipo-c-x-cell","status":"publish","type":"product","link":"https:\/\/www.multicasa.com.br\/inicio\/produto\/adaptador-micro-usb-para-tipo-c-x-cell\/","title":{"rendered":"Adaptador Micro Usb para Tipo C X-Cell"},"content":{"rendered":"<p>O adaptador micro usb para tipo C da X-Cell transforma cabos tradicionais micro USB (V8) em cabos USB tipo C, tornando-se compat\u00edvel com qualquer dispositivo com esta entrada. Voc\u00ea pode usar seu cabo adaptador na transfer\u00eancia r\u00e1pida de arquivos (at\u00e9 5gbps de velocidade) e para mant\u00ea-lo carregado. Leve rapidez e efici\u00eancia ao seu dia-a-dia.<\/p>\n","protected":false},"excerpt":{"rendered":"<h4 style=\"margin: 0px;padding: 0px 0px 16px;font-family: Lato, sans-serif;font-weight: bold;line-height: 3rem;color: var(--dark-grey3);font-size: 22px;font-style: normal;letter-spacing: normal;text-align: start;text-indent: 0px;text-transform: none\">Informa\u00e7\u00f5es t\u00e9cnicas<\/h4>\n<p><span style=\"margin: 0px;padding: 0px;font-weight: 450;font-size: 14px;line-height: 21px;color: var(--dark-grey2);font-family: Lato, sans-serif;font-style: normal;letter-spacing: normal;text-align: start;text-indent: 0px;text-transform: none\">Produto: Adaptador<br \/>\nTipo: Micro Usb x Tipo C<br \/>\nMarca: X-Cell<br \/>\nModelo: XC-ADP-03<br \/>\nCor: Dourado<br \/>\nCaracter\u00edsticas: Port\u00e1til, carrega e transfere dados. entrada micro USB, sa\u00edda USB-C<br \/>\nItens inclusos: 1 Adaptador<\/span><\/p>\n","protected":false},"featured_media":13610,"template":"","meta":{"_joinchat":[]},"product_brand":[],"product_cat":[130],"product_tag":[],"class_list":{"0":"post-13553","1":"product","2":"type-product","3":"status-publish","4":"has-post-thumbnail","6":"product_cat-informatica","8":"first","9":"outofstock","10":"shipping-taxable","11":"purchasable","12":"product-type-simple"},"_links":{"self":[{"href":"https:\/\/www.multicasa.com.br\/inicio\/wp-json\/wp\/v2\/product\/13553","targetHints":{"allow":["GET"]}}],"collection":[{"href":"https:\/\/www.multicasa.com.br\/inicio\/wp-json\/wp\/v2\/product"}],"about":[{"href":"https:\/\/www.multicasa.com.br\/inicio\/wp-json\/wp\/v2\/types\/product"}],"wp:featuredmedia":[{"embeddable":true,"href":"https:\/\/www.multicasa.com.br\/inicio\/wp-json\/wp\/v2\/media\/13610"}],"wp:attachment":[{"href":"https:\/\/www.multicasa.com.br\/inicio\/wp-json\/wp\/v2\/media?parent=13553"}],"wp:term":[{"taxonomy":"product_brand","embeddable":true,"href":"https:\/\/www.multicasa.com.br\/inicio\/wp-json\/wp\/v2\/product_brand?post=13553"},{"taxonomy":"product_cat","embeddable":true,"href":"https:\/\/www.multicasa.com.br\/inicio\/wp-json\/wp\/v2\/product_cat?post=13553"},{"taxonomy":"product_tag","embeddable":true,"href":"https:\/\/www.multicasa.com.br\/inicio\/wp-json\/wp\/v2\/product_tag?post=13553"}],"curies":[{"name":"wp","href":"https:\/\/api.w.org\/{rel}","templated":true}]}}