{"id":13593,"date":"2025-06-20T18:31:04","date_gmt":"2025-06-20T22:31:04","guid":{"rendered":"https:\/\/www.multicasa.com.br\/inicio\/?post_type=product&#038;p=13593"},"modified":"2025-10-31T10:28:15","modified_gmt":"2025-10-31T14:28:15","slug":"lampiao-recarregavel-de-led-15w-bivolt-avant","status":"publish","type":"product","link":"https:\/\/www.multicasa.com.br\/inicio\/produto\/lampiao-recarregavel-de-led-15w-bivolt-avant\/","title":{"rendered":"Lampi\u00e3o Recarreg\u00e1vel de Led 1,5W Bivolt Avant"},"content":{"rendered":"<p>O Lampi\u00e3o Recarreg\u00e1vel de Led da Avant \u00e9 uma fonte de luz port\u00e1til para ilumina\u00e7\u00e3o decorativa em ambientes internos. Bivolt, com pot\u00eancia de 1,5W, \u00e9 indicado para diversos tipos de aplica\u00e7\u00e3o como salas, quartos, mesas, etc. Por ser dimeriz\u00e1vel, \u00e9 poss\u00edvel controlar sua intensidade luminosa, proporcionando conforto ao ambiente. \u00c9 ideal para situa\u00e7\u00f5es com falta de energia el\u00e9trica.<\/p>\n","protected":false},"excerpt":{"rendered":"<h4 style=\"margin: 0px;padding: 0px 0px 16px;font-family: Lato, sans-serif;font-weight: bold;line-height: 3rem;color: var(--dark-grey3);font-size: 22px;font-style: normal;letter-spacing: normal;text-align: start;text-indent: 0px;text-transform: none\">Informa\u00e7\u00f5es t\u00e9cnicas<\/h4>\n<p><span style=\"margin: 0px;padding: 0px;font-weight: 450;font-size: 14px;line-height: 21px;color: var(--dark-grey2);font-family: Lato, sans-serif;font-style: normal;letter-spacing: normal;text-align: start;text-indent: 0px;text-transform: none\">Produto: Lampi\u00e3o<br \/>\nMarca: Avant<br \/>\nModelo: Recarreg\u00e1vel<br \/>\nMaterial: Policarbonato<br \/>\nTemperatura de Cor: 3000K<br \/>\nPot\u00eancia: 1,5W<br \/>\nTens\u00e3o el\u00e9trica: Bivolt<br \/>\nCaracter\u00edsticas: LED integrado; Bateria recarreg\u00e1vel interna de 400mAH; Tens\u00e3o: 5VDC (carregamento via Micro USB); Corrente m\u00e1xima de carga: 500mA; Autonomia de 4 horas com dimmer no m\u00e1ximo, e 8 horas com dimmer no m\u00ednimo; \u00cdndice de prote\u00e7\u00e3o: IP20; Fluxo luminoso: 50lm; Fator de pot\u00eancia: 0,50.<br \/>\nItens inclusos: 1 Lampi\u00e3o e 1 cabo micro usb<br \/>\nDimens\u00f5es do produto (A X L X P): 204 x 72mm<br \/>\nPeso: 145g                                                                                                                                                          Garantia: 6 meses<\/span><\/p>\n","protected":false},"featured_media":26578,"template":"","meta":{"_joinchat":[]},"product_brand":[],"product_cat":[79],"product_tag":[],"class_list":{"0":"post-13593","1":"product","2":"type-product","3":"status-publish","4":"has-post-thumbnail","6":"product_cat-iluminacao-decorativa","8":"first","9":"outofstock","10":"shipping-taxable","11":"purchasable","12":"product-type-simple"},"_links":{"self":[{"href":"https:\/\/www.multicasa.com.br\/inicio\/wp-json\/wp\/v2\/product\/13593","targetHints":{"allow":["GET"]}}],"collection":[{"href":"https:\/\/www.multicasa.com.br\/inicio\/wp-json\/wp\/v2\/product"}],"about":[{"href":"https:\/\/www.multicasa.com.br\/inicio\/wp-json\/wp\/v2\/types\/product"}],"wp:featuredmedia":[{"embeddable":true,"href":"https:\/\/www.multicasa.com.br\/inicio\/wp-json\/wp\/v2\/media\/26578"}],"wp:attachment":[{"href":"https:\/\/www.multicasa.com.br\/inicio\/wp-json\/wp\/v2\/media?parent=13593"}],"wp:term":[{"taxonomy":"product_brand","embeddable":true,"href":"https:\/\/www.multicasa.com.br\/inicio\/wp-json\/wp\/v2\/product_brand?post=13593"},{"taxonomy":"product_cat","embeddable":true,"href":"https:\/\/www.multicasa.com.br\/inicio\/wp-json\/wp\/v2\/product_cat?post=13593"},{"taxonomy":"product_tag","embeddable":true,"href":"https:\/\/www.multicasa.com.br\/inicio\/wp-json\/wp\/v2\/product_tag?post=13593"}],"curies":[{"name":"wp","href":"https:\/\/api.w.org\/{rel}","templated":true}]}}