{"id":13684,"date":"2025-06-20T18:32:11","date_gmt":"2025-06-20T22:32:11","guid":{"rendered":"https:\/\/www.multicasa.com.br\/inicio\/?post_type=product&#038;p=13684"},"modified":"2026-02-20T13:30:28","modified_gmt":"2026-02-20T17:30:28","slug":"spray-aromatizador-de-ambiente-limao-siciliano-200ml-amazonia-aromas","status":"publish","type":"product","link":"https:\/\/www.multicasa.com.br\/inicio\/produto\/spray-aromatizador-de-ambiente-limao-siciliano-200ml-amazonia-aromas\/","title":{"rendered":"Spray Aromatizador de Ambiente Lim\u00e3o Siciliano 200ml Amaz\u00f4nia Aromas"},"content":{"rendered":"<p>Use o Spray Aromatizador de Ambiente da Amaz\u00f4nia Aromas com a fragr\u00e2ncia de lim\u00e3o siciliano de 200ml para perfumar sua casa, escrit\u00f3rio ou c\u00f4modo. Seu cheiro leve e delicado transmite a sensa\u00e7\u00e3o de bem-estar e limpeza em ambientes externos ou internos. Use para perfumar o seu ambiente ap\u00f3s a limpeza e para manter o aroma por mais tempo. Utilize-o como Home Spray.<\/p>\n","protected":false},"excerpt":{"rendered":"<h4 style=\"margin: 0px;padding: 0px 0px 16px;font-family: Lato, sans-serif;font-weight: bold;line-height: 3rem;color: var(--dark-grey3);font-size: 22px;font-style: normal;letter-spacing: normal;text-align: start;text-indent: 0px;text-transform: none\">Informa\u00e7\u00f5es t\u00e9cnicas<\/h4>\n<p><span style=\"margin: 0px;padding: 0px;font-weight: 450;font-size: 14px;line-height: 21px;color: var(--dark-grey2);font-family: Lato, sans-serif;font-style: normal;letter-spacing: normal;text-align: start;text-indent: 0px;text-transform: none\">Produto: Spray Aromatizador de Ambiente<br \/>\nMarca: Amaz\u00f4nia Aromas<br \/>\nConte\u00fado: 200ml<br \/>\nCaracter\u00edsticas: Fragr\u00e2ncia Lim\u00e3o Siciliano<br \/>\nItens Inclusos: 1 Spray Aromatizador de ambiente<br \/>\nDimens\u00f5es do produto (A x L x P): 19 x 5 x 5cm<br \/>\nPeso: 0,21kg<\/span><\/p>\n","protected":false},"featured_media":13739,"template":"","meta":{"_joinchat":[]},"product_brand":[],"product_cat":[96],"product_tag":[],"class_list":{"0":"post-13684","1":"product","2":"type-product","3":"status-publish","4":"has-post-thumbnail","6":"product_cat-limpeza-e-cia","8":"first","9":"outofstock","10":"shipping-taxable","11":"purchasable","12":"product-type-simple"},"_links":{"self":[{"href":"https:\/\/www.multicasa.com.br\/inicio\/wp-json\/wp\/v2\/product\/13684","targetHints":{"allow":["GET"]}}],"collection":[{"href":"https:\/\/www.multicasa.com.br\/inicio\/wp-json\/wp\/v2\/product"}],"about":[{"href":"https:\/\/www.multicasa.com.br\/inicio\/wp-json\/wp\/v2\/types\/product"}],"wp:featuredmedia":[{"embeddable":true,"href":"https:\/\/www.multicasa.com.br\/inicio\/wp-json\/wp\/v2\/media\/13739"}],"wp:attachment":[{"href":"https:\/\/www.multicasa.com.br\/inicio\/wp-json\/wp\/v2\/media?parent=13684"}],"wp:term":[{"taxonomy":"product_brand","embeddable":true,"href":"https:\/\/www.multicasa.com.br\/inicio\/wp-json\/wp\/v2\/product_brand?post=13684"},{"taxonomy":"product_cat","embeddable":true,"href":"https:\/\/www.multicasa.com.br\/inicio\/wp-json\/wp\/v2\/product_cat?post=13684"},{"taxonomy":"product_tag","embeddable":true,"href":"https:\/\/www.multicasa.com.br\/inicio\/wp-json\/wp\/v2\/product_tag?post=13684"}],"curies":[{"name":"wp","href":"https:\/\/api.w.org\/{rel}","templated":true}]}}