{"id":13720,"date":"2025-06-20T18:32:34","date_gmt":"2025-06-20T22:32:34","guid":{"rendered":"https:\/\/www.multicasa.com.br\/inicio\/?post_type=product&#038;p=13720"},"modified":"2026-01-31T09:50:10","modified_gmt":"2026-01-31T13:50:10","slug":"toalheiro-argola-18cm-com-ventosas-future","status":"publish","type":"product","link":"https:\/\/www.multicasa.com.br\/inicio\/produto\/toalheiro-argola-18cm-com-ventosas-future\/","title":{"rendered":"Toalheiro Argola 18cm com Ventosas Future"},"content":{"rendered":"<p>Toalheiro Argola 18 cm Cromado com Fixa\u00e7\u00e3o por Ventosas, com formato de argola para portar a toalha de rosto e deixar seu banheiro mais bonito e organizado. Pode ser utilizado em banheiros e lavabos, seja em ambientes residencias ou corporativos. Com instala\u00e7\u00e3o pr\u00e1tica, r\u00e1pida e sem sujeira, gra\u00e7as ao sistema de fixa\u00e7\u00e3o por ventosas Future. Al\u00e9m do tradicional tratamento superficial da Future &#8211; onde s\u00e3o aplicadas at\u00e9 4 camadas de metal &#8211; os produtos s\u00e3o revestidos com uma camada extra do protetivo especial Rust Free, garantindo cores vivas e brilhantes, al\u00e9m de maior resist\u00eancia contra ferrugem. Instala\u00e7\u00e3o: Correto: superf\u00edcies lisas, brilhantes e totalmente planas como vidros, espelhos, azulejos, cer\u00e2micas n\u00e3o porosas, pinturas lisas e brilhantes (ep\u00f3xi) e laminados. Incorreto: superf\u00edcies curvas e porosas, como papel de parede, couro, cimento, madeira, etc<\/p>\n","protected":false},"excerpt":{"rendered":"<h4 style=\"margin: 0px;padding: 0px 0px 16px;font-family: Lato, sans-serif;font-weight: bold;line-height: 3rem;color: var(--dark-grey3);font-size: 22px;font-style: normal;letter-spacing: normal;text-align: start;text-indent: 0px;text-transform: none\">Informa\u00e7\u00f5es t\u00e9cnicas<\/h4>\n<p><span style=\"margin: 0px;padding: 0px;font-weight: 450;font-size: 14px;line-height: 21px;color: var(--dark-grey2);font-family: Lato, sans-serif;font-style: normal;letter-spacing: normal;text-align: start;text-indent: 0px;text-transform: none\">Produto: Toalheiro Argola<br \/>\nMarca: Future<br \/>\nCor: ? Cromado<br \/>\nItens Inclusos: 1 Toalheiro Argola<br \/>\nMaterial: A\u00e7o Carbono + Pl\u00e1stico + Borracha<br \/>\nMedidas do produto: 25 x 20 x 10cm; 200g<br \/>\n<\/span><\/p>\n","protected":false},"featured_media":26094,"template":"","meta":{"_joinchat":[]},"product_brand":[],"product_cat":[69],"product_tag":[],"class_list":{"0":"post-13720","1":"product","2":"type-product","3":"status-publish","4":"has-post-thumbnail","6":"product_cat-acessorios-para-banheiro","8":"first","9":"outofstock","10":"shipping-taxable","11":"purchasable","12":"product-type-simple"},"_links":{"self":[{"href":"https:\/\/www.multicasa.com.br\/inicio\/wp-json\/wp\/v2\/product\/13720","targetHints":{"allow":["GET"]}}],"collection":[{"href":"https:\/\/www.multicasa.com.br\/inicio\/wp-json\/wp\/v2\/product"}],"about":[{"href":"https:\/\/www.multicasa.com.br\/inicio\/wp-json\/wp\/v2\/types\/product"}],"wp:featuredmedia":[{"embeddable":true,"href":"https:\/\/www.multicasa.com.br\/inicio\/wp-json\/wp\/v2\/media\/26094"}],"wp:attachment":[{"href":"https:\/\/www.multicasa.com.br\/inicio\/wp-json\/wp\/v2\/media?parent=13720"}],"wp:term":[{"taxonomy":"product_brand","embeddable":true,"href":"https:\/\/www.multicasa.com.br\/inicio\/wp-json\/wp\/v2\/product_brand?post=13720"},{"taxonomy":"product_cat","embeddable":true,"href":"https:\/\/www.multicasa.com.br\/inicio\/wp-json\/wp\/v2\/product_cat?post=13720"},{"taxonomy":"product_tag","embeddable":true,"href":"https:\/\/www.multicasa.com.br\/inicio\/wp-json\/wp\/v2\/product_tag?post=13720"}],"curies":[{"name":"wp","href":"https:\/\/api.w.org\/{rel}","templated":true}]}}