{"id":13721,"date":"2025-06-20T18:32:34","date_gmt":"2025-06-20T22:32:34","guid":{"rendered":"https:\/\/www.multicasa.com.br\/inicio\/?post_type=product&#038;p=13721"},"modified":"2026-03-24T16:20:15","modified_gmt":"2026-03-24T20:20:15","slug":"suporte-para-papel-higienico-com-ventosas-future","status":"publish","type":"product","link":"https:\/\/www.multicasa.com.br\/inicio\/produto\/suporte-para-papel-higienico-com-ventosas-future\/","title":{"rendered":"Suporte para Papel Higi\u00eanico com Ventosas Future"},"content":{"rendered":"<p>Suporte para Papel Higi\u00eanico com Ventosas. Pr\u00e1tico para manter a organiza\u00e7\u00e3o do ambiente, \u00e9 feito em a\u00e7o carbono com acabamento e cor cromado. As Ventosas do Suporte para Papel Higi\u00eanico facilitam na hora de mudar de lugar, al\u00e9m de evitar que haja furos na parede. Al\u00e9m de contar com um tradicional tratamento onde s\u00e3o aplicadas at\u00e9 4 camadas de metal, s\u00e3o revestidos tamb\u00e9m com uma camada extra do protetivo Rust Free, que torna a pe\u00e7a, mas resistente a ferrugens al\u00e9m de deix\u00e1-la com mais brilho e f\u00e1cil de limpar.<\/p>\n","protected":false},"excerpt":{"rendered":"<h4 style=\"margin: 0px;padding: 0px 0px 16px;font-family: Lato, sans-serif;font-weight: bold;line-height: 3rem;color: var(--dark-grey3);font-size: 22px;font-style: normal;letter-spacing: normal;text-align: start;text-indent: 0px;text-transform: none\">Informa\u00e7\u00f5es t\u00e9cnicas<\/h4>\n<p><span style=\"margin: 0px;padding: 0px;font-weight: 450;font-size: 14px;line-height: 21px;color: var(--dark-grey2);font-family: Lato, sans-serif;font-style: normal;letter-spacing: normal;text-align: start;text-indent: 0px;text-transform: none\">Produto: Suporte para Papel Higi\u00eanico com Ventosas<br \/>\nMarca: Future<br \/>\nMaterial: ?A\u00e7o Carbono<br \/>\nCor: Prata<br \/>\nItens Inclusos: 1 Suporte para Papel Higi\u00eanico com Ventosas<br \/>\nDimens\u00f5es do produto: ? ?15 x 13 x 12 cm; 300 g<br \/>\n<\/span><\/p>\n","protected":false},"featured_media":26020,"template":"","meta":{"_joinchat":[]},"product_brand":[],"product_cat":[69],"product_tag":[],"class_list":{"0":"post-13721","1":"product","2":"type-product","3":"status-publish","4":"has-post-thumbnail","6":"product_cat-acessorios-para-banheiro","8":"first","9":"outofstock","10":"shipping-taxable","11":"purchasable","12":"product-type-simple"},"_links":{"self":[{"href":"https:\/\/www.multicasa.com.br\/inicio\/wp-json\/wp\/v2\/product\/13721","targetHints":{"allow":["GET"]}}],"collection":[{"href":"https:\/\/www.multicasa.com.br\/inicio\/wp-json\/wp\/v2\/product"}],"about":[{"href":"https:\/\/www.multicasa.com.br\/inicio\/wp-json\/wp\/v2\/types\/product"}],"wp:featuredmedia":[{"embeddable":true,"href":"https:\/\/www.multicasa.com.br\/inicio\/wp-json\/wp\/v2\/media\/26020"}],"wp:attachment":[{"href":"https:\/\/www.multicasa.com.br\/inicio\/wp-json\/wp\/v2\/media?parent=13721"}],"wp:term":[{"taxonomy":"product_brand","embeddable":true,"href":"https:\/\/www.multicasa.com.br\/inicio\/wp-json\/wp\/v2\/product_brand?post=13721"},{"taxonomy":"product_cat","embeddable":true,"href":"https:\/\/www.multicasa.com.br\/inicio\/wp-json\/wp\/v2\/product_cat?post=13721"},{"taxonomy":"product_tag","embeddable":true,"href":"https:\/\/www.multicasa.com.br\/inicio\/wp-json\/wp\/v2\/product_tag?post=13721"}],"curies":[{"name":"wp","href":"https:\/\/api.w.org\/{rel}","templated":true}]}}