{"id":13810,"date":"2025-06-20T18:33:47","date_gmt":"2025-06-20T22:33:47","guid":{"rendered":"https:\/\/www.multicasa.com.br\/inicio\/?post_type=product&#038;p=13810"},"modified":"2025-12-20T09:50:26","modified_gmt":"2025-12-20T13:50:26","slug":"guarda-chuva-manual-mini-reto-preto-proteja-se","status":"publish","type":"product","link":"https:\/\/www.multicasa.com.br\/inicio\/produto\/guarda-chuva-manual-mini-reto-preto-proteja-se\/","title":{"rendered":"Guarda-Chuva Manual Mini Reto Preto Proteja-Se"},"content":{"rendered":"<p>O Guarda-Chuva Manual Mini Reto Preto Proteja-Se. Proteja-se com esse modelo da linha Pop em momentos de emerg\u00eancia e descubra que vale a pena ter um guarda-chuva sempre a m\u00e3o. Arma\u00e7\u00e3o com varetas galvanizadas e acionamento manual. Prote\u00e7\u00e3o individual.<\/p>\n","protected":false},"excerpt":{"rendered":"<h4 style=\"margin: 0px;padding: 0px 0px 16px;font-family: Lato, sans-serif;font-weight: bold;line-height: 3rem;color: var(--dark-grey3);font-size: 22px;font-style: normal;letter-spacing: normal;text-align: start;text-indent: 0px;text-transform: none\">Informa\u00e7\u00f5es t\u00e9cnicas<\/h4>\n<p><span style=\"margin: 0px;padding: 0px;font-weight: 450;font-size: 14px;line-height: 21px;color: var(--dark-grey2);font-family: Lato, sans-serif;font-style: normal;letter-spacing: normal;text-align: start;text-indent: 0px;text-transform: none\">Produto: Guarda-Chuva<br \/>\nMarca: Proteja-Se                                                                                                                                                  Modelo: B\u00e1scio Pop<br \/>\nMaterial: Poli\u00e9ster e a\u00e7o<br \/>\nCor: Preto<br \/>\nCaracter\u00edsticas: Mini, cabo reto, manual, 8 varetas<br \/>\nItens Inclusos: 1 Guarda-Chuva<br \/>\nDimens\u00f5es do produto (A x L x P): 24 x 6 x 5cm                                                                                                          Peso: 199g<br \/>\nGarantia: 90 dias<\/span><\/p>\n","protected":false},"featured_media":13880,"template":"","meta":{"_joinchat":[]},"product_brand":[],"product_cat":[136],"product_tag":[],"class_list":{"0":"post-13810","1":"product","2":"type-product","3":"status-publish","4":"has-post-thumbnail","6":"product_cat-lazer","8":"first","9":"outofstock","10":"shipping-taxable","11":"purchasable","12":"product-type-simple"},"_links":{"self":[{"href":"https:\/\/www.multicasa.com.br\/inicio\/wp-json\/wp\/v2\/product\/13810","targetHints":{"allow":["GET"]}}],"collection":[{"href":"https:\/\/www.multicasa.com.br\/inicio\/wp-json\/wp\/v2\/product"}],"about":[{"href":"https:\/\/www.multicasa.com.br\/inicio\/wp-json\/wp\/v2\/types\/product"}],"wp:featuredmedia":[{"embeddable":true,"href":"https:\/\/www.multicasa.com.br\/inicio\/wp-json\/wp\/v2\/media\/13880"}],"wp:attachment":[{"href":"https:\/\/www.multicasa.com.br\/inicio\/wp-json\/wp\/v2\/media?parent=13810"}],"wp:term":[{"taxonomy":"product_brand","embeddable":true,"href":"https:\/\/www.multicasa.com.br\/inicio\/wp-json\/wp\/v2\/product_brand?post=13810"},{"taxonomy":"product_cat","embeddable":true,"href":"https:\/\/www.multicasa.com.br\/inicio\/wp-json\/wp\/v2\/product_cat?post=13810"},{"taxonomy":"product_tag","embeddable":true,"href":"https:\/\/www.multicasa.com.br\/inicio\/wp-json\/wp\/v2\/product_tag?post=13810"}],"curies":[{"name":"wp","href":"https:\/\/api.w.org\/{rel}","templated":true}]}}