{"id":13811,"date":"2025-06-20T18:33:47","date_gmt":"2025-06-20T22:33:47","guid":{"rendered":"https:\/\/www.multicasa.com.br\/inicio\/?post_type=product&#038;p=13811"},"modified":"2026-04-02T17:30:23","modified_gmt":"2026-04-02T21:30:23","slug":"cabo-lightning-usb-c-para-iphone-cinza-geonav-15m","status":"publish","type":"product","link":"https:\/\/www.multicasa.com.br\/inicio\/produto\/cabo-lightning-usb-c-para-iphone-cinza-geonav-15m\/","title":{"rendered":"Cabo Lightning USB-C para iPhone Cinza Geonav 1,5m"},"content":{"rendered":"<p>Mantenha seu aparelho sempre carregado com o Cabo Lightning USB-C para iPhone da Geonav. Produzido em nylon tran\u00e7ado na cor cinza e base em alum\u00ednio anodizado, seu cabo mede 1,5m de comprimento. Certificado pela Apple com o selo MFi \u00e9 compat\u00edvel com modelos de iPhone, iPad e iPod com conector lightning. Possui prote\u00e7\u00e3o extra no encaixe do cabo com o conector, provando ser mais resistente a riscos e corros\u00e3o.<\/p>\n","protected":false},"excerpt":{"rendered":"<h4 style=\"margin: 0px;padding: 0px 0px 16px;font-family: Lato, sans-serif;font-weight: bold;line-height: 3rem;color: var(--dark-grey3);font-size: 22px;font-style: normal;letter-spacing: normal;text-align: start;text-indent: 0px;text-transform: none\">Informa\u00e7\u00f5es t\u00e9cnicas<\/h4>\n<p><span style=\"margin: 0px;padding: 0px;font-weight: 450;font-size: 14px;line-height: 21px;color: var(--dark-grey2);font-family: Lato, sans-serif;font-style: normal;letter-spacing: normal;text-align: start;text-indent: 0px;text-transform: none\">Produto: Cabo USB<br \/>\nTipo: Lightning<br \/>\nMarca: Geonav<br \/>\nMaterial: Nylon tran\u00e7ado; Alum\u00ednio anodizado<br \/>\nCor: Cinza<br \/>\nVers\u00f5es compat\u00edveis: Carregamento r\u00e1pido para iPhones a partir do 8<br \/>\nCaracter\u00edsticas: Faz Transfer\u00eancia de dados e carga; Compat\u00edvel com iPhone, iPad e iPod<br \/>\nItens inclusos: 1 Cabo USB<br \/>\nDimens\u00f5es do produto (C): 1,5m<br \/>\nGarantia: 1 ano pelo fornecedor<\/span><\/p>\n","protected":false},"featured_media":24808,"template":"","meta":{"_joinchat":[]},"product_brand":[],"product_cat":[130],"product_tag":[],"class_list":{"0":"post-13811","1":"product","2":"type-product","3":"status-publish","4":"has-post-thumbnail","6":"product_cat-informatica","8":"first","9":"outofstock","10":"shipping-taxable","11":"purchasable","12":"product-type-simple"},"_links":{"self":[{"href":"https:\/\/www.multicasa.com.br\/inicio\/wp-json\/wp\/v2\/product\/13811","targetHints":{"allow":["GET"]}}],"collection":[{"href":"https:\/\/www.multicasa.com.br\/inicio\/wp-json\/wp\/v2\/product"}],"about":[{"href":"https:\/\/www.multicasa.com.br\/inicio\/wp-json\/wp\/v2\/types\/product"}],"wp:featuredmedia":[{"embeddable":true,"href":"https:\/\/www.multicasa.com.br\/inicio\/wp-json\/wp\/v2\/media\/24808"}],"wp:attachment":[{"href":"https:\/\/www.multicasa.com.br\/inicio\/wp-json\/wp\/v2\/media?parent=13811"}],"wp:term":[{"taxonomy":"product_brand","embeddable":true,"href":"https:\/\/www.multicasa.com.br\/inicio\/wp-json\/wp\/v2\/product_brand?post=13811"},{"taxonomy":"product_cat","embeddable":true,"href":"https:\/\/www.multicasa.com.br\/inicio\/wp-json\/wp\/v2\/product_cat?post=13811"},{"taxonomy":"product_tag","embeddable":true,"href":"https:\/\/www.multicasa.com.br\/inicio\/wp-json\/wp\/v2\/product_tag?post=13811"}],"curies":[{"name":"wp","href":"https:\/\/api.w.org\/{rel}","templated":true}]}}