{"id":13841,"date":"2025-06-20T18:34:11","date_gmt":"2025-06-20T22:34:11","guid":{"rendered":"https:\/\/www.multicasa.com.br\/inicio\/?post_type=product&#038;p=13841"},"modified":"2026-04-08T16:00:27","modified_gmt":"2026-04-08T20:00:27","slug":"esponja-de-limpeza-automotiva-proauto","status":"publish","type":"product","link":"https:\/\/www.multicasa.com.br\/inicio\/produto\/esponja-de-limpeza-automotiva-proauto\/","title":{"rendered":"Esponja de Limpeza Automotiva Proauto"},"content":{"rendered":"<p>Esponja de Limpeza Automotiva Proauto, especialmente desenvolvida para facilitar no momento da higieniza\u00e7\u00e3o do ve\u00edculo. Possui alta Absor\u00e7\u00e3o, limpando as sujeiras mais dif\u00edceis de retirar, pode tamb\u00e9m ser utilizada para limpar a casa.<br \/>\nTenha praticidade e mantenha a limpeza do seu carro com facilidade!<\/p>\n","protected":false},"excerpt":{"rendered":"<h4 style=\"margin: 0px;padding: 0px 0px 16px;font-family: Lato, sans-serif;font-weight: bold;line-height: 3rem;color: var(--dark-grey3);font-size: 22px;font-style: normal;letter-spacing: normal;text-align: start;text-indent: 0px;text-transform: none\">Informa\u00e7\u00f5es t\u00e9cnicas<\/h4>\n<p><span style=\"margin: 0px;padding: 0px;font-weight: 450;font-size: 14px;line-height: 21px;color: var(--dark-grey2);font-family: Lato, sans-serif;font-style: normal;letter-spacing: normal;text-align: start;text-indent: 0px;text-transform: none\">Produto: Esponja de Limpeza Automotiva<br \/>\nMarca: Proauto<br \/>\nMaterial: Poliuretano<br \/>\nCor: Vermelha<br \/>\nCaracter\u00edsticas: Alta absor\u00e7\u00e3o<br \/>\nPode ser usada no lar<br \/>\nItens Inclusos: 1 Esponja de Limpeza Automotiva<br \/>\nDimens\u00f5es do produto (A X L X P): 92 x 59 x 13,3cm<br \/>\n<\/span><\/p>\n","protected":false},"featured_media":25146,"template":"","meta":{"_joinchat":[]},"product_brand":[],"product_cat":[96],"product_tag":[],"class_list":{"0":"post-13841","1":"product","2":"type-product","3":"status-publish","4":"has-post-thumbnail","6":"product_cat-limpeza-e-cia","8":"first","9":"instock","10":"shipping-taxable","11":"purchasable","12":"product-type-simple"},"_links":{"self":[{"href":"https:\/\/www.multicasa.com.br\/inicio\/wp-json\/wp\/v2\/product\/13841","targetHints":{"allow":["GET"]}}],"collection":[{"href":"https:\/\/www.multicasa.com.br\/inicio\/wp-json\/wp\/v2\/product"}],"about":[{"href":"https:\/\/www.multicasa.com.br\/inicio\/wp-json\/wp\/v2\/types\/product"}],"wp:featuredmedia":[{"embeddable":true,"href":"https:\/\/www.multicasa.com.br\/inicio\/wp-json\/wp\/v2\/media\/25146"}],"wp:attachment":[{"href":"https:\/\/www.multicasa.com.br\/inicio\/wp-json\/wp\/v2\/media?parent=13841"}],"wp:term":[{"taxonomy":"product_brand","embeddable":true,"href":"https:\/\/www.multicasa.com.br\/inicio\/wp-json\/wp\/v2\/product_brand?post=13841"},{"taxonomy":"product_cat","embeddable":true,"href":"https:\/\/www.multicasa.com.br\/inicio\/wp-json\/wp\/v2\/product_cat?post=13841"},{"taxonomy":"product_tag","embeddable":true,"href":"https:\/\/www.multicasa.com.br\/inicio\/wp-json\/wp\/v2\/product_tag?post=13841"}],"curies":[{"name":"wp","href":"https:\/\/api.w.org\/{rel}","templated":true}]}}