{"id":13902,"date":"2025-06-20T18:34:58","date_gmt":"2025-06-20T22:34:58","guid":{"rendered":"https:\/\/www.multicasa.com.br\/inicio\/?post_type=product&#038;p=13902"},"modified":"2025-12-08T15:45:24","modified_gmt":"2025-12-08T19:45:24","slug":"lampada-bolinha-de-led-amarela-taschibra-48w-bivolt","status":"publish","type":"product","link":"https:\/\/www.multicasa.com.br\/inicio\/produto\/lampada-bolinha-de-led-amarela-taschibra-48w-bivolt\/","title":{"rendered":"L\u00e2mpada Bolinha de Led Amarela Taschibra 4,8W Bivolt"},"content":{"rendered":"<p>Com design que mescla o tradicional e o moderno, a l\u00e2mpada bolinha de LED amarela da Taschibra tem visual curvil\u00edneo e foi criada para transmitir sensa\u00e7\u00e3o de tranquilidade nos ambientes. Ideal para usar em lustres, abajures, spots, lumin\u00e1rias e etc. com encaixe de soquete E27 e fluxo luminoso de 400 lumens, a l\u00e2mpada para lumin\u00e1ria \u00e9 bivolt, tem temperatura de cor em 2700k e 4,8w de pot\u00eancia. <\/p>\n","protected":false},"excerpt":{"rendered":"<h4 style=\"margin: 0px;padding: 0px 0px 16px;font-family: Lato, sans-serif;font-weight: bold;line-height: 3rem;color: var(--dark-grey3);font-size: 22px;font-style: normal;letter-spacing: normal;text-align: start;text-indent: 0px;text-transform: none\">Informa\u00e7\u00f5es t\u00e9cnicas<\/h4>\n<p><span style=\"margin: 0px;padding: 0px;font-weight: 450;font-size: 14px;line-height: 21px;color: var(--dark-grey2);font-family: Lato, sans-serif;font-style: normal;letter-spacing: normal;text-align: start;text-indent: 0px;text-transform: none\">Produto: L\u00e2mpada<br \/>\nTipo: Bolinha<br \/>\nMarca: Taschibra<br \/>\nModelo: TBL 40<br \/>\nMaterial: Policarbonato<br \/>\nAlum\u00ednio<br \/>\nCor: Branco<br \/>\nCor da Luz: Branca<br \/>\nPot\u00eancia: 4,8w<br \/>\nTens\u00e3o El\u00e9trica: 100 &#8211; 240v<br \/>\nFrequ\u00eancia: 50\/60HZ<br \/>\nTemperatura de cor: 2700K<br \/>\nCaracter\u00edsticas: Soquete E27<br \/>\nFluxo Luminoso 400LM<br \/>\nEfici\u00eancia Luminosa 83LM\/W<br \/>\nFator de pot\u00eancia 0,4<br \/>\n\u00c2ngulo da abertura 200\u00b0<br \/>\nEquival\u00eancia Fluorescente 12w<br \/>\nEquival\u00eancia Incandescente 40w<br \/>\nVida \u00fatil 15000H<br \/>\nItens Inclusos: 1 L\u00e2mpada<br \/>\nDimens\u00f5es do produto (A X L X P): 14,5 x 12,5cm<br \/>\nGarantia: 3 anos<br \/>\n<\/span><\/p>\n","protected":false},"featured_media":25399,"template":"","meta":{"_joinchat":[]},"product_brand":[],"product_cat":[80],"product_tag":[],"class_list":{"0":"post-13902","1":"product","2":"type-product","3":"status-publish","4":"has-post-thumbnail","6":"product_cat-lampadas","8":"first","9":"instock","10":"shipping-taxable","11":"purchasable","12":"product-type-simple"},"_links":{"self":[{"href":"https:\/\/www.multicasa.com.br\/inicio\/wp-json\/wp\/v2\/product\/13902","targetHints":{"allow":["GET"]}}],"collection":[{"href":"https:\/\/www.multicasa.com.br\/inicio\/wp-json\/wp\/v2\/product"}],"about":[{"href":"https:\/\/www.multicasa.com.br\/inicio\/wp-json\/wp\/v2\/types\/product"}],"wp:featuredmedia":[{"embeddable":true,"href":"https:\/\/www.multicasa.com.br\/inicio\/wp-json\/wp\/v2\/media\/25399"}],"wp:attachment":[{"href":"https:\/\/www.multicasa.com.br\/inicio\/wp-json\/wp\/v2\/media?parent=13902"}],"wp:term":[{"taxonomy":"product_brand","embeddable":true,"href":"https:\/\/www.multicasa.com.br\/inicio\/wp-json\/wp\/v2\/product_brand?post=13902"},{"taxonomy":"product_cat","embeddable":true,"href":"https:\/\/www.multicasa.com.br\/inicio\/wp-json\/wp\/v2\/product_cat?post=13902"},{"taxonomy":"product_tag","embeddable":true,"href":"https:\/\/www.multicasa.com.br\/inicio\/wp-json\/wp\/v2\/product_tag?post=13902"}],"curies":[{"name":"wp","href":"https:\/\/api.w.org\/{rel}","templated":true}]}}