{"id":13988,"date":"2025-06-20T18:36:06","date_gmt":"2025-06-20T22:36:06","guid":{"rendered":"https:\/\/www.multicasa.com.br\/inicio\/?post_type=product&#038;p=13988"},"modified":"2026-04-25T12:30:35","modified_gmt":"2026-04-25T16:30:35","slug":"lava-autos-concentrado-classic-proauto-500ml","status":"publish","type":"product","link":"https:\/\/www.multicasa.com.br\/inicio\/produto\/lava-autos-concentrado-classic-proauto-500ml\/","title":{"rendered":"Lava Autos Concentrado Classic Proauto 500ml"},"content":{"rendered":"<p>O Lava Autos Concentrado Classic Proauto limpa sujeiras mais pesadas como res\u00edduos de polui\u00e7\u00e3o, terra e outros. Com 500ml e alto rendimento, limpa todos os tipos de pintura, criando uma pel\u00edcula protetora que mant\u00e9m o brilho e n\u00e3o danifica. Dilua 500ml do produto em 5L de \u00e1gua, molhe o ve\u00edculo para remover o excesso de sujeira, lave pequenas \u00e1reas de cada vez, come\u00e7ando pelas partes mais altas. Limpe com uma esponja ou pano limpo e macio, enxaguando com \u00e1gua abundante e deixando secar \u00e1 sombra.<\/p>\n","protected":false},"excerpt":{"rendered":"<h4 style=\"margin: 0px;padding: 0px 0px 16px;font-family: Lato, sans-serif;font-weight: bold;line-height: 3rem;color: var(--dark-grey3);font-size: 22px;font-style: normal;letter-spacing: normal;text-align: start;text-indent: 0px;text-transform: none\">Informa\u00e7\u00f5es t\u00e9cnicas<\/h4>\n<p><span style=\"margin: 0px;padding: 0px;font-weight: 450;font-size: 14px;line-height: 21px;color: var(--dark-grey2);font-family: Lato, sans-serif;font-style: normal;letter-spacing: normal;text-align: start;text-indent: 0px;text-transform: none\">Produto: Lava Auto<br \/>\nMarca: Proauto<br \/>\nConte\u00fado: 500ml<br \/>\nCaracter\u00edsticas: N\u00e3o danifica a pintura<br \/>\nConcentrado<br \/>\nAlto Rendimento<br \/>\nLimpeza Profunda<br \/>\nItens inclusos: 1 Lava Auto<br \/>\nDimens\u00f5es do produto (A X L): 24 x 8,5cm<br \/>\n<\/span><\/p>\n","protected":false},"featured_media":14061,"template":"","meta":{"_joinchat":[]},"product_brand":[],"product_cat":[142],"product_tag":[],"class_list":{"0":"post-13988","1":"product","2":"type-product","3":"status-publish","4":"has-post-thumbnail","6":"product_cat-utilidades-para-automoveis","8":"first","9":"outofstock","10":"shipping-taxable","11":"purchasable","12":"product-type-simple"},"_links":{"self":[{"href":"https:\/\/www.multicasa.com.br\/inicio\/wp-json\/wp\/v2\/product\/13988","targetHints":{"allow":["GET"]}}],"collection":[{"href":"https:\/\/www.multicasa.com.br\/inicio\/wp-json\/wp\/v2\/product"}],"about":[{"href":"https:\/\/www.multicasa.com.br\/inicio\/wp-json\/wp\/v2\/types\/product"}],"wp:featuredmedia":[{"embeddable":true,"href":"https:\/\/www.multicasa.com.br\/inicio\/wp-json\/wp\/v2\/media\/14061"}],"wp:attachment":[{"href":"https:\/\/www.multicasa.com.br\/inicio\/wp-json\/wp\/v2\/media?parent=13988"}],"wp:term":[{"taxonomy":"product_brand","embeddable":true,"href":"https:\/\/www.multicasa.com.br\/inicio\/wp-json\/wp\/v2\/product_brand?post=13988"},{"taxonomy":"product_cat","embeddable":true,"href":"https:\/\/www.multicasa.com.br\/inicio\/wp-json\/wp\/v2\/product_cat?post=13988"},{"taxonomy":"product_tag","embeddable":true,"href":"https:\/\/www.multicasa.com.br\/inicio\/wp-json\/wp\/v2\/product_tag?post=13988"}],"curies":[{"name":"wp","href":"https:\/\/api.w.org\/{rel}","templated":true}]}}