{"id":14112,"date":"2025-06-20T18:37:40","date_gmt":"2025-06-20T22:37:40","guid":{"rendered":"https:\/\/www.multicasa.com.br\/inicio\/?post_type=product&#038;p=14112"},"modified":"2025-10-31T10:38:13","modified_gmt":"2025-10-31T14:38:13","slug":"mop-lava-e-seca-fit-com-balde-flashlimp","status":"publish","type":"product","link":"https:\/\/www.multicasa.com.br\/inicio\/produto\/mop-lava-e-seca-fit-com-balde-flashlimp\/","title":{"rendered":"Mop Lava e Seca Fit com Balde FlashLimp"},"content":{"rendered":"<p>O Mop Lava e Seca Fit \u00e9 vers\u00e1til e ideal para te acompanhar em todas as fases da limpeza. Com ele voc\u00ea lava, seca e tira p\u00f3, substituindo o pano, rodo, p\u00e1, balde e vassoura por um \u00fanico produto, com muito mais efici\u00eancia e praticidade. O refil em microfibra adere com facilidade a sujeira e \u00e9 super absorvente. Com formato vertical o balde do Mop Lava e Seca Fit \u00e9 compacto e f\u00e1cil de guardar. Al\u00e9m disso, o sistema de secagem da microfibra, composto por roldanas e projetado no tamanho exato da base, \u00e9 muito mais eficiente. O compartimento de enx\u00e1gue conta com dentes que agarram a sujeira, evitando que ela retorne ao ambiente. Se necess\u00e1rio, a higieniza\u00e7\u00e3o do Mop Lava e Seca pode ser realizada facilmente, pois o sistema de enx\u00e1gue pode ser desencaixado da parte superior do balde. O refil de microfibra pode ser adquirido separadamente. Ideal para limpeza de pisos frios, sint\u00e9ticos, madeira e tamb\u00e9m janelas, vidros e superf\u00edcies lisas.<\/p>\n","protected":false},"excerpt":{"rendered":"<h4 style=\"margin: 0px;padding: 0px 0px 16px;font-family: Lato, sans-serif;font-weight: bold;line-height: 3rem;color: var(--dark-grey3);font-size: 22px;font-style: normal;letter-spacing: normal;text-align: start;text-indent: 0px;text-transform: none\">Informa\u00e7\u00f5es t\u00e9cnicas<\/h4>\n<p><span style=\"margin: 0px;padding: 0px;font-weight: 450;font-size: 14px;line-height: 21px;color: var(--dark-grey2);font-family: Lato, sans-serif;font-style: normal;letter-spacing: normal;text-align: start;text-indent: 0px;text-transform: none\">Produto: Mop Multiuso<br \/>\nTipo: Lava e Seca Fit<br \/>\nMarca: FlashLimp<br \/>\nMaterial: Microfibra, Polipropileno, A\u00e7o Inox, ABS e PVC.<br \/>\nCor: Cinza e Verde<br \/>\nCapacidade: 8 Litros<br \/>\nCaracter\u00edsticas: Vers\u00e1til, lava, seca e tira p\u00f3, eficiente e pr\u00e1tico<br \/>\nQuantidade de pe\u00e7as: 3<br \/>\nItens Inclusos: 1 Balde com al\u00e7a e tampa; 1 Cabo com 4 partes e base; 1 Refil de Microfibra<br \/>\nDimens\u00f5es do produto (A x L x P): 1 balde: 18x21x36,5cm; 1 cabo: 31&#215;12,5x128cm; 1 Refil: 9,5&#215;32,5x1cm                            Peso: 777g<\/span><\/p>\n","protected":false},"featured_media":14210,"template":"","meta":{"_joinchat":[]},"product_brand":[],"product_cat":[96],"product_tag":[],"class_list":{"0":"post-14112","1":"product","2":"type-product","3":"status-publish","4":"has-post-thumbnail","6":"product_cat-limpeza-e-cia","8":"first","9":"outofstock","10":"shipping-taxable","11":"purchasable","12":"product-type-simple"},"_links":{"self":[{"href":"https:\/\/www.multicasa.com.br\/inicio\/wp-json\/wp\/v2\/product\/14112","targetHints":{"allow":["GET"]}}],"collection":[{"href":"https:\/\/www.multicasa.com.br\/inicio\/wp-json\/wp\/v2\/product"}],"about":[{"href":"https:\/\/www.multicasa.com.br\/inicio\/wp-json\/wp\/v2\/types\/product"}],"wp:featuredmedia":[{"embeddable":true,"href":"https:\/\/www.multicasa.com.br\/inicio\/wp-json\/wp\/v2\/media\/14210"}],"wp:attachment":[{"href":"https:\/\/www.multicasa.com.br\/inicio\/wp-json\/wp\/v2\/media?parent=14112"}],"wp:term":[{"taxonomy":"product_brand","embeddable":true,"href":"https:\/\/www.multicasa.com.br\/inicio\/wp-json\/wp\/v2\/product_brand?post=14112"},{"taxonomy":"product_cat","embeddable":true,"href":"https:\/\/www.multicasa.com.br\/inicio\/wp-json\/wp\/v2\/product_cat?post=14112"},{"taxonomy":"product_tag","embeddable":true,"href":"https:\/\/www.multicasa.com.br\/inicio\/wp-json\/wp\/v2\/product_tag?post=14112"}],"curies":[{"name":"wp","href":"https:\/\/api.w.org\/{rel}","templated":true}]}}