{"id":14135,"date":"2025-06-20T18:38:02","date_gmt":"2025-06-20T22:38:02","guid":{"rendered":"https:\/\/www.multicasa.com.br\/inicio\/?post_type=product&#038;p=14135"},"modified":"2025-10-31T10:38:16","modified_gmt":"2025-10-31T14:38:16","slug":"aspirador-de-po-black-decker-aps1200pet-br-1200w-127v","status":"publish","type":"product","link":"https:\/\/www.multicasa.com.br\/inicio\/produto\/aspirador-de-po-black-decker-aps1200pet-br-1200w-127v\/","title":{"rendered":"Aspirador de P\u00f3 Black + Decker APS1200PET-BR 1200W &#8211; 127V"},"content":{"rendered":"<p>O Aspirador de P\u00f3 APS1200Pet da  Black + Decker \u00e9 Leve, pr\u00e1tico, compacto e vers\u00e1til, \u00e9 ideal para limpeza de estofados, interior de autom\u00f3veis, almofadas e cortinas. Seu exclusivo Bocal Turbo Pet permite aspirar pelos de animais de estofados, tapetes e cortinas com muita facilidade! Al\u00e9m disso, conta com bocal para cantos para aspirar frestas e escova para auxiliar na higieniza\u00e7\u00e3o.  Possui tamb\u00e9m um filtro permanente totalmente lav\u00e1vel, trazendo mais praticidade ao seu dia a dia. <\/p>\n","protected":false},"excerpt":{"rendered":"<h4 style=\"margin: 0px;padding: 0px 0px 16px;font-family: Lato, sans-serif;font-weight: bold;line-height: 3rem;color: var(--dark-grey3);font-size: 22px;font-style: normal;letter-spacing: normal;text-align: start;text-indent: 0px;text-transform: none\">Informa\u00e7\u00f5es t\u00e9cnicas<\/h4>\n<p><span style=\"margin: 0px;padding: 0px;font-weight: 450;font-size: 14px;line-height: 21px;color: var(--dark-grey2);font-family: Lato, sans-serif;font-style: normal;letter-spacing: normal;text-align: start;text-indent: 0px;text-transform: none\">Produto: Aspirador de p\u00f3<br \/>\nMarca: Black + Decker<br \/>\nModelo: APS1200Pet<br \/>\nMaterial: Pl\u00e1stico<br \/>\nCor: Cinza<br \/>\nPot\u00eancia: 1200w<br \/>\nTens\u00e3o el\u00e9trica: 127v<br \/>\nReservat\u00f3rio: 800ml<br \/>\nSelo: SGS-OCP-0040<br \/>\nSelo Ru\u00eddo: 89 dB (A<br \/>\nCaracter\u00edsticas: Reservat\u00f3rio lav\u00e1vel, Filtro permanente lav\u00e1vel, Bocal para cantos, frestas e sopro, Bocal com escova para estofados, Tampa traseira\/Fun\u00e7\u00e3o sopro, Bocal Turbo Pet<br \/>\nQuantidade de pe\u00e7as: 5<br \/>\nItens Inclusos: 1 Aspirador<br \/>\n1 Filtro permanente lav\u00e1vel<br \/>\n1 Bocal para cantos, frestas e sopro<br \/>\n1 Bocal com escova para estofado<br \/>\n1Bocal Turbo Pet<br \/>\nManual de instru\u00e7\u00f5es<br \/>\nDimens\u00f5es do produto (A x L x P): 15 x 14 x 63,5cm<br \/>\nGarantia: 12 meses pelo fornecedor<br \/>\nOCP: 0029<\/span><\/p>\n","protected":false},"featured_media":14225,"template":"","meta":{"_joinchat":[]},"product_brand":[],"product_cat":[96],"product_tag":[],"class_list":{"0":"post-14135","1":"product","2":"type-product","3":"status-publish","4":"has-post-thumbnail","6":"product_cat-limpeza-e-cia","8":"first","9":"outofstock","10":"shipping-taxable","11":"purchasable","12":"product-type-simple"},"_links":{"self":[{"href":"https:\/\/www.multicasa.com.br\/inicio\/wp-json\/wp\/v2\/product\/14135","targetHints":{"allow":["GET"]}}],"collection":[{"href":"https:\/\/www.multicasa.com.br\/inicio\/wp-json\/wp\/v2\/product"}],"about":[{"href":"https:\/\/www.multicasa.com.br\/inicio\/wp-json\/wp\/v2\/types\/product"}],"wp:featuredmedia":[{"embeddable":true,"href":"https:\/\/www.multicasa.com.br\/inicio\/wp-json\/wp\/v2\/media\/14225"}],"wp:attachment":[{"href":"https:\/\/www.multicasa.com.br\/inicio\/wp-json\/wp\/v2\/media?parent=14135"}],"wp:term":[{"taxonomy":"product_brand","embeddable":true,"href":"https:\/\/www.multicasa.com.br\/inicio\/wp-json\/wp\/v2\/product_brand?post=14135"},{"taxonomy":"product_cat","embeddable":true,"href":"https:\/\/www.multicasa.com.br\/inicio\/wp-json\/wp\/v2\/product_cat?post=14135"},{"taxonomy":"product_tag","embeddable":true,"href":"https:\/\/www.multicasa.com.br\/inicio\/wp-json\/wp\/v2\/product_tag?post=14135"}],"curies":[{"name":"wp","href":"https:\/\/api.w.org\/{rel}","templated":true}]}}