{"id":14138,"date":"2025-06-20T18:38:03","date_gmt":"2025-06-20T22:38:03","guid":{"rendered":"https:\/\/www.multicasa.com.br\/inicio\/?post_type=product&#038;p=14138"},"modified":"2025-10-31T10:38:19","modified_gmt":"2025-10-31T14:38:19","slug":"balde-mop-esfregao-com-centrifugador-inox-e-cabo-de-160m-perfect-move-16l","status":"publish","type":"product","link":"https:\/\/www.multicasa.com.br\/inicio\/produto\/balde-mop-esfregao-com-centrifugador-inox-e-cabo-de-160m-perfect-move-16l\/","title":{"rendered":"Balde Mop Esfreg\u00e3o com Centrifugador Inox e Cabo de 1,60m Perfect Move 16L"},"content":{"rendered":"<p>O Balde Mop Esfreg\u00e3o Perfect Move \u00e9 um produto inovador, com um incr\u00edvel sistema de centrifuga\u00e7\u00e3o que permite controlar a umidade de seu MOP facilmente.<br \/>\nProduzido em material resistente, possui alto poder de absor\u00e7\u00e3o com secagem r\u00e1pida, tornando as tarefas do dia a dia mais pr\u00e1ticas, r\u00e1pidas e menos cansativas.<br \/>\nCom design moderno, alcan\u00e7a at\u00e9 os lugares de dif\u00edcil acesso. Possui al\u00e7a retr\u00e1til, rodas e cabo retr\u00e1til que facilita o manuseio. <\/p>\n","protected":false},"excerpt":{"rendered":"<h4 style=\"margin: 0px;padding: 0px 0px 16px;font-family: Lato, sans-serif;font-weight: bold;line-height: 3rem;color: var(--dark-grey3);font-size: 22px;font-style: normal;letter-spacing: normal;text-align: start;text-indent: 0px;text-transform: none\">Informa\u00e7\u00f5es t\u00e9cnicas<\/h4>\n<p><span style=\"margin: 0px;padding: 0px;font-weight: 450;font-size: 14px;line-height: 21px;color: var(--dark-grey2);font-family: Lato, sans-serif;font-style: normal;letter-spacing: normal;text-align: start;text-indent: 0px;text-transform: none\">Produto: Balde Mop Esfreg\u00e3o com Centrifugador<br \/>\nMarca: Perfect<br \/>\nModelo: Move<br \/>\nMaterial: Pl\u00e1stico, A\u00e7o Inox e Microfibra<br \/>\nCor: Cinza e Cromado<br \/>\nCapacidade: 16L<br \/>\nCaracter\u00edstica: Sistema anti respingo<br \/>\nCabo com inclina\u00e7\u00e3o de 180\u00b0<br \/>\n3 tipos de refis (Limpeza Geral, Tira p\u00f3 de Microfibra e Limpeza Pesada)<br \/>\nItens Inclusos:<br \/>\n1 Refil esfreg\u00e3o de microfibra<br \/>\n1 Refil esfreg\u00e3o limpeza a p\u00f3<br \/>\n1 Balde mop<br \/>\n1 Cabo mop completo<br \/>\nDimens\u00f5es do produto (A x L x P): Tamanho aproximado 20 x 26 x 49cm<br \/>\n<\/span><\/p>\n","protected":false},"featured_media":14251,"template":"","meta":{"_joinchat":[]},"product_brand":[],"product_cat":[96],"product_tag":[],"class_list":{"0":"post-14138","1":"product","2":"type-product","3":"status-publish","4":"has-post-thumbnail","6":"product_cat-limpeza-e-cia","8":"first","9":"outofstock","10":"shipping-taxable","11":"purchasable","12":"product-type-simple"},"_links":{"self":[{"href":"https:\/\/www.multicasa.com.br\/inicio\/wp-json\/wp\/v2\/product\/14138","targetHints":{"allow":["GET"]}}],"collection":[{"href":"https:\/\/www.multicasa.com.br\/inicio\/wp-json\/wp\/v2\/product"}],"about":[{"href":"https:\/\/www.multicasa.com.br\/inicio\/wp-json\/wp\/v2\/types\/product"}],"wp:featuredmedia":[{"embeddable":true,"href":"https:\/\/www.multicasa.com.br\/inicio\/wp-json\/wp\/v2\/media\/14251"}],"wp:attachment":[{"href":"https:\/\/www.multicasa.com.br\/inicio\/wp-json\/wp\/v2\/media?parent=14138"}],"wp:term":[{"taxonomy":"product_brand","embeddable":true,"href":"https:\/\/www.multicasa.com.br\/inicio\/wp-json\/wp\/v2\/product_brand?post=14138"},{"taxonomy":"product_cat","embeddable":true,"href":"https:\/\/www.multicasa.com.br\/inicio\/wp-json\/wp\/v2\/product_cat?post=14138"},{"taxonomy":"product_tag","embeddable":true,"href":"https:\/\/www.multicasa.com.br\/inicio\/wp-json\/wp\/v2\/product_tag?post=14138"}],"curies":[{"name":"wp","href":"https:\/\/api.w.org\/{rel}","templated":true}]}}