{"id":14174,"date":"2025-06-20T18:38:34","date_gmt":"2025-06-20T22:38:34","guid":{"rendered":"https:\/\/www.multicasa.com.br\/inicio\/?post_type=product&#038;p=14174"},"modified":"2025-12-16T18:52:34","modified_gmt":"2025-12-16T22:52:34","slug":"cabo-hdmi-duplicador-30cm-2x1-xc-sw3-x-cell","status":"publish","type":"product","link":"https:\/\/www.multicasa.com.br\/inicio\/produto\/cabo-hdmi-duplicador-30cm-2x1-xc-sw3-x-cell\/","title":{"rendered":"Cabo HDMI Duplicador 30cm 2&#215;1 XC-SW3 X-Cell"},"content":{"rendered":"<p>Com o Cabo HDMI Duplicador da Xcell, voc\u00ea pode duplicar um sinal de v\u00eddeo a partir de um hdmi para dois monitores ou tvs com a mesma entrada. Projetado para bares ou estabelecimentos para emitir duplicar o mesmo sinal, pode emitir a partir de um \u00fanico receptor c, tdt, dvd ou v\u00eddeo reprodutor Blu-ray. F\u00e1cil instala\u00e7\u00e3o s\u00f3 precisa conectar o cabo hdmi macho para a fonte do sinal: receptor c, tdt, dvd v\u00eddeo ou Blu-ray reprodutor e mediante conectar dois cabos hdmi (n\u00e3o inclu\u00eddo) para dois monitores ou tv de emitir a mesma imagem em cada um deles.<\/p>\n","protected":false},"excerpt":{"rendered":"<h4 style=\"margin: 0px;padding: 0px 0px 16px;font-family: Lato, sans-serif;font-weight: bold;line-height: 3rem;color: var(--dark-grey3);font-size: 22px;font-style: normal;letter-spacing: normal;text-align: start;text-indent: 0px;text-transform: none\">Informa\u00e7\u00f5es t\u00e9cnicas<\/h4>\n<p><span style=\"margin: 0px;padding: 0px;font-weight: 450;font-size: 14px;line-height: 21px;color: var(--dark-grey2);font-family: Lato, sans-serif;font-style: normal;letter-spacing: normal;text-align: start;text-indent: 0px;text-transform: none\">Produto: Cabo HDMI<br \/>\nMarca: Xcell<br \/>\nCor: Preto<br \/>\nCaracter\u00edsticas: Entrada HDMI, Sa\u00edda HDMI x 2 , serve para conectar um dispositivo HDMI para duas TVs e proporcionar uma melhor imagem v\u00eddeo transfer\u00eancia de dados e \u00e1udio.<br \/>\nItens inclusos: 1 Cabo HDMI<br \/>\nDimens\u00f5es do produto (C): 30cm<\/span><\/p>\n","protected":false},"featured_media":14267,"template":"","meta":{"_joinchat":[]},"product_brand":[],"product_cat":[130],"product_tag":[],"class_list":{"0":"post-14174","1":"product","2":"type-product","3":"status-publish","4":"has-post-thumbnail","6":"product_cat-informatica","8":"first","9":"outofstock","10":"shipping-taxable","11":"purchasable","12":"product-type-simple"},"_links":{"self":[{"href":"https:\/\/www.multicasa.com.br\/inicio\/wp-json\/wp\/v2\/product\/14174","targetHints":{"allow":["GET"]}}],"collection":[{"href":"https:\/\/www.multicasa.com.br\/inicio\/wp-json\/wp\/v2\/product"}],"about":[{"href":"https:\/\/www.multicasa.com.br\/inicio\/wp-json\/wp\/v2\/types\/product"}],"wp:featuredmedia":[{"embeddable":true,"href":"https:\/\/www.multicasa.com.br\/inicio\/wp-json\/wp\/v2\/media\/14267"}],"wp:attachment":[{"href":"https:\/\/www.multicasa.com.br\/inicio\/wp-json\/wp\/v2\/media?parent=14174"}],"wp:term":[{"taxonomy":"product_brand","embeddable":true,"href":"https:\/\/www.multicasa.com.br\/inicio\/wp-json\/wp\/v2\/product_brand?post=14174"},{"taxonomy":"product_cat","embeddable":true,"href":"https:\/\/www.multicasa.com.br\/inicio\/wp-json\/wp\/v2\/product_cat?post=14174"},{"taxonomy":"product_tag","embeddable":true,"href":"https:\/\/www.multicasa.com.br\/inicio\/wp-json\/wp\/v2\/product_tag?post=14174"}],"curies":[{"name":"wp","href":"https:\/\/api.w.org\/{rel}","templated":true}]}}