{"id":14176,"date":"2025-06-20T18:38:34","date_gmt":"2025-06-20T22:38:34","guid":{"rendered":"https:\/\/www.multicasa.com.br\/inicio\/?post_type=product&#038;p=14176"},"modified":"2025-10-31T10:38:43","modified_gmt":"2025-10-31T14:38:43","slug":"organizador-de-geladeira-para-frutas-e-legumes-ou-5l","status":"publish","type":"product","link":"https:\/\/www.multicasa.com.br\/inicio\/produto\/organizador-de-geladeira-para-frutas-e-legumes-ou-5l\/","title":{"rendered":"Organizador de Geladeira para Frutas e Legumes OU 5L"},"content":{"rendered":"<p>O Organizador de Geladeira para Frutas e Legumes Martiplast da linha clear fresh \u00e9 ideal para conservar verduras, legumes, frutas e vegetais facilitando o dia a dia na cozinha. A caixa de armazenamento \u00e9 empilh\u00e1vel, disp\u00f5e de diversas fun\u00e7\u00f5es para melhorar a conserva\u00e7\u00e3o dos alimentos e trazer mais frescor para a geladeira, tais como o sistema de ventila\u00e7\u00e3o e umidade controlada pelo respiradouro e por sua bandeja de drenagem. Feita em material de alta qualidade e livre de bpa, a caixa organizadora porta frutas com tampa pode ser levada a geladeira e por ser transparente, permite que voc\u00ea visualize o conte\u00fado armazenado com facilidade.<\/p>\n","protected":false},"excerpt":{"rendered":"<h4 style=\"margin: 0px;padding: 0px 0px 16px;font-family: Lato, sans-serif;font-weight: bold;line-height: 3rem;color: var(--dark-grey3);font-size: 22px;font-style: normal;letter-spacing: normal;text-align: start;text-indent: 0px;text-transform: none\">Informa\u00e7\u00f5es t\u00e9cnicas<\/h4>\n<p><span style=\"margin: 0px;padding: 0px;font-weight: 450;font-size: 14px;line-height: 21px;color: var(--dark-grey2);font-family: Lato, sans-serif;font-style: normal;letter-spacing: normal;text-align: start;text-indent: 0px;text-transform: none\">Produto: Organizador de Geladeira Porta Frutas, Legumes<br \/>\nMarca: Martiplast<br \/>\nCapacidade: 5L<br \/>\nMaterial: ?? Pl\u00e1stico<br \/>\nCor: Transparente<br \/>\nItens inclusos: 1 Organizador de Geladeira<br \/>\nDi\u00e2metro do produto: ?19 x 19 x 30 cm; 930 g<br \/>\n<\/span><\/p>\n","protected":false},"featured_media":25643,"template":"","meta":{"_joinchat":[]},"product_brand":[],"product_cat":[98],"product_tag":[],"class_list":{"0":"post-14176","1":"product","2":"type-product","3":"status-publish","4":"has-post-thumbnail","6":"product_cat-organizadores","8":"first","9":"outofstock","10":"shipping-taxable","11":"purchasable","12":"product-type-simple"},"_links":{"self":[{"href":"https:\/\/www.multicasa.com.br\/inicio\/wp-json\/wp\/v2\/product\/14176","targetHints":{"allow":["GET"]}}],"collection":[{"href":"https:\/\/www.multicasa.com.br\/inicio\/wp-json\/wp\/v2\/product"}],"about":[{"href":"https:\/\/www.multicasa.com.br\/inicio\/wp-json\/wp\/v2\/types\/product"}],"wp:featuredmedia":[{"embeddable":true,"href":"https:\/\/www.multicasa.com.br\/inicio\/wp-json\/wp\/v2\/media\/25643"}],"wp:attachment":[{"href":"https:\/\/www.multicasa.com.br\/inicio\/wp-json\/wp\/v2\/media?parent=14176"}],"wp:term":[{"taxonomy":"product_brand","embeddable":true,"href":"https:\/\/www.multicasa.com.br\/inicio\/wp-json\/wp\/v2\/product_brand?post=14176"},{"taxonomy":"product_cat","embeddable":true,"href":"https:\/\/www.multicasa.com.br\/inicio\/wp-json\/wp\/v2\/product_cat?post=14176"},{"taxonomy":"product_tag","embeddable":true,"href":"https:\/\/www.multicasa.com.br\/inicio\/wp-json\/wp\/v2\/product_tag?post=14176"}],"curies":[{"name":"wp","href":"https:\/\/api.w.org\/{rel}","templated":true}]}}