{"id":14177,"date":"2025-06-20T18:38:34","date_gmt":"2025-06-20T22:38:34","guid":{"rendered":"https:\/\/www.multicasa.com.br\/inicio\/?post_type=product&#038;p=14177"},"modified":"2025-10-31T10:38:46","modified_gmt":"2025-10-31T14:38:46","slug":"toalha-magica-pequena-flash-limp","status":"publish","type":"product","link":"https:\/\/www.multicasa.com.br\/inicio\/produto\/toalha-magica-pequena-flash-limp\/","title":{"rendered":"Toalha M\u00e1gica Pequena Flash Limp"},"content":{"rendered":"<p>A Toalha M\u00e1gica Pequena da Flash Limp tem alto poder de absor\u00e7\u00e3o, podendo absorver at\u00e9 10x mais que uma toalha comum. Indicada para uso dom\u00e9stico, automotivo, esportivo e pet. N\u00e3o mancha, n\u00e3o risca e n\u00e3o solta fiapos, vem com embalagem pr\u00e1tica para armazenamento e transporte.<\/p>\n","protected":false},"excerpt":{"rendered":"<h4 style=\"margin: 0px;padding: 0px 0px 16px;font-family: Lato, sans-serif;font-weight: bold;line-height: 3rem;color: var(--dark-grey3);font-size: 22px;font-style: normal;letter-spacing: normal;text-align: start;text-indent: 0px;text-transform: none\">Informa\u00e7\u00f5es t\u00e9cnicas<\/h4>\n<p><span style=\"margin: 0px;padding: 0px;font-weight: 450;font-size: 14px;line-height: 21px;color: var(--dark-grey2);font-family: Lato, sans-serif;font-style: normal;letter-spacing: normal;text-align: start;text-indent: 0px;text-transform: none\">Produto: Toalha m\u00e1gica<br \/>\nMarca: FlashLimp<br \/>\nMaterial: PVA\/Algod\u00e3o<br \/>\nCor: Verde<br \/>\nCaracter\u00edsticas: Absorve at\u00e9 10x mais; N\u00e3o risca e n\u00e3o solta fiapos; F\u00e1cil de lavar.<br \/>\nItens inclusos: 1 toalha m\u00e1gica<br \/>\nDimens\u00f5es do produto (A X L): 38 x 32cm<br \/>\nPeso: Seca: 34g; \u00damida: 59g<\/span><\/p>\n","protected":false},"featured_media":14274,"template":"","meta":{"_joinchat":[]},"product_brand":[],"product_cat":[96],"product_tag":[],"class_list":{"0":"post-14177","1":"product","2":"type-product","3":"status-publish","4":"has-post-thumbnail","6":"product_cat-limpeza-e-cia","8":"first","9":"outofstock","10":"shipping-taxable","11":"purchasable","12":"product-type-simple"},"_links":{"self":[{"href":"https:\/\/www.multicasa.com.br\/inicio\/wp-json\/wp\/v2\/product\/14177","targetHints":{"allow":["GET"]}}],"collection":[{"href":"https:\/\/www.multicasa.com.br\/inicio\/wp-json\/wp\/v2\/product"}],"about":[{"href":"https:\/\/www.multicasa.com.br\/inicio\/wp-json\/wp\/v2\/types\/product"}],"wp:featuredmedia":[{"embeddable":true,"href":"https:\/\/www.multicasa.com.br\/inicio\/wp-json\/wp\/v2\/media\/14274"}],"wp:attachment":[{"href":"https:\/\/www.multicasa.com.br\/inicio\/wp-json\/wp\/v2\/media?parent=14177"}],"wp:term":[{"taxonomy":"product_brand","embeddable":true,"href":"https:\/\/www.multicasa.com.br\/inicio\/wp-json\/wp\/v2\/product_brand?post=14177"},{"taxonomy":"product_cat","embeddable":true,"href":"https:\/\/www.multicasa.com.br\/inicio\/wp-json\/wp\/v2\/product_cat?post=14177"},{"taxonomy":"product_tag","embeddable":true,"href":"https:\/\/www.multicasa.com.br\/inicio\/wp-json\/wp\/v2\/product_tag?post=14177"}],"curies":[{"name":"wp","href":"https:\/\/api.w.org\/{rel}","templated":true}]}}