{"id":14231,"date":"2025-06-20T18:39:21","date_gmt":"2025-06-20T22:39:21","guid":{"rendered":"https:\/\/www.multicasa.com.br\/inicio\/?post_type=product&#038;p=14231"},"modified":"2025-11-10T23:45:03","modified_gmt":"2025-11-11T03:45:03","slug":"guarda-chuva-mini-dupla-face-8-varetas-proteja","status":"publish","type":"product","link":"https:\/\/www.multicasa.com.br\/inicio\/produto\/guarda-chuva-mini-dupla-face-8-varetas-proteja\/","title":{"rendered":"Guarda Chuva Mini Dupla Face 8 Varetas Proteja"},"content":{"rendered":"<p>O Guarda Chuva Mini Dupla Face Proteja \u00e9 perfeito para te ajudar nos dias de chuva ou at\u00e9 mesmo para te amparar sempre que houver sol. Compacto, voc\u00ea pode carreg\u00e1-lo em sua bolsa e garantir que esteja preparado sempre que houver uma emerg\u00eancia no seu dia a dia. Fabricado com material imperme\u00e1vel e com 8 varetas para proporcionar uma maior seguran\u00e7a e \u00f3tima qualidade.<\/p>\n","protected":false},"excerpt":{"rendered":"<h4 style=\"margin: 0px;padding: 0px 0px 16px;font-family: Lato, sans-serif;font-weight: bold;line-height: 3rem;color: var(--dark-grey3);font-size: 22px;font-style: normal;letter-spacing: normal;text-align: start;text-indent: 0px;text-transform: none\">Informa\u00e7\u00f5es t\u00e9cnicas<\/h4>\n<p><span style=\"margin: 0px;padding: 0px;font-weight: 450;font-size: 14px;line-height: 21px;color: var(--dark-grey2);font-family: Lato, sans-serif;font-style: normal;letter-spacing: normal;text-align: start;text-indent: 0px;text-transform: none\">Produto: Guarda-Chuva<br \/>\nMarca: Proteja<br \/>\nMaterial: Metal<br \/>\nCor: Vermelho<br \/>\nCaracter\u00edsticas: Imperme\u00e1vel<br \/>\n8 varetas<br \/>\nAbertura Manual<br \/>\nItens Inclusos: 1 Guarda-Chuva Mini dupla Face 01UV<br \/>\nDi\u00e2metro do produto: 97cm<br \/>\nDimens\u00f5es do produto (A): 24cm<br \/>\n<\/span><\/p>\n","protected":false},"featured_media":25285,"template":"","meta":{"_joinchat":[]},"product_brand":[],"product_cat":[136],"product_tag":[],"class_list":{"0":"post-14231","1":"product","2":"type-product","3":"status-publish","4":"has-post-thumbnail","6":"product_cat-lazer","8":"first","9":"outofstock","10":"shipping-taxable","11":"purchasable","12":"product-type-simple"},"_links":{"self":[{"href":"https:\/\/www.multicasa.com.br\/inicio\/wp-json\/wp\/v2\/product\/14231","targetHints":{"allow":["GET"]}}],"collection":[{"href":"https:\/\/www.multicasa.com.br\/inicio\/wp-json\/wp\/v2\/product"}],"about":[{"href":"https:\/\/www.multicasa.com.br\/inicio\/wp-json\/wp\/v2\/types\/product"}],"wp:featuredmedia":[{"embeddable":true,"href":"https:\/\/www.multicasa.com.br\/inicio\/wp-json\/wp\/v2\/media\/25285"}],"wp:attachment":[{"href":"https:\/\/www.multicasa.com.br\/inicio\/wp-json\/wp\/v2\/media?parent=14231"}],"wp:term":[{"taxonomy":"product_brand","embeddable":true,"href":"https:\/\/www.multicasa.com.br\/inicio\/wp-json\/wp\/v2\/product_brand?post=14231"},{"taxonomy":"product_cat","embeddable":true,"href":"https:\/\/www.multicasa.com.br\/inicio\/wp-json\/wp\/v2\/product_cat?post=14231"},{"taxonomy":"product_tag","embeddable":true,"href":"https:\/\/www.multicasa.com.br\/inicio\/wp-json\/wp\/v2\/product_tag?post=14231"}],"curies":[{"name":"wp","href":"https:\/\/api.w.org\/{rel}","templated":true}]}}