{"id":14262,"date":"2025-06-20T18:39:45","date_gmt":"2025-06-20T22:39:45","guid":{"rendered":"https:\/\/www.multicasa.com.br\/inicio\/?post_type=product&#038;p=14262"},"modified":"2026-01-26T13:50:21","modified_gmt":"2026-01-26T17:50:21","slug":"luminaria-noturna-led-angelo-bivolt-avant","status":"publish","type":"product","link":"https:\/\/www.multicasa.com.br\/inicio\/produto\/luminaria-noturna-led-angelo-bivolt-avant\/","title":{"rendered":"Lumin\u00e1ria Noturna Led Angelo Bivolt Avant"},"content":{"rendered":"<p>A Lumin\u00e1ria Noturna Angelo da Avant tem baixa luminosidade e baixo consumo de energia. De LED, tens\u00e3o bivolt, com pot\u00eancia de 1W, emiss\u00e3o de cor amarela e temperatura de cor de 3000K. Permite uma ilumina\u00e7\u00e3o suave no ambiente. Proporciona seguran\u00e7a e aux\u00edlio em locais que necessitam de uma pequena fonte de luz. A linha de luz noturna da Avant possui grande variedade em op\u00e7\u00f5es de cores e desenhos de personagens infantis.<\/p>\n","protected":false},"excerpt":{"rendered":"<h4 style=\"margin: 0px;padding: 0px 0px 16px;font-family: Lato, sans-serif;font-weight: bold;line-height: 3rem;color: var(--dark-grey3);font-size: 22px;font-style: normal;letter-spacing: normal;text-align: start;text-indent: 0px;text-transform: none\">Informa\u00e7\u00f5es t\u00e9cnicas<\/h4>\n<p><span style=\"margin: 0px;padding: 0px;font-weight: 450;font-size: 14px;line-height: 21px;color: var(--dark-grey2);font-family: Lato, sans-serif;font-style: normal;letter-spacing: normal;text-align: start;text-indent: 0px;text-transform: none\">Produto: Lumin\u00e1ria Noturna<br \/>\nMarca: Avant                                                                                                                                                          Modelo: Angelo<br \/>\nMaterial: Policarbonato<br \/>\nTemperatura de Cor: 3000K<br \/>\nPot\u00eancia: 1W<br \/>\nTens\u00e3o el\u00e9trica: Bivolt<br \/>\nCaracter\u00edsticas: LED; \u00cdndice de prote\u00e7\u00e3o: IP20; Baixa luminosidade; Baixo consumo de energia; Fluxo luminoso: 80lm; N\u00e3o emite infravermelho e ultravioleta; Produto n\u00e3o t\u00f3xico; Composi\u00e7\u00e3o livre de merc\u00fario.<br \/>\nItens Inclusos: 1 Lumin\u00e1ria Noturna<br \/>\nDimens\u00f5es do produto (A X L X P): 125 x 80mm<br \/>\nPeso:                                                                                                                                                                   Garantia: 1 ano<\/span><\/p>\n","protected":false},"featured_media":14329,"template":"","meta":{"_joinchat":[]},"product_brand":[],"product_cat":[157],"product_tag":[],"class_list":{"0":"post-14262","1":"product","2":"type-product","3":"status-publish","4":"has-post-thumbnail","6":"product_cat-leds-decorativos","8":"first","9":"instock","10":"shipping-taxable","11":"purchasable","12":"product-type-simple"},"_links":{"self":[{"href":"https:\/\/www.multicasa.com.br\/inicio\/wp-json\/wp\/v2\/product\/14262","targetHints":{"allow":["GET"]}}],"collection":[{"href":"https:\/\/www.multicasa.com.br\/inicio\/wp-json\/wp\/v2\/product"}],"about":[{"href":"https:\/\/www.multicasa.com.br\/inicio\/wp-json\/wp\/v2\/types\/product"}],"wp:featuredmedia":[{"embeddable":true,"href":"https:\/\/www.multicasa.com.br\/inicio\/wp-json\/wp\/v2\/media\/14329"}],"wp:attachment":[{"href":"https:\/\/www.multicasa.com.br\/inicio\/wp-json\/wp\/v2\/media?parent=14262"}],"wp:term":[{"taxonomy":"product_brand","embeddable":true,"href":"https:\/\/www.multicasa.com.br\/inicio\/wp-json\/wp\/v2\/product_brand?post=14262"},{"taxonomy":"product_cat","embeddable":true,"href":"https:\/\/www.multicasa.com.br\/inicio\/wp-json\/wp\/v2\/product_cat?post=14262"},{"taxonomy":"product_tag","embeddable":true,"href":"https:\/\/www.multicasa.com.br\/inicio\/wp-json\/wp\/v2\/product_tag?post=14262"}],"curies":[{"name":"wp","href":"https:\/\/api.w.org\/{rel}","templated":true}]}}