{"id":14287,"date":"2025-06-20T18:40:08","date_gmt":"2025-06-20T22:40:08","guid":{"rendered":"https:\/\/www.multicasa.com.br\/inicio\/?post_type=product&#038;p=14287"},"modified":"2026-04-09T16:00:38","modified_gmt":"2026-04-09T20:00:38","slug":"resistencia-para-ducha-loren-shower-7500w-lorenzetti","status":"publish","type":"product","link":"https:\/\/www.multicasa.com.br\/inicio\/produto\/resistencia-para-ducha-loren-shower-7500w-lorenzetti\/","title":{"rendered":"Resist\u00eancia para Ducha Loren Shower 7500W Lorenzetti"},"content":{"rendered":"<p>A Resist\u00eancia para Ducha Loren Shower 7500W Lorenzetti \u00e9 compat\u00edvel com a Ducha Loren Shower Ultra Multitemperaturas e com a Ducha Loren Shower Ultra Eletr\u00f4nica.<\/p>\n<p>De f\u00e1cil instala\u00e7\u00e3o, \u00e9 um produto vers\u00e1til e de excelente durabilidade que garante o bom funcionamento da sua ducha. Possui pot\u00eancia de 7500W e tens\u00e3o de 220V.<\/p>\n","protected":false},"excerpt":{"rendered":"<h4 style=\"margin: 0px;padding: 0px 0px 16px;font-family: Lato, sans-serif;font-weight: bold;line-height: 3rem;color: var(--dark-grey3);font-size: 22px;font-style: normal;letter-spacing: normal;text-align: start;text-indent: 0px;text-transform: none\">Informa\u00e7\u00f5es t\u00e9cnicas<\/h4>\n<p><span style=\"margin: 0px;padding: 0px;font-weight: 450;font-size: 14px;line-height: 21px;color: var(--dark-grey2);font-family: Lato, sans-serif;font-style: normal;letter-spacing: normal;text-align: start;text-indent: 0px;text-transform: none\">Produto: Resist\u00eancia para Chuveiro Loren Shower<br \/>\nMarca: Lorenzetti<br \/>\nMaterial: Metal<br \/>\nPot\u00eancia: 7500W<br \/>\nTens\u00e3o El\u00e9trica:127V<br \/>\nItens inclusos: 1 Resist\u00eancia para Chuveiro Loren Shower 7500W<br \/>\nDimens\u00f5es do produto (A X L X C): 103 X 99 X 41mm<\/span><\/p>\n","protected":false},"featured_media":14356,"template":"","meta":{"_joinchat":[]},"product_brand":[],"product_cat":[74],"product_tag":[],"class_list":{"0":"post-14287","1":"product","2":"type-product","3":"status-publish","4":"has-post-thumbnail","6":"product_cat-reparos-hidraulicos","8":"first","9":"instock","10":"shipping-taxable","11":"purchasable","12":"product-type-simple"},"_links":{"self":[{"href":"https:\/\/www.multicasa.com.br\/inicio\/wp-json\/wp\/v2\/product\/14287","targetHints":{"allow":["GET"]}}],"collection":[{"href":"https:\/\/www.multicasa.com.br\/inicio\/wp-json\/wp\/v2\/product"}],"about":[{"href":"https:\/\/www.multicasa.com.br\/inicio\/wp-json\/wp\/v2\/types\/product"}],"wp:featuredmedia":[{"embeddable":true,"href":"https:\/\/www.multicasa.com.br\/inicio\/wp-json\/wp\/v2\/media\/14356"}],"wp:attachment":[{"href":"https:\/\/www.multicasa.com.br\/inicio\/wp-json\/wp\/v2\/media?parent=14287"}],"wp:term":[{"taxonomy":"product_brand","embeddable":true,"href":"https:\/\/www.multicasa.com.br\/inicio\/wp-json\/wp\/v2\/product_brand?post=14287"},{"taxonomy":"product_cat","embeddable":true,"href":"https:\/\/www.multicasa.com.br\/inicio\/wp-json\/wp\/v2\/product_cat?post=14287"},{"taxonomy":"product_tag","embeddable":true,"href":"https:\/\/www.multicasa.com.br\/inicio\/wp-json\/wp\/v2\/product_tag?post=14287"}],"curies":[{"name":"wp","href":"https:\/\/api.w.org\/{rel}","templated":true}]}}