{"id":14290,"date":"2025-06-20T18:40:08","date_gmt":"2025-06-20T22:40:08","guid":{"rendered":"https:\/\/www.multicasa.com.br\/inicio\/?post_type=product&#038;p=14290"},"modified":"2026-02-06T16:00:39","modified_gmt":"2026-02-06T20:00:39","slug":"lampada-vela-chama-retro-led-2w-127v-amarela-e14-avant","status":"publish","type":"product","link":"https:\/\/www.multicasa.com.br\/inicio\/produto\/lampada-vela-chama-retro-led-2w-127v-amarela-e14-avant\/","title":{"rendered":"L\u00e2mpada Vela Chama Retr\u00f4 Led 2W 127V Amarela E14 Avant"},"content":{"rendered":"<p>A L\u00e2mpada Vela Retr\u00f4 Chama Led 2W 127V Amarela E14 da Avant \u00e9 indicada para ilumina\u00e7\u00e3o decorativa. Pode ser usada em pendentes, lustres e arandelas. Substitui as tradicionais l\u00e2mpadas de Tungst\u00eanio.<\/p>\n","protected":false},"excerpt":{"rendered":"<h4 style=\"margin: 0px;padding: 0px 0px 16px;font-family: Lato, sans-serif;font-weight: bold;line-height: 3rem;color: var(--dark-grey3);font-size: 22px;font-style: normal;letter-spacing: normal;text-align: start;text-indent: 0px;text-transform: none\">Informa\u00e7\u00f5es t\u00e9cnicas<\/h4>\n<p><span style=\"margin: 0px;padding: 0px;font-weight: 450;font-size: 14px;line-height: 21px;color: var(--dark-grey2);font-family: Lato, sans-serif;font-style: normal;letter-spacing: normal;text-align: start;text-indent: 0px;text-transform: none\">Produto: L\u00e2mpada<br \/>\nTipo: Vela Retr\u00f4 Chama<br \/>\nMarca: Avant<br \/>\nMaterial: Vidro<br \/>\nCor: \u00c2mbar                                                                                                                                                    Temperatura de cor: 2200K<br \/>\nPot\u00eancia: 2W<br \/>\nTens\u00e3o El\u00e9trica: 127V<br \/>\nCaracter\u00edsticas: Filamento em LED; Base E14; \u00cdndice de prote\u00e7\u00e3o: IP20; Possui driver interno isolado; Vida mediana: 15 mil horas; Fator de pot\u00eancia: 0,50; Fluxo luminoso: 180lm; Efici\u00eancia luminosa: 90lm\/W; Equival\u00eancia incandescente: 20W.<br \/>\nItens Inclusos: 1 L\u00e2mpada vela<br \/>\nDimens\u00f5es do produto (A X L X ): 114 x 35mm                                                                                                            Peso: 17g                                                                                                                                                                         Garantia: 1 ano<\/span><\/p>\n","protected":false},"featured_media":25439,"template":"","meta":{"_joinchat":[]},"product_brand":[],"product_cat":[80],"product_tag":[],"class_list":{"0":"post-14290","1":"product","2":"type-product","3":"status-publish","4":"has-post-thumbnail","6":"product_cat-lampadas","8":"first","9":"outofstock","10":"shipping-taxable","11":"purchasable","12":"product-type-simple"},"_links":{"self":[{"href":"https:\/\/www.multicasa.com.br\/inicio\/wp-json\/wp\/v2\/product\/14290","targetHints":{"allow":["GET"]}}],"collection":[{"href":"https:\/\/www.multicasa.com.br\/inicio\/wp-json\/wp\/v2\/product"}],"about":[{"href":"https:\/\/www.multicasa.com.br\/inicio\/wp-json\/wp\/v2\/types\/product"}],"wp:featuredmedia":[{"embeddable":true,"href":"https:\/\/www.multicasa.com.br\/inicio\/wp-json\/wp\/v2\/media\/25439"}],"wp:attachment":[{"href":"https:\/\/www.multicasa.com.br\/inicio\/wp-json\/wp\/v2\/media?parent=14290"}],"wp:term":[{"taxonomy":"product_brand","embeddable":true,"href":"https:\/\/www.multicasa.com.br\/inicio\/wp-json\/wp\/v2\/product_brand?post=14290"},{"taxonomy":"product_cat","embeddable":true,"href":"https:\/\/www.multicasa.com.br\/inicio\/wp-json\/wp\/v2\/product_cat?post=14290"},{"taxonomy":"product_tag","embeddable":true,"href":"https:\/\/www.multicasa.com.br\/inicio\/wp-json\/wp\/v2\/product_tag?post=14290"}],"curies":[{"name":"wp","href":"https:\/\/api.w.org\/{rel}","templated":true}]}}