{"id":14334,"date":"2025-06-20T18:40:52","date_gmt":"2025-06-20T22:40:52","guid":{"rendered":"https:\/\/www.multicasa.com.br\/inicio\/?post_type=product&#038;p=14334"},"modified":"2025-10-31T10:42:06","modified_gmt":"2025-10-31T14:42:06","slug":"hub-usb-3-0-com-7-portas-x-cell","status":"publish","type":"product","link":"https:\/\/www.multicasa.com.br\/inicio\/produto\/hub-usb-3-0-com-7-portas-x-cell\/","title":{"rendered":"Hub USB 3.0 com 7 Portas X-CELL"},"content":{"rendered":"<p>Use o Hub USB 3.0 com 7 Portas da X-CELL para carregar aparelhos, manter ligado durante o uso ou transferir arquivos. Permite carregar dispositivos m\u00f3veis como smartphone, tablet, e outros dispositivos compat\u00edveis com o padr\u00e3o USB.<\/p>\n","protected":false},"excerpt":{"rendered":"<h4 style=\"margin: 0px;padding: 0px 0px 16px;font-family: Lato, sans-serif;font-weight: bold;line-height: 3rem;color: var(--dark-grey3);font-size: 22px;font-style: normal;letter-spacing: normal;text-align: start;text-indent: 0px;text-transform: none\">Informa\u00e7\u00f5es t\u00e9cnicas<\/h4>\n<p><span style=\"margin: 0px;padding: 0px;font-weight: 450;font-size: 14px;line-height: 21px;color: var(--dark-grey2);font-family: Lato, sans-serif;font-style: normal;letter-spacing: normal;text-align: start;text-indent: 0px;text-transform: none\">Produto: Hub USB<br \/>\nMarca: X-CELL                                                                                                                                                       Modelo: XC-HUB-7                                                                                                                                                Material: Pl\u00e1stico, ABS e borracha<br \/>\nCor: Preto<br \/>\nCaracter\u00edsticas: USB 3.0 de alta velocidade; 7 portas; Led indicador de status; Bot\u00e3o liga\/desliga das portas USB; Tamanho slim; Compat\u00edvel com Windows 2000\/2003\/XP\/Vista\/7\/8 e Mac OS 10.x ou superior; Cabo 40cm<br \/>\nItens Inclusos: 1 Hub USB<br \/>\nDimens\u00f5es do produto (A x L x P): 15 x 9 x 4cm<br \/>\nPeso: 0,14kg<\/span><\/p>\n","protected":false},"featured_media":14361,"template":"","meta":{"_joinchat":[]},"product_brand":[],"product_cat":[130],"product_tag":[],"class_list":{"0":"post-14334","1":"product","2":"type-product","3":"status-publish","4":"has-post-thumbnail","6":"product_cat-informatica","8":"first","9":"outofstock","10":"shipping-taxable","11":"purchasable","12":"product-type-simple"},"_links":{"self":[{"href":"https:\/\/www.multicasa.com.br\/inicio\/wp-json\/wp\/v2\/product\/14334","targetHints":{"allow":["GET"]}}],"collection":[{"href":"https:\/\/www.multicasa.com.br\/inicio\/wp-json\/wp\/v2\/product"}],"about":[{"href":"https:\/\/www.multicasa.com.br\/inicio\/wp-json\/wp\/v2\/types\/product"}],"wp:featuredmedia":[{"embeddable":true,"href":"https:\/\/www.multicasa.com.br\/inicio\/wp-json\/wp\/v2\/media\/14361"}],"wp:attachment":[{"href":"https:\/\/www.multicasa.com.br\/inicio\/wp-json\/wp\/v2\/media?parent=14334"}],"wp:term":[{"taxonomy":"product_brand","embeddable":true,"href":"https:\/\/www.multicasa.com.br\/inicio\/wp-json\/wp\/v2\/product_brand?post=14334"},{"taxonomy":"product_cat","embeddable":true,"href":"https:\/\/www.multicasa.com.br\/inicio\/wp-json\/wp\/v2\/product_cat?post=14334"},{"taxonomy":"product_tag","embeddable":true,"href":"https:\/\/www.multicasa.com.br\/inicio\/wp-json\/wp\/v2\/product_tag?post=14334"}],"curies":[{"name":"wp","href":"https:\/\/api.w.org\/{rel}","templated":true}]}}