{"id":14375,"date":"2025-06-20T18:41:18","date_gmt":"2025-06-20T22:41:18","guid":{"rendered":"https:\/\/www.multicasa.com.br\/inicio\/?post_type=product&#038;p=14375"},"modified":"2025-10-31T10:42:16","modified_gmt":"2025-10-31T14:42:16","slug":"borrifador-para-limpador-multiuso-540ml-yvy","status":"publish","type":"product","link":"https:\/\/www.multicasa.com.br\/inicio\/produto\/borrifador-para-limpador-multiuso-540ml-yvy\/","title":{"rendered":"Borrifador para Limpador Multiuso 540ml YVY"},"content":{"rendered":"<p>O Borrifador para Limpador Multiuso 540ml da YVY foi desenvolvido para que voc\u00ea n\u00e3o precise ficar carregando as embalagens pesadas tradicionais que existem por a\u00ed pelo mercado. O Borrifador \u00e9 permanente com sistema inovador de c\u00e1psulas, voc\u00ea n\u00e3o precisa mais daquela quantidade intermin\u00e1vel de embalagens. Agora s\u00f3 precisa comprar as c\u00e1psulas ultraconcentradas e usar.<\/p>\n","protected":false},"excerpt":{"rendered":"<h4 style=\"margin: 0px;padding: 0px 0px 16px;font-family: Lato, sans-serif;font-weight: bold;line-height: 3rem;color: var(--dark-grey3);font-size: 22px;font-style: normal;letter-spacing: normal;text-align: start;text-indent: 0px;text-transform: none\">Informa\u00e7\u00f5es t\u00e9cnicas<\/h4>\n<p><span style=\"margin: 0px;padding: 0px;font-weight: 450;font-size: 14px;line-height: 21px;color: var(--dark-grey2);font-family: Lato, sans-serif;font-style: normal;letter-spacing: normal;text-align: start;text-indent: 0px;text-transform: none\">Produto: Borrifador para Limpador Multiuso<br \/>\nMarca: YVY<br \/>\nMaterial: Pl\u00e1stico<br \/>\nCor: Transparente<br \/>\nCapacidade: 540ml<br \/>\nCaracter\u00edsticas: V\u00e1lvula spray, Resistente, Permanente e exclusivo mecanismo de dilui\u00e7\u00e3o de c\u00e1psulas<br \/>\nItens inclusos: 1 Borrifador<br \/>\nDimens\u00f5es do produto (A X L): 30 x 7 x 7cm<br \/>\nPeso: 200g<\/span><\/p>\n","protected":false},"featured_media":14429,"template":"","meta":{"_joinchat":[]},"product_brand":[],"product_cat":[96],"product_tag":[],"class_list":{"0":"post-14375","1":"product","2":"type-product","3":"status-publish","4":"has-post-thumbnail","6":"product_cat-limpeza-e-cia","8":"first","9":"outofstock","10":"shipping-taxable","11":"purchasable","12":"product-type-simple"},"_links":{"self":[{"href":"https:\/\/www.multicasa.com.br\/inicio\/wp-json\/wp\/v2\/product\/14375","targetHints":{"allow":["GET"]}}],"collection":[{"href":"https:\/\/www.multicasa.com.br\/inicio\/wp-json\/wp\/v2\/product"}],"about":[{"href":"https:\/\/www.multicasa.com.br\/inicio\/wp-json\/wp\/v2\/types\/product"}],"wp:featuredmedia":[{"embeddable":true,"href":"https:\/\/www.multicasa.com.br\/inicio\/wp-json\/wp\/v2\/media\/14429"}],"wp:attachment":[{"href":"https:\/\/www.multicasa.com.br\/inicio\/wp-json\/wp\/v2\/media?parent=14375"}],"wp:term":[{"taxonomy":"product_brand","embeddable":true,"href":"https:\/\/www.multicasa.com.br\/inicio\/wp-json\/wp\/v2\/product_brand?post=14375"},{"taxonomy":"product_cat","embeddable":true,"href":"https:\/\/www.multicasa.com.br\/inicio\/wp-json\/wp\/v2\/product_cat?post=14375"},{"taxonomy":"product_tag","embeddable":true,"href":"https:\/\/www.multicasa.com.br\/inicio\/wp-json\/wp\/v2\/product_tag?post=14375"}],"curies":[{"name":"wp","href":"https:\/\/api.w.org\/{rel}","templated":true}]}}