{"id":14378,"date":"2025-06-20T18:41:18","date_gmt":"2025-06-20T22:41:18","guid":{"rendered":"https:\/\/www.multicasa.com.br\/inicio\/?post_type=product&#038;p=14378"},"modified":"2025-10-31T10:42:18","modified_gmt":"2025-10-31T14:42:18","slug":"conexao-para-filtro-reta-rosca-interna-1-2-x-tubo-3-8-planeta-agua","status":"publish","type":"product","link":"https:\/\/www.multicasa.com.br\/inicio\/produto\/conexao-para-filtro-reta-rosca-interna-1-2-x-tubo-3-8-planeta-agua\/","title":{"rendered":"Conex\u00e3o para Filtro Reta Rosca Interna 1\/2&#8243; x Tubo 3\/8&#8243; Planeta \u00c1gua"},"content":{"rendered":"<p>A Conex\u00e3o para Filtro Reta com Rosca Interna de 1\/2&#8243; com engate r\u00e1pido para Tubo 3\/8&#8243; da Planeta \u00c1gua dispon\u00edvel na cor branca, com corpo em poliacetal, \u00e9 at\u00f3xico e com oring em EDPM. Aplic\u00e1vel em \u00e1gua pot\u00e1vel.<\/p>\n","protected":false},"excerpt":{"rendered":"<h4 style=\"margin: 0px;padding: 0px 0px 16px;font-family: Lato, sans-serif;font-weight: bold;line-height: 3rem;color: var(--dark-grey3);font-size: 22px;font-style: normal;letter-spacing: normal;text-align: start;text-indent: 0px;text-transform: none\">Informa\u00e7\u00f5es t\u00e9cnicas<\/h4>\n<p><span style=\"margin: 0px;padding: 0px;font-weight: 450;font-size: 14px;line-height: 21px;color: var(--dark-grey2);font-family: Lato, sans-serif;font-style: normal;letter-spacing: normal;text-align: start;text-indent: 0px;text-transform: none\">Produto: Conex\u00e3o para Filtro<br \/>\nMarca: Planeta \u00c1gua                                                                                                                                                   Modelo: CN002<br \/>\nMaterial: Corpo em Poliacetal (POM)<br \/>\nCor: Branca<br \/>\nCaracter\u00edsticas: Aplic\u00e1vel em \u00e1gua pot\u00e1vel; At\u00f3xico;  Oring em EPDM (certificado FDA); Conex\u00e3o reta rosca interna de 1\/2&#8243; e engate r\u00e1pido para tubo de 3\/8&#8243; ; Press\u00e3o de opera\u00e7\u00e3o: 120 mca; Temperatura de opera\u00e7\u00e3o: 0 a 60 \u00b0C.<br \/>\nItens inclusos: 1 conex\u00e3o para filtro<br \/>\nDimens\u00f5es do produto (A x L x P): 4,25 x 2,75 x 2,75cm<br \/>\nPeso: 0,012kg                                                                                                                                                       Garantia: 90 dias<\/span><\/p>\n","protected":false},"featured_media":25012,"template":"","meta":{"_joinchat":[]},"product_brand":[],"product_cat":[74],"product_tag":[],"class_list":{"0":"post-14378","1":"product","2":"type-product","3":"status-publish","4":"has-post-thumbnail","6":"product_cat-reparos-hidraulicos","8":"first","9":"outofstock","10":"shipping-taxable","11":"purchasable","12":"product-type-simple"},"_links":{"self":[{"href":"https:\/\/www.multicasa.com.br\/inicio\/wp-json\/wp\/v2\/product\/14378","targetHints":{"allow":["GET"]}}],"collection":[{"href":"https:\/\/www.multicasa.com.br\/inicio\/wp-json\/wp\/v2\/product"}],"about":[{"href":"https:\/\/www.multicasa.com.br\/inicio\/wp-json\/wp\/v2\/types\/product"}],"wp:featuredmedia":[{"embeddable":true,"href":"https:\/\/www.multicasa.com.br\/inicio\/wp-json\/wp\/v2\/media\/25012"}],"wp:attachment":[{"href":"https:\/\/www.multicasa.com.br\/inicio\/wp-json\/wp\/v2\/media?parent=14378"}],"wp:term":[{"taxonomy":"product_brand","embeddable":true,"href":"https:\/\/www.multicasa.com.br\/inicio\/wp-json\/wp\/v2\/product_brand?post=14378"},{"taxonomy":"product_cat","embeddable":true,"href":"https:\/\/www.multicasa.com.br\/inicio\/wp-json\/wp\/v2\/product_cat?post=14378"},{"taxonomy":"product_tag","embeddable":true,"href":"https:\/\/www.multicasa.com.br\/inicio\/wp-json\/wp\/v2\/product_tag?post=14378"}],"curies":[{"name":"wp","href":"https:\/\/api.w.org\/{rel}","templated":true}]}}