{"id":14380,"date":"2025-06-20T18:41:18","date_gmt":"2025-06-20T22:41:18","guid":{"rendered":"https:\/\/www.multicasa.com.br\/inicio\/?post_type=product&#038;p=14380"},"modified":"2025-12-23T08:20:08","modified_gmt":"2025-12-23T12:20:08","slug":"valvula-de-fechamento-engate-rapido-3-8-x-3-8-planeta-agua","status":"publish","type":"product","link":"https:\/\/www.multicasa.com.br\/inicio\/produto\/valvula-de-fechamento-engate-rapido-3-8-x-3-8-planeta-agua\/","title":{"rendered":"V\u00e1lvula de Fechamento Engate R\u00e1pido 3\/8&#8243; x 3\/8&#8243; Planeta \u00c1gua"},"content":{"rendered":"<p>A V\u00e1lvula de Fechamento com Engate R\u00e1pido da Planeta \u00c1gua tem seu corpo em poliacetal na cor branca. Para tubos de 3\/8&#8243; x 3\/8&#8243;, aplic\u00e1vel em \u00e1gua pot\u00e1vel.<\/p>\n","protected":false},"excerpt":{"rendered":"<h4 style=\"margin: 0px;padding: 0px 0px 16px;font-family: Lato, sans-serif;font-weight: bold;line-height: 3rem;color: var(--dark-grey3);font-size: 22px;font-style: normal;letter-spacing: normal;text-align: start;text-indent: 0px;text-transform: none\">Informa\u00e7\u00f5es t\u00e9cnicas<\/h4>\n<p><span style=\"margin: 0px;padding: 0px;font-weight: 450;font-size: 14px;line-height: 21px;color: var(--dark-grey2);font-family: Lato, sans-serif;font-style: normal;letter-spacing: normal;text-align: start;text-indent: 0px;text-transform: none\">Produto: V\u00e1lvula de Fechamento<br \/>\nMarca: Planeta \u00c1gua                                                                                                                                                    Modelo: CN012<br \/>\nMaterial: Corpo em Poliacetal (POM)<br \/>\nCor: Branco<br \/>\nCaracter\u00edsticas: Engate r\u00e1pido; Aplic\u00e1vel em \u00e1gua pot\u00e1vel; Para tubo 3\/8&#8243;; At\u00f3xico; Oring em EPDM (Certificado FDA); Press\u00e3ode opera\u00e7\u00e3o: 120 mca; Temperatura de opera\u00e7\u00e3o: 0 a 60 \u00b0C.<br \/>\nItens inclusos: 1 v\u00e1lvula de fechamento<br \/>\nDimens\u00f5es do produto (A x L x P): 3,65 x 6,05 x 2,35cm<br \/>\nPeso: 0,02kg                                                                                                                                                        Garantia: 90 dias<\/span><\/p>\n","protected":false},"featured_media":26208,"template":"","meta":{"_joinchat":[]},"product_brand":[],"product_cat":[74],"product_tag":[],"class_list":{"0":"post-14380","1":"product","2":"type-product","3":"status-publish","4":"has-post-thumbnail","6":"product_cat-reparos-hidraulicos","8":"first","9":"instock","10":"shipping-taxable","11":"purchasable","12":"product-type-simple"},"_links":{"self":[{"href":"https:\/\/www.multicasa.com.br\/inicio\/wp-json\/wp\/v2\/product\/14380","targetHints":{"allow":["GET"]}}],"collection":[{"href":"https:\/\/www.multicasa.com.br\/inicio\/wp-json\/wp\/v2\/product"}],"about":[{"href":"https:\/\/www.multicasa.com.br\/inicio\/wp-json\/wp\/v2\/types\/product"}],"wp:featuredmedia":[{"embeddable":true,"href":"https:\/\/www.multicasa.com.br\/inicio\/wp-json\/wp\/v2\/media\/26208"}],"wp:attachment":[{"href":"https:\/\/www.multicasa.com.br\/inicio\/wp-json\/wp\/v2\/media?parent=14380"}],"wp:term":[{"taxonomy":"product_brand","embeddable":true,"href":"https:\/\/www.multicasa.com.br\/inicio\/wp-json\/wp\/v2\/product_brand?post=14380"},{"taxonomy":"product_cat","embeddable":true,"href":"https:\/\/www.multicasa.com.br\/inicio\/wp-json\/wp\/v2\/product_cat?post=14380"},{"taxonomy":"product_tag","embeddable":true,"href":"https:\/\/www.multicasa.com.br\/inicio\/wp-json\/wp\/v2\/product_tag?post=14380"}],"curies":[{"name":"wp","href":"https:\/\/api.w.org\/{rel}","templated":true}]}}