{"id":14408,"date":"2025-06-20T18:41:40","date_gmt":"2025-06-20T22:41:40","guid":{"rendered":"https:\/\/www.multicasa.com.br\/inicio\/?post_type=product&#038;p=14408"},"modified":"2026-04-20T11:33:07","modified_gmt":"2026-04-20T15:33:07","slug":"tabua-de-passar-em-madeira-com-tomada-e-tecido-metalizado-utilaco","status":"publish","type":"product","link":"https:\/\/www.multicasa.com.br\/inicio\/produto\/tabua-de-passar-em-madeira-com-tomada-e-tecido-metalizado-utilaco\/","title":{"rendered":"T\u00e1bua de Passar em Madeira com Tomada e Tecido Metalizado Utila\u00e7o"},"content":{"rendered":"<p>A T\u00e1bua de Passar Roupa da Utila\u00e7o \u00e9 leve e pr\u00e1tica, ela vai te ajudar no seu dia a dia. Produzida totalmente em 100% madeira, com acabamento arredondado, possui suporte para o ferro, proporcionando mais seguran\u00e7a. Ela \u00e9 dobr\u00e1vel e tem regulagem de dois n\u00edveis de altura, possuindo uma tomada regularizada pelo inmetro, facilitando na hora de passar suas roupas. Tampo em tecido metalizado para facilitar o seu servi\u00e7o.<\/p>\n","protected":false},"excerpt":{"rendered":"<h4 style=\"margin: 0px;padding: 0px 0px 16px;font-family: Lato, sans-serif;font-weight: bold;line-height: 3rem;color: var(--dark-grey3);font-size: 22px;font-style: normal;letter-spacing: normal;text-align: start;text-indent: 0px;text-transform: none\">Informa\u00e7\u00f5es t\u00e9cnicas<\/h4>\n<p><span style=\"margin: 0px;padding: 0px;font-weight: 450;font-size: 14px;line-height: 21px;color: var(--dark-grey2);font-family: Lato, sans-serif;font-style: normal;letter-spacing: normal;text-align: start;text-indent: 0px;text-transform: none\">Produto: T\u00e1bua de Passar<br \/>\nMarca: Utila\u00e7o                                                                                                                                                        Modelo: UDM0420M<br \/>\nMaterial: Madeira<br \/>\nCor:<br \/>\nCaracter\u00edsticas: Tecido t\u00e9rmico; Leve e pr\u00e1tica; Com suporte para ferro; Dobr\u00e1vel; Regulagem de 2 n\u00edveis de altura; Com tomada.<br \/>\nItens Inclusos: 1 t\u00e1bua de passar<br \/>\nDimens\u00f5es do produto (A x L x P): 890 x 370 x 1075mm<br \/>\nPeso: 6,100kg<\/span><\/p>\n","protected":false},"featured_media":14460,"template":"","meta":{"_joinchat":[]},"product_brand":[],"product_cat":[95],"product_tag":[],"class_list":{"0":"post-14408","1":"product","2":"type-product","3":"status-publish","4":"has-post-thumbnail","6":"product_cat-lavanderia","8":"first","9":"instock","10":"shipping-taxable","11":"purchasable","12":"product-type-simple"},"_links":{"self":[{"href":"https:\/\/www.multicasa.com.br\/inicio\/wp-json\/wp\/v2\/product\/14408","targetHints":{"allow":["GET"]}}],"collection":[{"href":"https:\/\/www.multicasa.com.br\/inicio\/wp-json\/wp\/v2\/product"}],"about":[{"href":"https:\/\/www.multicasa.com.br\/inicio\/wp-json\/wp\/v2\/types\/product"}],"wp:featuredmedia":[{"embeddable":true,"href":"https:\/\/www.multicasa.com.br\/inicio\/wp-json\/wp\/v2\/media\/14460"}],"wp:attachment":[{"href":"https:\/\/www.multicasa.com.br\/inicio\/wp-json\/wp\/v2\/media?parent=14408"}],"wp:term":[{"taxonomy":"product_brand","embeddable":true,"href":"https:\/\/www.multicasa.com.br\/inicio\/wp-json\/wp\/v2\/product_brand?post=14408"},{"taxonomy":"product_cat","embeddable":true,"href":"https:\/\/www.multicasa.com.br\/inicio\/wp-json\/wp\/v2\/product_cat?post=14408"},{"taxonomy":"product_tag","embeddable":true,"href":"https:\/\/www.multicasa.com.br\/inicio\/wp-json\/wp\/v2\/product_tag?post=14408"}],"curies":[{"name":"wp","href":"https:\/\/api.w.org\/{rel}","templated":true}]}}