{"id":14410,"date":"2025-06-20T18:41:41","date_gmt":"2025-06-20T22:41:41","guid":{"rendered":"https:\/\/www.multicasa.com.br\/inicio\/?post_type=product&#038;p=14410"},"modified":"2025-11-10T15:44:42","modified_gmt":"2025-11-10T19:44:42","slug":"apoio-pe-nivelador-para-maquina-de-lavar-tanquinho-cinza-dasplast","status":"publish","type":"product","link":"https:\/\/www.multicasa.com.br\/inicio\/produto\/apoio-pe-nivelador-para-maquina-de-lavar-tanquinho-cinza-dasplast\/","title":{"rendered":"Apoio P\u00e9 Nivelador para M\u00e1quina de Lavar\/Tanquinho Cinza Dasplast"},"content":{"rendered":"<p>O Apoio P\u00e9 Nivelador para M\u00e1quina de Lavar\/Tanquinho Dasplast \u00e9 indicado para tornar a sua m\u00e1quina de lavar roupa mais est\u00e1vel e equilibrada. O kit cont\u00e9m 4 pe\u00e7as que s\u00e3o anti derrapante e anti vibra\u00e7\u00e3o, protegendo o piso contra riscos e os p\u00e9s dos m\u00f3veis contra umidade.<\/p>\n","protected":false},"excerpt":{"rendered":"<h4 style=\"margin: 0px;padding: 0px 0px 16px;font-family: Lato, sans-serif;font-weight: bold;line-height: 3rem;color: var(--dark-grey3);font-size: 22px;font-style: normal;letter-spacing: normal;text-align: start;text-indent: 0px;text-transform: none\">Informa\u00e7\u00f5es t\u00e9cnicas<\/h4>\n<p><span style=\"margin: 0px;padding: 0px;font-weight: 450;font-size: 14px;line-height: 21px;color: var(--dark-grey2);font-family: Lato, sans-serif;font-style: normal;letter-spacing: normal;text-align: start;text-indent: 0px;text-transform: none\">Produto: Apoio P\u00e9 Nivelador para M\u00e1quina de Lavar<br \/>\nMarca: Dasplast<br \/>\nMaterial: Pl\u00e1stico<br \/>\nCor: Cinza<br \/>\nCaracter\u00edsticas: Anti derrapante; Anti vibra\u00e7\u00e3o; Protege o piso contra riscos; Protege os p\u00e9s dos m\u00f3veis contra umidade<br \/>\nItens Inclusos: 4 apoios niveladores<br \/>\nDimens\u00f5es do Produto (A X L X P): 8 x 8 x 3,5cm<\/span><\/p>\n","protected":false},"featured_media":14464,"template":"","meta":{"_joinchat":[]},"product_brand":[],"product_cat":[95],"product_tag":[],"class_list":{"0":"post-14410","1":"product","2":"type-product","3":"status-publish","4":"has-post-thumbnail","6":"product_cat-lavanderia","8":"first","9":"outofstock","10":"shipping-taxable","11":"purchasable","12":"product-type-simple"},"_links":{"self":[{"href":"https:\/\/www.multicasa.com.br\/inicio\/wp-json\/wp\/v2\/product\/14410","targetHints":{"allow":["GET"]}}],"collection":[{"href":"https:\/\/www.multicasa.com.br\/inicio\/wp-json\/wp\/v2\/product"}],"about":[{"href":"https:\/\/www.multicasa.com.br\/inicio\/wp-json\/wp\/v2\/types\/product"}],"wp:featuredmedia":[{"embeddable":true,"href":"https:\/\/www.multicasa.com.br\/inicio\/wp-json\/wp\/v2\/media\/14464"}],"wp:attachment":[{"href":"https:\/\/www.multicasa.com.br\/inicio\/wp-json\/wp\/v2\/media?parent=14410"}],"wp:term":[{"taxonomy":"product_brand","embeddable":true,"href":"https:\/\/www.multicasa.com.br\/inicio\/wp-json\/wp\/v2\/product_brand?post=14410"},{"taxonomy":"product_cat","embeddable":true,"href":"https:\/\/www.multicasa.com.br\/inicio\/wp-json\/wp\/v2\/product_cat?post=14410"},{"taxonomy":"product_tag","embeddable":true,"href":"https:\/\/www.multicasa.com.br\/inicio\/wp-json\/wp\/v2\/product_tag?post=14410"}],"curies":[{"name":"wp","href":"https:\/\/api.w.org\/{rel}","templated":true}]}}