{"id":14446,"date":"2025-06-20T18:42:04","date_gmt":"2025-06-20T22:42:04","guid":{"rendered":"https:\/\/www.multicasa.com.br\/inicio\/?post_type=product&#038;p=14446"},"modified":"2025-10-31T10:42:58","modified_gmt":"2025-10-31T14:42:58","slug":"organizador-para-cabos-com-adesivo-preto-2-unidades-5-divisorias-aplik-ordene","status":"publish","type":"product","link":"https:\/\/www.multicasa.com.br\/inicio\/produto\/organizador-para-cabos-com-adesivo-preto-2-unidades-5-divisorias-aplik-ordene\/","title":{"rendered":"Organizador para Cabos com Adesivo Preto 2 Unidades 5 Divis\u00f3rias Aplik Ordene"},"content":{"rendered":"<p>O Organizador para Cabos da Ordene \u00e9 ideal para evitar o emaranhado dos fios. Possui adesivo, que permite f\u00e1cil fixa\u00e7\u00e3o do produto em superf\u00edcies lisas. Vem com 2 unidades no tamanho de 5 canais (5 divis\u00f3rias), na cor preta. Mant\u00e9m o ambiente de trabalho sempre organizado, o que facilita o seu dia a dia. Podem ser fixados em mesas, paredes ou at\u00e9 mesmo no computador.<\/p>\n","protected":false},"excerpt":{"rendered":"<h4 style=\"margin: 0px;padding: 0px 0px 16px;font-family: Lato, sans-serif;font-weight: bold;line-height: 3rem;color: var(--dark-grey3);font-size: 22px;font-style: normal;letter-spacing: normal;text-align: start;text-indent: 0px;text-transform: none\">Informa\u00e7\u00f5es t\u00e9cnicas<\/h4>\n<p><span style=\"margin: 0px;padding: 0px;font-weight: 450;font-size: 14px;line-height: 21px;color: var(--dark-grey2);font-family: Lato, sans-serif;font-style: normal;letter-spacing: normal;text-align: start;text-indent: 0px;text-transform: none\">Produto: Organizador para Cabos<br \/>\nMarca: Ordene                                                                                                                                                         Linha: Aplik<br \/>\nMaterial: Emborrachado<br \/>\nCor: Preto<br \/>\nCaracter\u00edsticas: Com adesivo; 5 Divis\u00f3rias; Capacidade: 500g por suporte; Permanente; Forte Fixa\u00e7\u00e3o; Dispensa ferramentas.<br \/>\nItens Inclusos: 2 Organizadores de cabos<br \/>\nDimens\u00f5es do produto (A X L): 2,8 x 6,6 x 1,1cm (cada)                                                                                                  Peso: 0,032kg<\/span><\/p>\n","protected":false},"featured_media":14499,"template":"","meta":{"_joinchat":[]},"product_brand":[],"product_cat":[98],"product_tag":[],"class_list":{"0":"post-14446","1":"product","2":"type-product","3":"status-publish","4":"has-post-thumbnail","6":"product_cat-organizadores","8":"first","9":"outofstock","10":"shipping-taxable","11":"purchasable","12":"product-type-simple"},"_links":{"self":[{"href":"https:\/\/www.multicasa.com.br\/inicio\/wp-json\/wp\/v2\/product\/14446","targetHints":{"allow":["GET"]}}],"collection":[{"href":"https:\/\/www.multicasa.com.br\/inicio\/wp-json\/wp\/v2\/product"}],"about":[{"href":"https:\/\/www.multicasa.com.br\/inicio\/wp-json\/wp\/v2\/types\/product"}],"wp:featuredmedia":[{"embeddable":true,"href":"https:\/\/www.multicasa.com.br\/inicio\/wp-json\/wp\/v2\/media\/14499"}],"wp:attachment":[{"href":"https:\/\/www.multicasa.com.br\/inicio\/wp-json\/wp\/v2\/media?parent=14446"}],"wp:term":[{"taxonomy":"product_brand","embeddable":true,"href":"https:\/\/www.multicasa.com.br\/inicio\/wp-json\/wp\/v2\/product_brand?post=14446"},{"taxonomy":"product_cat","embeddable":true,"href":"https:\/\/www.multicasa.com.br\/inicio\/wp-json\/wp\/v2\/product_cat?post=14446"},{"taxonomy":"product_tag","embeddable":true,"href":"https:\/\/www.multicasa.com.br\/inicio\/wp-json\/wp\/v2\/product_tag?post=14446"}],"curies":[{"name":"wp","href":"https:\/\/api.w.org\/{rel}","templated":true}]}}