{"id":14690,"date":"2025-06-20T18:45:07","date_gmt":"2025-06-20T22:45:07","guid":{"rendered":"https:\/\/www.multicasa.com.br\/inicio\/?post_type=product&#038;p=14690"},"modified":"2025-10-31T10:43:26","modified_gmt":"2025-10-31T14:43:26","slug":"capa-termica-aluminizada-para-tabua-de-passar-passe-magik-assessorlar-45cmx12m","status":"publish","type":"product","link":"https:\/\/www.multicasa.com.br\/inicio\/produto\/capa-termica-aluminizada-para-tabua-de-passar-passe-magik-assessorlar-45cmx12m\/","title":{"rendered":"Capa T\u00e9rmica Aluminizada para T\u00e1bua de Passar Passe Magik Assessorlar 45cmx1,2m"},"content":{"rendered":"<p>Feita de algod\u00e3o, a Capa para T\u00e1bua de Passar de Aluminzada Passe Magik da Assessorlar reflete o calor do ferro, evitando que a superf\u00edcie da sua t\u00e1bua e a do tecido amarelem. Com dimens\u00f5es de 45cm x 1,2 m, proporciona maior densidade, melhor deslize e maciez na hora de passar roupas. A Capa para T\u00e1bua de Passar Roupa deixa sua rotina em casa mais f\u00e1cil.<\/p>\n","protected":false},"excerpt":{"rendered":"<h4 style=\"margin: 0px;padding: 0px 0px 16px;font-family: Lato, sans-serif;font-weight: bold;line-height: 3rem;color: var(--dark-grey3);font-size: 22px;font-style: normal;letter-spacing: normal;text-align: start;text-indent: 0px;text-transform: none\">Informa\u00e7\u00f5es t\u00e9cnicas<\/h4>\n<p><span style=\"margin: 0px;padding: 0px;font-weight: 450;font-size: 14px;line-height: 21px;color: var(--dark-grey2);font-family: Lato, sans-serif;font-style: normal;letter-spacing: normal;text-align: start;text-indent: 0px;text-transform: none\">Produto: Capa T\u00e9rmica para t\u00e1bua<br \/>\nMarca: Assessorlar<br \/>\nMaterial: Algod\u00e3o<br \/>\nCor: Cinza<br \/>\nCaracter\u00edsticas: Reflete o calor do ferro<br \/>\nForro aluminizado<br \/>\nItens Inclusos: 1 capa t\u00e9rmica para t\u00e1bua<br \/>\nDimens\u00f5es do produto (L X P): 1,2m x 45cm<br \/>\n<\/span><\/p>\n","protected":false},"featured_media":14739,"template":"","meta":{"_joinchat":[]},"product_brand":[],"product_cat":[153],"product_tag":[],"class_list":{"0":"post-14690","1":"product","2":"type-product","3":"status-publish","4":"has-post-thumbnail","6":"product_cat-eletronica-e-cia","8":"first","9":"instock","10":"shipping-taxable","11":"purchasable","12":"product-type-simple"},"_links":{"self":[{"href":"https:\/\/www.multicasa.com.br\/inicio\/wp-json\/wp\/v2\/product\/14690","targetHints":{"allow":["GET"]}}],"collection":[{"href":"https:\/\/www.multicasa.com.br\/inicio\/wp-json\/wp\/v2\/product"}],"about":[{"href":"https:\/\/www.multicasa.com.br\/inicio\/wp-json\/wp\/v2\/types\/product"}],"wp:featuredmedia":[{"embeddable":true,"href":"https:\/\/www.multicasa.com.br\/inicio\/wp-json\/wp\/v2\/media\/14739"}],"wp:attachment":[{"href":"https:\/\/www.multicasa.com.br\/inicio\/wp-json\/wp\/v2\/media?parent=14690"}],"wp:term":[{"taxonomy":"product_brand","embeddable":true,"href":"https:\/\/www.multicasa.com.br\/inicio\/wp-json\/wp\/v2\/product_brand?post=14690"},{"taxonomy":"product_cat","embeddable":true,"href":"https:\/\/www.multicasa.com.br\/inicio\/wp-json\/wp\/v2\/product_cat?post=14690"},{"taxonomy":"product_tag","embeddable":true,"href":"https:\/\/www.multicasa.com.br\/inicio\/wp-json\/wp\/v2\/product_tag?post=14690"}],"curies":[{"name":"wp","href":"https:\/\/api.w.org\/{rel}","templated":true}]}}