{"id":14752,"date":"2025-06-20T18:45:57","date_gmt":"2025-06-20T22:45:57","guid":{"rendered":"https:\/\/www.multicasa.com.br\/inicio\/?post_type=product&#038;p=14752"},"modified":"2025-10-31T10:43:47","modified_gmt":"2025-10-31T14:43:47","slug":"kit-evita-mofo-sanol-4-unidades-100g","status":"publish","type":"product","link":"https:\/\/www.multicasa.com.br\/inicio\/produto\/kit-evita-mofo-sanol-4-unidades-100g\/","title":{"rendered":"Kit Evita Mofo Sanol 4 unidades 100g"},"content":{"rendered":"<p>O Kit Evita Mofo Sanol Sec Leve 4 unidades e Pague 3 com 100 gramas cada. \u00c9 um produto que absorve a umidade local, evitando o mofo, o bolor, os fungos e os maus odores causados pelo excesso de umidade. Indicado para arm\u00e1rios, guarda-roupas, gabinetes de pia, gavetas, etc.<\/p>\n","protected":false},"excerpt":{"rendered":"<h4 style=\"margin: 0px;padding: 0px 0px 16px;font-family: Lato, sans-serif;font-weight: bold;line-height: 3rem;color: var(--dark-grey3);font-size: 22px;font-style: normal;letter-spacing: normal;text-align: start;text-indent: 0px;text-transform: none\">Informa\u00e7\u00f5es t\u00e9cnicas<\/h4>\n<p><span style=\"margin: 0px;padding: 0px;font-weight: 450;font-size: 14px;line-height: 21px;color: var(--dark-grey2);font-family: Lato, sans-serif;font-style: normal;letter-spacing: normal;text-align: start;text-indent: 0px;text-transform: none\">Produto: Evita Mofo<br \/>\nMarca: Sanol<br \/>\nConte\u00fado: 4 evita mofo de 100g cada<br \/>\nCaracter\u00edsticas: Fragr\u00e2ncias : 1 baby, 1 neutro e 2 lavanda<br \/>\nItens Inclusos: 4 unidades de evita mofo<br \/>\nDimens\u00f5es do produto (A x L x P): 230 x 65 x 260mm<br \/>\nPeso: 0,542kg<\/span><\/p>\n","protected":false},"featured_media":25358,"template":"","meta":{"_joinchat":[]},"product_brand":[],"product_cat":[96],"product_tag":[],"class_list":{"0":"post-14752","1":"product","2":"type-product","3":"status-publish","4":"has-post-thumbnail","6":"product_cat-limpeza-e-cia","8":"first","9":"outofstock","10":"shipping-taxable","11":"purchasable","12":"product-type-simple"},"_links":{"self":[{"href":"https:\/\/www.multicasa.com.br\/inicio\/wp-json\/wp\/v2\/product\/14752","targetHints":{"allow":["GET"]}}],"collection":[{"href":"https:\/\/www.multicasa.com.br\/inicio\/wp-json\/wp\/v2\/product"}],"about":[{"href":"https:\/\/www.multicasa.com.br\/inicio\/wp-json\/wp\/v2\/types\/product"}],"wp:featuredmedia":[{"embeddable":true,"href":"https:\/\/www.multicasa.com.br\/inicio\/wp-json\/wp\/v2\/media\/25358"}],"wp:attachment":[{"href":"https:\/\/www.multicasa.com.br\/inicio\/wp-json\/wp\/v2\/media?parent=14752"}],"wp:term":[{"taxonomy":"product_brand","embeddable":true,"href":"https:\/\/www.multicasa.com.br\/inicio\/wp-json\/wp\/v2\/product_brand?post=14752"},{"taxonomy":"product_cat","embeddable":true,"href":"https:\/\/www.multicasa.com.br\/inicio\/wp-json\/wp\/v2\/product_cat?post=14752"},{"taxonomy":"product_tag","embeddable":true,"href":"https:\/\/www.multicasa.com.br\/inicio\/wp-json\/wp\/v2\/product_tag?post=14752"}],"curies":[{"name":"wp","href":"https:\/\/api.w.org\/{rel}","templated":true}]}}