{"id":15011,"date":"2025-06-20T18:50:05","date_gmt":"2025-06-20T22:50:05","guid":{"rendered":"https:\/\/www.multicasa.com.br\/inicio\/?post_type=product&#038;p=15011"},"modified":"2026-03-09T10:24:19","modified_gmt":"2026-03-09T14:24:19","slug":"repelente-eletronico-on-eletronicos-branco","status":"publish","type":"product","link":"https:\/\/www.multicasa.com.br\/inicio\/produto\/repelente-eletronico-on-eletronicos-branco\/","title":{"rendered":"Repelente Eletr\u00f4nico ON Eletr\u00f4nicos Branco"},"content":{"rendered":"<p>O Zen Repelente Eletr\u00f4nico da ON Eletr\u00f4nicos Branco \u00e9 capaz de repelir pernilongos, ratos e morcegos sem o uso de produtos qu\u00edmicos, utilizando apenas um potente ultrassom que os incomoda e no caso espec\u00edfico do morcego altera tamb\u00e9m seu senso de dire\u00e7\u00e3o. O ultrassom utilizado no repelente \u00e9 impercept\u00edvel a audi\u00e7\u00e3o humana. Inofensivo a sua fam\u00edlia, animais de estima\u00e7\u00e3o e meio ambiente.<\/p>\n","protected":false},"excerpt":{"rendered":"<h4 style=\"margin: 0px;padding: 0px 0px 16px;font-family: Lato, sans-serif;font-weight: bold;line-height: 3rem;color: var(--dark-grey3);font-size: 22px;font-style: normal;letter-spacing: normal;text-align: start;text-indent: 0px;text-transform: none\">Informa\u00e7\u00f5es t\u00e9cnicas<\/h4>\n<p><span style=\"margin: 0px;padding: 0px;font-weight: 450;font-size: 14px;line-height: 21px;color: var(--dark-grey2);font-family: Lato, sans-serif;font-style: normal;letter-spacing: normal;text-align: start;text-indent: 0px;text-transform: none\">Produto: Repelente Eletr\u00f4nico<br \/>\nMarca: ON Eletr\u00f4nicos<br \/>\nCor: Branco<br \/>\nTens\u00e3o El\u00e9trica: Bivolt<br \/>\nCaracter\u00edsticas: Repele pernilongos, ratos e morcegos, sem uso de produtos qu\u00edmicos, impercept\u00edvel a audi\u00e7\u00e3o humana.<br \/>\nItens Inclusos: 1 Repelente Eletr\u00f4nico<br \/>\nDimens\u00f5es do produto (A x L x C): 8 x 6 x 6cm<br \/>\nPeso: 0,055kg<\/span><\/p>\n","protected":false},"featured_media":25927,"template":"","meta":{"_joinchat":[]},"product_brand":[],"product_cat":[132],"product_tag":[],"class_list":{"0":"post-15011","1":"product","2":"type-product","3":"status-publish","4":"has-post-thumbnail","6":"product_cat-inseticidas","8":"first","9":"instock","10":"shipping-taxable","11":"purchasable","12":"product-type-simple"},"_links":{"self":[{"href":"https:\/\/www.multicasa.com.br\/inicio\/wp-json\/wp\/v2\/product\/15011","targetHints":{"allow":["GET"]}}],"collection":[{"href":"https:\/\/www.multicasa.com.br\/inicio\/wp-json\/wp\/v2\/product"}],"about":[{"href":"https:\/\/www.multicasa.com.br\/inicio\/wp-json\/wp\/v2\/types\/product"}],"wp:featuredmedia":[{"embeddable":true,"href":"https:\/\/www.multicasa.com.br\/inicio\/wp-json\/wp\/v2\/media\/25927"}],"wp:attachment":[{"href":"https:\/\/www.multicasa.com.br\/inicio\/wp-json\/wp\/v2\/media?parent=15011"}],"wp:term":[{"taxonomy":"product_brand","embeddable":true,"href":"https:\/\/www.multicasa.com.br\/inicio\/wp-json\/wp\/v2\/product_brand?post=15011"},{"taxonomy":"product_cat","embeddable":true,"href":"https:\/\/www.multicasa.com.br\/inicio\/wp-json\/wp\/v2\/product_cat?post=15011"},{"taxonomy":"product_tag","embeddable":true,"href":"https:\/\/www.multicasa.com.br\/inicio\/wp-json\/wp\/v2\/product_tag?post=15011"}],"curies":[{"name":"wp","href":"https:\/\/api.w.org\/{rel}","templated":true}]}}