{"id":15012,"date":"2025-06-20T18:50:05","date_gmt":"2025-06-20T22:50:05","guid":{"rendered":"https:\/\/www.multicasa.com.br\/inicio\/?post_type=product&#038;p=15012"},"modified":"2025-10-31T10:47:21","modified_gmt":"2025-10-31T14:47:21","slug":"cabide-de-plastico-para-roupa-luninha-cinquetti","status":"publish","type":"product","link":"https:\/\/www.multicasa.com.br\/inicio\/produto\/cabide-de-plastico-para-roupa-luninha-cinquetti\/","title":{"rendered":"Cabide de Pl\u00e1stico para Roupa Luninha Cinquetti"},"content":{"rendered":"<p>O Cabide de Pl\u00e1stico para Roupas Luninha Cinquetti \u00e9 feito em pl\u00e1stico preto resistente e dur\u00e1vel, ideal para camisetas, casacos leves e vestidos com al\u00e7a. Proporciona melhor aproveitamento do espa\u00e7o no guarda-roupa e te ajuda manter suas roupas sempre alinhadas. Perfeito para organizar seu guarda-roupa.<\/p>\n","protected":false},"excerpt":{"rendered":"<h4 style=\"margin: 0px;padding: 0px 0px 16px;font-family: Lato, sans-serif;font-weight: bold;line-height: 3rem;color: var(--dark-grey3);font-size: 22px;font-style: normal;letter-spacing: normal;text-align: start;text-indent: 0px;text-transform: none\">Informa\u00e7\u00f5es t\u00e9cnicas<\/h4>\n<p><span style=\"margin: 0px;padding: 0px;font-weight: 450;font-size: 14px;line-height: 21px;color: var(--dark-grey2);font-family: Lato, sans-serif;font-style: normal;letter-spacing: normal;text-align: start;text-indent: 0px;text-transform: none\">Produto: Cabide para Roupas<br \/>\nMarca: Cinquetti<br \/>\nMaterial: Pl\u00e1stico<br \/>\nCor: Preto<br \/>\nItens Inclusos: 1 Cabide para roupas<br \/>\nDimens\u00f5es do produto (L): 42,5cm<\/span><\/p>\n","protected":false},"featured_media":15060,"template":"","meta":{"_joinchat":[]},"product_brand":[],"product_cat":[95],"product_tag":[],"class_list":{"0":"post-15012","1":"product","2":"type-product","3":"status-publish","4":"has-post-thumbnail","6":"product_cat-lavanderia","8":"first","9":"instock","10":"shipping-taxable","11":"purchasable","12":"product-type-simple"},"_links":{"self":[{"href":"https:\/\/www.multicasa.com.br\/inicio\/wp-json\/wp\/v2\/product\/15012","targetHints":{"allow":["GET"]}}],"collection":[{"href":"https:\/\/www.multicasa.com.br\/inicio\/wp-json\/wp\/v2\/product"}],"about":[{"href":"https:\/\/www.multicasa.com.br\/inicio\/wp-json\/wp\/v2\/types\/product"}],"wp:featuredmedia":[{"embeddable":true,"href":"https:\/\/www.multicasa.com.br\/inicio\/wp-json\/wp\/v2\/media\/15060"}],"wp:attachment":[{"href":"https:\/\/www.multicasa.com.br\/inicio\/wp-json\/wp\/v2\/media?parent=15012"}],"wp:term":[{"taxonomy":"product_brand","embeddable":true,"href":"https:\/\/www.multicasa.com.br\/inicio\/wp-json\/wp\/v2\/product_brand?post=15012"},{"taxonomy":"product_cat","embeddable":true,"href":"https:\/\/www.multicasa.com.br\/inicio\/wp-json\/wp\/v2\/product_cat?post=15012"},{"taxonomy":"product_tag","embeddable":true,"href":"https:\/\/www.multicasa.com.br\/inicio\/wp-json\/wp\/v2\/product_tag?post=15012"}],"curies":[{"name":"wp","href":"https:\/\/api.w.org\/{rel}","templated":true}]}}