{"id":15013,"date":"2025-06-20T18:50:05","date_gmt":"2025-06-20T22:50:05","guid":{"rendered":"https:\/\/www.multicasa.com.br\/inicio\/?post_type=product&#038;p=15013"},"modified":"2025-10-31T10:47:24","modified_gmt":"2025-10-31T14:47:24","slug":"cabide-de-plastico-transparente-para-roupas-luninha-cinquetti","status":"publish","type":"product","link":"https:\/\/www.multicasa.com.br\/inicio\/produto\/cabide-de-plastico-transparente-para-roupas-luninha-cinquetti\/","title":{"rendered":"Cabide de Pl\u00e1stico Transparente para Roupas Luninha Cinquetti"},"content":{"rendered":"<p>O Cabide de Pl\u00e1stico para Roupas modelo Luninha Cinquetti \u00e9 ideal para pendurar e organizar diversos tipos de roupas. Pr\u00e1tico e leve, \u00e9 curvo na parte de cima com bom espa\u00e7o interno para que outras pe\u00e7as sejam penduradas. Possui engates laterais para que al\u00e7as n\u00e3o escorreguem. Transparente, mede 42,5 x 18,5 x 0,9 cm.<\/p>\n","protected":false},"excerpt":{"rendered":"<h4 style=\"margin: 0px;padding: 0px 0px 16px;font-family: Lato, sans-serif;font-weight: bold;line-height: 3rem;color: var(--dark-grey3);font-size: 22px;font-style: normal;letter-spacing: normal;text-align: start;text-indent: 0px;text-transform: none\">Informa\u00e7\u00f5es t\u00e9cnicas<\/h4>\n<p><span style=\"margin: 0px;padding: 0px;font-weight: 450;font-size: 14px;line-height: 21px;color: var(--dark-grey2);font-family: Lato, sans-serif;font-style: normal;letter-spacing: normal;text-align: start;text-indent: 0px;text-transform: none\">Produto: Cabide para Roupas<br \/>\nMarca: Cinquentti<br \/>\nMaterial: Pl\u00e1stico<br \/>\nCor: Transparente<br \/>\nCaracter\u00edsticas: Curvo na parte superior<br \/>\nEspa\u00e7o interno<br \/>\nEngate para al\u00e7as<br \/>\nItens Inclusos: 1 Cabide para roupas<br \/>\nDimens\u00f5es do produto (A X L): 18,5 x 42,5cm<\/span><\/p>\n","protected":false},"featured_media":15061,"template":"","meta":{"_joinchat":[]},"product_brand":[],"product_cat":[95],"product_tag":[],"class_list":{"0":"post-15013","1":"product","2":"type-product","3":"status-publish","4":"has-post-thumbnail","6":"product_cat-lavanderia","8":"first","9":"instock","10":"shipping-taxable","11":"purchasable","12":"product-type-simple"},"_links":{"self":[{"href":"https:\/\/www.multicasa.com.br\/inicio\/wp-json\/wp\/v2\/product\/15013","targetHints":{"allow":["GET"]}}],"collection":[{"href":"https:\/\/www.multicasa.com.br\/inicio\/wp-json\/wp\/v2\/product"}],"about":[{"href":"https:\/\/www.multicasa.com.br\/inicio\/wp-json\/wp\/v2\/types\/product"}],"wp:featuredmedia":[{"embeddable":true,"href":"https:\/\/www.multicasa.com.br\/inicio\/wp-json\/wp\/v2\/media\/15061"}],"wp:attachment":[{"href":"https:\/\/www.multicasa.com.br\/inicio\/wp-json\/wp\/v2\/media?parent=15013"}],"wp:term":[{"taxonomy":"product_brand","embeddable":true,"href":"https:\/\/www.multicasa.com.br\/inicio\/wp-json\/wp\/v2\/product_brand?post=15013"},{"taxonomy":"product_cat","embeddable":true,"href":"https:\/\/www.multicasa.com.br\/inicio\/wp-json\/wp\/v2\/product_cat?post=15013"},{"taxonomy":"product_tag","embeddable":true,"href":"https:\/\/www.multicasa.com.br\/inicio\/wp-json\/wp\/v2\/product_tag?post=15013"}],"curies":[{"name":"wp","href":"https:\/\/api.w.org\/{rel}","templated":true}]}}