{"id":15035,"date":"2025-06-20T18:50:27","date_gmt":"2025-06-20T22:50:27","guid":{"rendered":"https:\/\/www.multicasa.com.br\/inicio\/?post_type=product&#038;p=15035"},"modified":"2026-03-18T09:51:02","modified_gmt":"2026-03-18T13:51:02","slug":"caixa-organizadora-para-sapatos-dry-closet-ordene-19-x-31-cm","status":"publish","type":"product","link":"https:\/\/www.multicasa.com.br\/inicio\/produto\/caixa-organizadora-para-sapatos-dry-closet-ordene-19-x-31-cm\/","title":{"rendered":"Caixa Organizadora para Sapatos Dry Closet Ordene 19 x 31 cm"},"content":{"rendered":"<p>Use a Caixa Organizadora para Sapatos da linha Dry Closet para acabar com o problema deixar seus sapatos espalhados por a\u00ed. Esta caixa de pl\u00e1stico para sapatos foi pensada para guardar os seus saltos altos, \u00e9 incolor, o que facilita a identifica\u00e7\u00e3o do conte\u00fado e possui um sistema de ventila\u00e7\u00e3o muito inteligente que mant\u00e9m seus sapatos sempre arejados. Incolor, mede 19 x 31 x 10cm e pode facilmente ser empilhada e vai deixar sua sapateira, arm\u00e1rio ou closet sempre em ordem.<\/p>\n","protected":false},"excerpt":{"rendered":"<h4 style=\"margin: 0px;padding: 0px 0px 16px;font-family: Lato, sans-serif;font-weight: bold;line-height: 3rem;color: var(--dark-grey3);font-size: 22px;font-style: normal;letter-spacing: normal;text-align: start;text-indent: 0px;text-transform: none\">Informa\u00e7\u00f5es t\u00e9cnicas<\/h4>\n<p><span style=\"margin: 0px;padding: 0px;font-weight: 450;font-size: 14px;line-height: 21px;color: var(--dark-grey2);font-family: Lato, sans-serif;font-style: normal;letter-spacing: normal;text-align: start;text-indent: 0px;text-transform: none\">Produto: Caixa Organizadora para Sapatos<br \/>\nMarca: Ordene<br \/>\nMaterial: Pl\u00e1stico<br \/>\nCaracter\u00edsticas: Possui tampa;<br \/>\nPossui sistema de ventila\u00e7\u00e3o;<br \/>\nempilh\u00e1vel.<br \/>\nItens Inclusos: 1 caixa organizadora para sapatos<br \/>\nDimens\u00f5es do produto (A x L x P): 19 x 31 x 10cm<br \/>\n<\/span><\/p>\n","protected":false},"featured_media":15085,"template":"","meta":{"_joinchat":[]},"product_brand":[],"product_cat":[136],"product_tag":[],"class_list":{"0":"post-15035","1":"product","2":"type-product","3":"status-publish","4":"has-post-thumbnail","6":"product_cat-lazer","8":"first","9":"outofstock","10":"shipping-taxable","11":"purchasable","12":"product-type-simple"},"_links":{"self":[{"href":"https:\/\/www.multicasa.com.br\/inicio\/wp-json\/wp\/v2\/product\/15035","targetHints":{"allow":["GET"]}}],"collection":[{"href":"https:\/\/www.multicasa.com.br\/inicio\/wp-json\/wp\/v2\/product"}],"about":[{"href":"https:\/\/www.multicasa.com.br\/inicio\/wp-json\/wp\/v2\/types\/product"}],"wp:featuredmedia":[{"embeddable":true,"href":"https:\/\/www.multicasa.com.br\/inicio\/wp-json\/wp\/v2\/media\/15085"}],"wp:attachment":[{"href":"https:\/\/www.multicasa.com.br\/inicio\/wp-json\/wp\/v2\/media?parent=15035"}],"wp:term":[{"taxonomy":"product_brand","embeddable":true,"href":"https:\/\/www.multicasa.com.br\/inicio\/wp-json\/wp\/v2\/product_brand?post=15035"},{"taxonomy":"product_cat","embeddable":true,"href":"https:\/\/www.multicasa.com.br\/inicio\/wp-json\/wp\/v2\/product_cat?post=15035"},{"taxonomy":"product_tag","embeddable":true,"href":"https:\/\/www.multicasa.com.br\/inicio\/wp-json\/wp\/v2\/product_tag?post=15035"}],"curies":[{"name":"wp","href":"https:\/\/api.w.org\/{rel}","templated":true}]}}