{"id":15068,"date":"2025-06-20T18:50:52","date_gmt":"2025-06-20T22:50:52","guid":{"rendered":"https:\/\/www.multicasa.com.br\/inicio\/?post_type=product&#038;p=15068"},"modified":"2026-04-17T10:30:15","modified_gmt":"2026-04-17T14:30:15","slug":"forro-termico-para-tabua-de-passar-assessorlar-60cmx150m","status":"publish","type":"product","link":"https:\/\/www.multicasa.com.br\/inicio\/produto\/forro-termico-para-tabua-de-passar-assessorlar-60cmx150m\/","title":{"rendered":"Forro T\u00e9rmico Para T\u00e1bua de Passar Assessorlar 60cmx1,50m"},"content":{"rendered":"<p>O Forro T\u00e9rmico Para T\u00e1bua de Passar Assessorlar \u00e9 produzido em algod\u00e3o e poli\u00e9ster perfurado, sendo indicado para colocar em sua t\u00e1bua de passar. Ideal para desamarrotar suas pe\u00e7as de forma f\u00e1cil, refletindo o calor do ferro, prevenindo que queime a superf\u00edcie da t\u00e1bua e do tecido. Com aproximadamente 1,50m X 60cm, proporciona um deslize suave do seu ferro, economizando tempo e energia.<\/p>\n","protected":false},"excerpt":{"rendered":"<h4 style=\"margin: 0px;padding: 0px 0px 16px;font-family: Lato, sans-serif;font-weight: bold;line-height: 3rem;color: var(--dark-grey3);font-size: 22px;font-style: normal;letter-spacing: normal;text-align: start;text-indent: 0px;text-transform: none\">Informa\u00e7\u00f5es t\u00e9cnicas<\/h4>\n<p><span style=\"margin: 0px;padding: 0px;font-weight: 450;font-size: 14px;line-height: 21px;color: var(--dark-grey2);font-family: Lato, sans-serif;font-style: normal;letter-spacing: normal;text-align: start;text-indent: 0px;text-transform: none\">Produto: Forro t\u00e9rmico<br \/>\nMarca: Assessorlar<br \/>\nMaterial: Algod\u00e3o<br \/>\nPoli\u00e9ster<br \/>\nCor: Cinza e rosa<br \/>\nUso indicado: Colocar em sua t\u00e1bua de passar, f\u00e1cilitando para desamarrotar as pe\u00e7as<br \/>\nCaracter\u00edsticas: Reflete o calor do ferro<br \/>\nFuradinho<br \/>\nItens Inclusos: 1 forro t\u00e9rmico<br \/>\nDimens\u00f5es do produto (L X P): 60cm x 1,50m<\/span><\/p>\n","protected":false},"featured_media":25238,"template":"","meta":{"_joinchat":[]},"product_brand":[],"product_cat":[96],"product_tag":[],"class_list":{"0":"post-15068","1":"product","2":"type-product","3":"status-publish","4":"has-post-thumbnail","6":"product_cat-limpeza-e-cia","8":"first","9":"instock","10":"shipping-taxable","11":"purchasable","12":"product-type-simple"},"_links":{"self":[{"href":"https:\/\/www.multicasa.com.br\/inicio\/wp-json\/wp\/v2\/product\/15068","targetHints":{"allow":["GET"]}}],"collection":[{"href":"https:\/\/www.multicasa.com.br\/inicio\/wp-json\/wp\/v2\/product"}],"about":[{"href":"https:\/\/www.multicasa.com.br\/inicio\/wp-json\/wp\/v2\/types\/product"}],"wp:featuredmedia":[{"embeddable":true,"href":"https:\/\/www.multicasa.com.br\/inicio\/wp-json\/wp\/v2\/media\/25238"}],"wp:attachment":[{"href":"https:\/\/www.multicasa.com.br\/inicio\/wp-json\/wp\/v2\/media?parent=15068"}],"wp:term":[{"taxonomy":"product_brand","embeddable":true,"href":"https:\/\/www.multicasa.com.br\/inicio\/wp-json\/wp\/v2\/product_brand?post=15068"},{"taxonomy":"product_cat","embeddable":true,"href":"https:\/\/www.multicasa.com.br\/inicio\/wp-json\/wp\/v2\/product_cat?post=15068"},{"taxonomy":"product_tag","embeddable":true,"href":"https:\/\/www.multicasa.com.br\/inicio\/wp-json\/wp\/v2\/product_tag?post=15068"}],"curies":[{"name":"wp","href":"https:\/\/api.w.org\/{rel}","templated":true}]}}