{"id":15098,"date":"2025-06-20T18:51:16","date_gmt":"2025-06-20T22:51:16","guid":{"rendered":"https:\/\/www.multicasa.com.br\/inicio\/?post_type=product&#038;p=15098"},"modified":"2025-10-31T10:47:39","modified_gmt":"2025-10-31T14:47:39","slug":"cabo-de-audio-rca-estereo-2x2-tblack-2m","status":"publish","type":"product","link":"https:\/\/www.multicasa.com.br\/inicio\/produto\/cabo-de-audio-rca-estereo-2x2-tblack-2m\/","title":{"rendered":"Cabo de \u00c1udio RCA Est\u00e9reo 2&#215;2 TBlack 2m"},"content":{"rendered":"<p>O cabo de \u00e1udio RCA stereo 2&#215;2 TBlack \u00e9 ideal para utiliza\u00e7\u00e3o de \u00e1udio e v\u00eddeo, garantindo som e imagens de qualidade. Codificado por cores, facilita o reconhecimento da entrada e entrega resolu\u00e7\u00f5es de 11080p com cabo HDMI 4K. Mede 2 metros.<\/p>\n","protected":false},"excerpt":{"rendered":"<h4 style=\"margin: 0px;padding: 0px 0px 16px;font-family: Lato, sans-serif;font-weight: bold;line-height: 3rem;color: var(--dark-grey3);font-size: 22px;font-style: normal;letter-spacing: normal;text-align: start;text-indent: 0px;text-transform: none\">Informa\u00e7\u00f5es t\u00e9cnicas<\/h4>\n<p><span style=\"margin: 0px;padding: 0px;font-weight: 450;font-size: 14px;line-height: 21px;color: var(--dark-grey2);font-family: Lato, sans-serif;font-style: normal;letter-spacing: normal;text-align: start;text-indent: 0px;text-transform: none\">Produto: Cabo Adaptador<br \/>\nMarca: Tblack<br \/>\nMaterial: PVC<br \/>\nCobre<br \/>\nLat\u00e3o<br \/>\nN\u00edquel<br \/>\nCor: Preto e vermelho<br \/>\nCaracter\u00edsticas: Para utiliza\u00e7\u00e3o de \u00e1udio e v\u00eddeo<br \/>\nCabo 2&#215;2 RCA e \u00e1udio<br \/>\nItens inclusos: 1 Cabo Adaptador<br \/>\nDimens\u00f5es do produto (C): 2m<br \/>\n<\/span><\/p>\n","protected":false},"featured_media":15151,"template":"","meta":{"_joinchat":[]},"product_brand":[],"product_cat":[153],"product_tag":[],"class_list":{"0":"post-15098","1":"product","2":"type-product","3":"status-publish","4":"has-post-thumbnail","6":"product_cat-eletronica-e-cia","8":"first","9":"instock","10":"shipping-taxable","11":"purchasable","12":"product-type-simple"},"_links":{"self":[{"href":"https:\/\/www.multicasa.com.br\/inicio\/wp-json\/wp\/v2\/product\/15098","targetHints":{"allow":["GET"]}}],"collection":[{"href":"https:\/\/www.multicasa.com.br\/inicio\/wp-json\/wp\/v2\/product"}],"about":[{"href":"https:\/\/www.multicasa.com.br\/inicio\/wp-json\/wp\/v2\/types\/product"}],"wp:featuredmedia":[{"embeddable":true,"href":"https:\/\/www.multicasa.com.br\/inicio\/wp-json\/wp\/v2\/media\/15151"}],"wp:attachment":[{"href":"https:\/\/www.multicasa.com.br\/inicio\/wp-json\/wp\/v2\/media?parent=15098"}],"wp:term":[{"taxonomy":"product_brand","embeddable":true,"href":"https:\/\/www.multicasa.com.br\/inicio\/wp-json\/wp\/v2\/product_brand?post=15098"},{"taxonomy":"product_cat","embeddable":true,"href":"https:\/\/www.multicasa.com.br\/inicio\/wp-json\/wp\/v2\/product_cat?post=15098"},{"taxonomy":"product_tag","embeddable":true,"href":"https:\/\/www.multicasa.com.br\/inicio\/wp-json\/wp\/v2\/product_tag?post=15098"}],"curies":[{"name":"wp","href":"https:\/\/api.w.org\/{rel}","templated":true}]}}