{"id":15172,"date":"2025-06-20T18:52:36","date_gmt":"2025-06-20T22:52:36","guid":{"rendered":"https:\/\/www.multicasa.com.br\/inicio\/?post_type=product&#038;p=15172"},"modified":"2025-12-12T10:44:46","modified_gmt":"2025-12-12T14:44:46","slug":"cabide-de-acrilico-para-pendurar-cachecol-gravatas-8-divisorias-cinquetti","status":"publish","type":"product","link":"https:\/\/www.multicasa.com.br\/inicio\/produto\/cabide-de-acrilico-para-pendurar-cachecol-gravatas-8-divisorias-cinquetti\/","title":{"rendered":"Cabide de Acr\u00edlico para Pendurar Cachecol\/Gravatas 8 divis\u00f3rias Cinquetti"},"content":{"rendered":"<p>Use o Cabide de Acr\u00edlico para Pendurar Cachecol\/Gravatas da Cinquetti para organizar tamb\u00e9m len\u00e7os e echarpes sem ocupar muito espa\u00e7o em suas gavetas e arm\u00e1rios. Incolor, possui 8 divis\u00f3rias e mede 48 x 25 cm, permitindo que voc\u00ea organize diversas pe\u00e7as em um \u00fanico acess\u00f3rio. Seu material de acr\u00edlico \u00e9 f\u00e1cil de limpar e resistente.<\/p>\n","protected":false},"excerpt":{"rendered":"<h4 style=\"margin: 0px;padding: 0px 0px 16px;font-family: Lato, sans-serif;font-weight: bold;line-height: 3rem;color: var(--dark-grey3);font-size: 22px;font-style: normal;letter-spacing: normal;text-align: start;text-indent: 0px;text-transform: none\">Informa\u00e7\u00f5es t\u00e9cnicas<\/h4>\n<p><span style=\"margin: 0px;padding: 0px;font-weight: 450;font-size: 14px;line-height: 21px;color: var(--dark-grey2);font-family: Lato, sans-serif;font-style: normal;letter-spacing: normal;text-align: start;text-indent: 0px;text-transform: none\">Produto: Cabide para Cachecol\/Gravatas<br \/>\nMarca: Cinquentti<br \/>\nMaterial: Acr\u00edlico<br \/>\nCor: transparente<br \/>\nCaracter\u00edsticas: Possui 8 divis\u00f3rias<br \/>\nItens Inclusos: 1 Cabides de Cachecol\/Gravatas<br \/>\nDimens\u00f5es do produto (A X L ): 48 x 25cm<\/span><\/p>\n","protected":false},"featured_media":15223,"template":"","meta":{"_joinchat":[]},"product_brand":[],"product_cat":[95],"product_tag":[],"class_list":{"0":"post-15172","1":"product","2":"type-product","3":"status-publish","4":"has-post-thumbnail","6":"product_cat-lavanderia","8":"first","9":"instock","10":"shipping-taxable","11":"purchasable","12":"product-type-simple"},"_links":{"self":[{"href":"https:\/\/www.multicasa.com.br\/inicio\/wp-json\/wp\/v2\/product\/15172","targetHints":{"allow":["GET"]}}],"collection":[{"href":"https:\/\/www.multicasa.com.br\/inicio\/wp-json\/wp\/v2\/product"}],"about":[{"href":"https:\/\/www.multicasa.com.br\/inicio\/wp-json\/wp\/v2\/types\/product"}],"wp:featuredmedia":[{"embeddable":true,"href":"https:\/\/www.multicasa.com.br\/inicio\/wp-json\/wp\/v2\/media\/15223"}],"wp:attachment":[{"href":"https:\/\/www.multicasa.com.br\/inicio\/wp-json\/wp\/v2\/media?parent=15172"}],"wp:term":[{"taxonomy":"product_brand","embeddable":true,"href":"https:\/\/www.multicasa.com.br\/inicio\/wp-json\/wp\/v2\/product_brand?post=15172"},{"taxonomy":"product_cat","embeddable":true,"href":"https:\/\/www.multicasa.com.br\/inicio\/wp-json\/wp\/v2\/product_cat?post=15172"},{"taxonomy":"product_tag","embeddable":true,"href":"https:\/\/www.multicasa.com.br\/inicio\/wp-json\/wp\/v2\/product_tag?post=15172"}],"curies":[{"name":"wp","href":"https:\/\/api.w.org\/{rel}","templated":true}]}}